{"id":94916,"date":"2025-02-25T16:12:17","date_gmt":"2025-02-25T15:12:17","guid":{"rendered":"https:\/\/www.jobsqd.com\/job-squads-stipendium\/"},"modified":"2025-09-02T10:26:24","modified_gmt":"2025-09-02T08:26:24","slug":"job-squads-stipendium","status":"publish","type":"page","link":"https:\/\/www.jobsqd.com\/sv\/job-squads-stipendium\/","title":{"rendered":"Job Squad Stipendiet"},"content":{"rendered":"\t\t<div data-elementor-type=\"wp-page\" data-elementor-id=\"94916\" class=\"elementor elementor-94916 elementor-55457\" data-elementor-post-type=\"page\">\n\t\t\t\t<div class=\"elementor-element elementor-element-b8ad648 e-flex e-con-boxed e-con e-parent\" data-id=\"b8ad648\" data-element_type=\"container\" data-e-type=\"container\">\n\t\t\t\t\t<div class=\"e-con-inner\">\n\t\t\t\t<div class=\"elementor-element elementor-element-9845394 elementor-widget elementor-widget-image\" data-id=\"9845394\" data-element_type=\"widget\" data-e-type=\"widget\" data-widget_type=\"image.default\">\n\t\t\t\t\t\t\t\t\t\t\t\t\t\t\t<img fetchpriority=\"high\" decoding=\"async\" width=\"1024\" height=\"250\" src=\"https:\/\/www.jobsqd.com\/wp-content\/uploads\/2025\/02\/Job-Squad-Grant-img-1024x250.png\" class=\"attachment-large size-large wp-image-55620 img-fluid\" alt=\"Job Squads stipendium\" srcset=\"https:\/\/www.jobsqd.com\/wp-content\/uploads\/2025\/02\/Job-Squad-Grant-img-1024x250.png 1024w, https:\/\/www.jobsqd.com\/wp-content\/uploads\/2025\/02\/Job-Squad-Grant-img-300x73.png 300w, https:\/\/www.jobsqd.com\/wp-content\/uploads\/2025\/02\/Job-Squad-Grant-img-768x188.png 768w, https:\/\/www.jobsqd.com\/wp-content\/uploads\/2025\/02\/Job-Squad-Grant-img-1536x375.png 1536w, https:\/\/www.jobsqd.com\/wp-content\/uploads\/2025\/02\/Job-Squad-Grant-img-2048x501.png 2048w, https:\/\/www.jobsqd.com\/wp-content\/uploads\/2025\/02\/Job-Squad-Grant-img-1568x383.png 1568w\" sizes=\"(max-width: 1024px) 100vw, 1024px\" \/>\t\t\t\t\t\t\t\t\t\t\t\t\t\t\t<\/div>\n\t\t\t\t<div class=\"elementor-element elementor-element-bb7ddcd elementor-widget elementor-widget-title\" data-id=\"bb7ddcd\" data-element_type=\"widget\" data-e-type=\"widget\" data-widget_type=\"title.default\">\n\t\t\t\t<div class=\"elementor-widget-container\">\n\t\t\t\t\t<h1 class=\"control-heading-title\">Job Squad Stipendiet<\/h1>\t\t\t\t<\/div>\n\t\t\t\t<\/div>\n\t\t\t\t\t<\/div>\n\t\t\t\t<\/div>\n\t\t<div class=\"elementor-element elementor-element-1e03726 e-flex e-con-boxed e-con e-parent\" data-id=\"1e03726\" data-element_type=\"container\" data-e-type=\"container\">\n\t\t\t\t\t<div class=\"e-con-inner\">\n\t\t\t\t<div class=\"elementor-element elementor-element-e163f7f elementor-widget__width-initial elementor-widget elementor-widget-text-editor\" data-id=\"e163f7f\" data-element_type=\"widget\" data-e-type=\"widget\" data-widget_type=\"text-editor.default\">\n\t\t\t\t\t\t\t\t\t<p style=\"text-align: left;\">P\u00e5 Job Squad tror vi att internationell arbetslivserfarenhet \u00e4r en ov\u00e4rderlig del av b\u00e5de personlig och professionell utveckling. F\u00f6r att st\u00f6dja detta har vi inr\u00e4ttat Job Squad-stipendiet, som \u00e5rligen delas ut till en person som har tagit steget och b\u00f6rjat ett jobb utomlands. <\/p><p style=\"color: #2c2c2c; text-align: left;\">Job Squad \u00e4r ett globalt rekryteringsf\u00f6retag som hj\u00e4lper folk att hitta jobb utomlands. Vi har st\u00f6ttat tusentals individer att starta sina internationella \u00e4ventyr, och vi f\u00f6rst\u00e5r hur betydelsefullt det kan vara b\u00e5de karri\u00e4rm\u00e4ssigt och personligt <\/p><p style=\"color: #2c2c2c; text-align: left;\">Med detta stipendium vill vi ge tillbaka till dem som har valt att ta steget mot ett internationellt arbetsliv och karri\u00e4r.<\/p><h2 style=\"letter-spacing: normal; text-align: left;\">Stipendieinformation<\/h2><p style=\"text-align: left;\">Stipendiebelopp: 1000 \u20ac<\/p><p style=\"text-align: left;\">Stipendiet tilldelas: 1 december 2025 (01.12.2025)<\/p><p>Sista ans\u00f6kningsdag: 15 november 2025 (15.11.2025)<\/p><h3 style=\"letter-spacing: normal; text-align: left;\">Beh\u00f6righetskriterier<\/h3><p style=\"text-align: left;\">F\u00f6r att vara ber\u00e4ttigad till detta stipendium m\u00e5ste du uppfylla nedanst\u00e5ende villkor:<\/p><ul><li style=\"letter-spacing: normal; text-align: left;\">Du ska vara minst 18 \u00e5r.<\/li><li style=\"text-align: left;\">Du beh\u00f6ver vara EU-medborgare.<\/li><li style=\"text-align: left;\">Du beh\u00f6ver ha f\u00e5tt ett jobb utomlands och ha arbetat d\u00e4r i minst fyra m\u00e5nader.<\/li><li style=\"text-align: left;\">Du m\u00e5ste vara villig att dela din ber\u00e4ttelse med oss och andra online (p\u00e5 sociala medier och hemsidan).<\/li><\/ul><h2 style=\"letter-spacing: normal; text-align: left;\">Ans\u00f6kningsprocess<\/h2><p style=\"color: #2c2c2c; text-align: left;\">Ans\u00f6k genom att fylla i v\u00e5rt ans\u00f6kningsformul\u00e4r, som finns att <a href=\"https:\/\/www.jobsqd.com\/wp-content\/uploads\/2025\/02\/Job-Squad-Grant-application-form-1.pdf\">ladda ner h\u00e4r<\/a> eller via den bl\u00e5 knappen nedan<b>.<\/b><\/p><p style=\"color: #2c2c2c; text-align: left;\">Du beh\u00f6ver \u00e4ven skicka in en motivering f\u00f6r din ans\u00f6kan tillsammans med bevis p\u00e5 din anst\u00e4llning utomlands. Det g\u00e5r bra att l\u00e4gga till andra relevanta dokument som kan st\u00e4rka din ans\u00f6kan, men det \u00e4r inget m\u00e5ste. <\/p><p style=\"color: #2c2c2c; text-align: left;\">Skicka in din ans\u00f6kan och relevanta dokument till Linda via e-post: <span style=\"font-weight: bold;\">ljs@jobsqd.com<\/span><\/p><p style=\"color: #2c2c2c; text-align: left;\">Grattis till ditt mod och till jobbet utomlands! Vi ser fram emot att h\u00f6ra om din resa och \u00f6nskar dig stort lycka till. <\/p>\t\t\t\t\t\t\t\t<\/div>\n\t\t\t\t\t<\/div>\n\t\t\t\t<\/div>\n\t\t<div class=\"elementor-element elementor-element-94832b0 e-flex e-con-boxed e-con e-parent\" data-id=\"94832b0\" data-element_type=\"container\" data-e-type=\"container\">\n\t\t\t\t\t<div class=\"e-con-inner\">\n\t\t\t\t<div class=\"elementor-element elementor-element-a058f9d elementor-align-center elementor-widget elementor-widget-button\" data-id=\"a058f9d\" data-element_type=\"widget\" data-e-type=\"widget\" data-widget_type=\"button.default\">\n\t\t\t\t\t\t\t\t\t\t<a class=\"elementor-button elementor-button-link elementor-size-sm\" href=\"https:\/\/www.jobsqd.com\/wp-content\/uploads\/2025\/02\/Job-Squad-Grant-application-form-1.pdf\">\n\t\t\t\t\t\t<span class=\"elementor-button-content-wrapper\">\n\t\t\t\t\t\t\t\t\t<span class=\"elementor-button-text\">Klicka h\u00e4r f\u00f6r att ladda ner ans\u00f6kan i PDF-format<\/span>\n\t\t\t\t\t<\/span>\n\t\t\t\t\t<\/a>\n\t\t\t\t\t\t\t\t<\/div>\n\t\t\t\t\t<\/div>\n\t\t\t\t<\/div>\n\t\t\t\t<\/div>\n\t\t","protected":false},"excerpt":{"rendered":"<p>Job Squad Stipendiet P\u00e5 Job Squad tror vi att internationell arbetslivserfarenhet \u00e4r en ov\u00e4rderlig del av b\u00e5de personlig och professionell&#8230;<\/p>\n","protected":false},"author":56,"featured_media":55620,"parent":0,"menu_order":0,"comment_status":"closed","ping_status":"closed","template":"","meta":{"footnotes":""},"class_list":["post-94916","page","type-page","status-publish","has-post-thumbnail","hentry"],"_links":{"self":[{"href":"https:\/\/www.jobsqd.com\/sv\/wp-json\/wp\/v2\/pages\/94916","targetHints":{"allow":["GET"]}}],"collection":[{"href":"https:\/\/www.jobsqd.com\/sv\/wp-json\/wp\/v2\/pages"}],"about":[{"href":"https:\/\/www.jobsqd.com\/sv\/wp-json\/wp\/v2\/types\/page"}],"author":[{"embeddable":true,"href":"https:\/\/www.jobsqd.com\/sv\/wp-json\/wp\/v2\/users\/56"}],"replies":[{"embeddable":true,"href":"https:\/\/www.jobsqd.com\/sv\/wp-json\/wp\/v2\/comments?post=94916"}],"version-history":[{"count":3,"href":"https:\/\/www.jobsqd.com\/sv\/wp-json\/wp\/v2\/pages\/94916\/revisions"}],"predecessor-version":[{"id":99872,"href":"https:\/\/www.jobsqd.com\/sv\/wp-json\/wp\/v2\/pages\/94916\/revisions\/99872"}],"wp:featuredmedia":[{"embeddable":true,"href":"https:\/\/www.jobsqd.com\/sv\/wp-json\/wp\/v2\/media\/55620"}],"wp:attachment":[{"href":"https:\/\/www.jobsqd.com\/sv\/wp-json\/wp\/v2\/media?parent=94916"}],"curies":[{"name":"wp","href":"https:\/\/api.w.org\/{rel}","templated":true}]}}