{"id":52745,"date":"2023-07-11T10:27:15","date_gmt":"2023-07-11T08:27:15","guid":{"rendered":"https:\/\/www.jobsqd.com\/england-2\/"},"modified":"2025-10-01T11:39:19","modified_gmt":"2025-10-01T09:39:19","slug":"england-2","status":"publish","type":"page","link":"https:\/\/www.jobsqd.com\/sv\/england-2\/","title":{"rendered":"England"},"content":{"rendered":"\t\t<div data-elementor-type=\"wp-page\" data-elementor-id=\"52745\" class=\"elementor elementor-52745 elementor-9383\" data-elementor-post-type=\"page\">\n\t\t\t\t\t\t<section class=\"elementor-section elementor-top-section elementor-element elementor-element-7d87e31 hero-1 hero-5 elementor-section-boxed elementor-section-height-default elementor-section-height-default\" data-id=\"7d87e31\" data-element_type=\"section\" data-e-type=\"section\">\n\t\t\t\t\t\t<div class=\"elementor-container elementor-column-gap-no\">\n\t\t\t\t\t<div class=\"elementor-column elementor-col-100 elementor-top-column elementor-element elementor-element-32b42ed\" data-id=\"32b42ed\" data-element_type=\"column\" data-e-type=\"column\">\n\t\t\t<div class=\"elementor-widget-wrap elementor-element-populated\">\n\t\t\t\t\t\t<section class=\"elementor-section elementor-inner-section elementor-element elementor-element-5798523 elementor-section-full_width elementor-section-height-default elementor-section-height-default\" data-id=\"5798523\" data-element_type=\"section\" data-e-type=\"section\">\n\t\t\t\t\t\t<div class=\"elementor-container elementor-column-gap-no\">\n\t\t\t\t\t<div class=\"elementor-column elementor-col-50 elementor-inner-column elementor-element elementor-element-dfdfc57\" data-id=\"dfdfc57\" data-element_type=\"column\" data-e-type=\"column\">\n\t\t\t<div class=\"elementor-widget-wrap elementor-element-populated\">\n\t\t\t\t\t\t<div class=\"elementor-element elementor-element-d8158ca heading-banner elementor-widget elementor-widget-title\" data-id=\"d8158ca\" data-element_type=\"widget\" data-e-type=\"widget\" data-widget_type=\"title.default\">\n\t\t\t\t<div class=\"elementor-widget-container\">\n\t\t\t\t\t<h1 class=\"control-heading-title display-5 fw-bolder\">Flytta till England<\/h1>\t\t\t\t<\/div>\n\t\t\t\t<\/div>\n\t\t\t\t<div class=\"elementor-element elementor-element-766f2ee elementor-widget__width-initial banner-description mb-0 elementor-widget elementor-widget-text-editor\" data-id=\"766f2ee\" data-element_type=\"widget\" data-e-type=\"widget\" data-widget_type=\"text-editor.default\">\n\t\t\t\t\t\t\t\t\t<p>Om du hittade ett<b> jobberbjudande i England <\/b>och undrar hur du ska <b>flytta till England<\/b> eller hur livet \u00e4r d\u00e4r, s\u00e5 \u00e4r h\u00e4r det perfekta st\u00e4llet. England \u00e4r k\u00e4nt f\u00f6r m\u00e5nga saker, bland dem har vi deras kungafamilj som alltid ger v\u00e4rlden n\u00e5got att prata om, f\u00f6r deras byggnader som Big Beng, deras r\u00f6da dubbeld\u00e4ckare och deras vanligtvis molniga klimat. <\/p><p>Och just nu g\u00f6r allt om Brexit v\u00e4sen \u00f6ver media p\u00e5 grund av att alla m\u00e4nniskor som \u00e4r intresserade av ett <b>jobb i England<\/b> undrar om de beh\u00f6ver ett VISA eller inte, hur mycket tid de kan stanna osv. Vi kommer att l\u00f6sa de fr\u00e5gorna h\u00e4r borta. <\/p>\t\t\t\t\t\t\t\t<\/div>\n\t\t\t\t<div class=\"elementor-element elementor-element-1ab9b36 elementor-widget elementor-widget-text-editor\" data-id=\"1ab9b36\" data-element_type=\"widget\" data-e-type=\"widget\" data-widget_type=\"text-editor.default\">\n\t\t\t\t\t\t\t\t\t<div class=\"mt-40\">\n<div class=\"wow animate__ animate__fadeInUp animated\" style=\"visibility: visible; animation-name: fadeInUp;\"><a class=\"btn btn-default\" href=\"https:\/\/www.jobsqd.com\/sv\/hitta-ett-jobb-utomlands\/\">Se alla jobbinl\u00e4gg <\/a><a class=\"btn btn-link text-decoration-underline\" href=\"https:\/\/www.jobsqd.com\/sv\/jobba-utomlands-med-job-squad\/\">Om att arbeta utomlands<\/a><\/div>\n<\/div>\t\t\t\t\t\t\t\t<\/div>\n\t\t\t\t\t<\/div>\n\t\t<\/div>\n\t\t\t\t<div class=\"elementor-column elementor-col-50 elementor-inner-column elementor-element elementor-element-38fe06a\" data-id=\"38fe06a\" data-element_type=\"column\" data-e-type=\"column\">\n\t\t\t<div class=\"elementor-widget-wrap elementor-element-populated\">\n\t\t\t\t\t\t<div class=\"elementor-element elementor-element-1b6c347 elementor-widget elementor-widget-image\" data-id=\"1b6c347\" data-element_type=\"widget\" data-e-type=\"widget\" data-widget_type=\"image.default\">\n\t\t\t\t\t\t\t\t\t\t\t\t\t\t\t<img fetchpriority=\"high\" decoding=\"async\" width=\"850\" height=\"550\" src=\"https:\/\/www.jobsqd.com\/wp-content\/uploads\/2023\/07\/Slovakia.png\" class=\"attachment-large size-large wp-image-64705 img-fluid\" alt=\"\" srcset=\"https:\/\/www.jobsqd.com\/wp-content\/uploads\/2023\/07\/Slovakia.png 850w, https:\/\/www.jobsqd.com\/wp-content\/uploads\/2023\/07\/Slovakia-300x194.png 300w, https:\/\/www.jobsqd.com\/wp-content\/uploads\/2023\/07\/Slovakia-768x497.png 768w\" sizes=\"(max-width: 850px) 100vw, 850px\">\t\t\t\t\t\t\t\t\t\t\t\t\t\t\t<\/div>\n\t\t\t\t\t<\/div>\n\t\t<\/div>\n\t\t\t\t\t<\/div>\n\t\t<\/section>\n\t\t\t\t<section class=\"elementor-section elementor-inner-section elementor-element elementor-element-bf4b5d3 elementor-section-full_width elementor-section-height-default elementor-section-height-default\" data-id=\"bf4b5d3\" data-element_type=\"section\" data-e-type=\"section\">\n\t\t\t\t\t\t<div class=\"elementor-container elementor-column-gap-no\">\n\t\t\t\t\t<div class=\"elementor-column elementor-col-33 elementor-inner-column elementor-element elementor-element-6036e38\" data-id=\"6036e38\" data-element_type=\"column\" data-e-type=\"column\">\n\t\t\t<div class=\"elementor-widget-wrap\">\n\t\t\t\t\t\t\t<\/div>\n\t\t<\/div>\n\t\t\t\t<div class=\"elementor-column elementor-col-33 elementor-inner-column elementor-element elementor-element-eb31ae6\" data-id=\"eb31ae6\" data-element_type=\"column\" data-e-type=\"column\">\n\t\t\t<div class=\"elementor-widget-wrap elementor-element-populated\">\n\t\t\t\t\t\t<div class=\"elementor-element elementor-element-bf24cc6 text-center elementor-widget elementor-widget-template\" data-id=\"bf24cc6\" data-element_type=\"widget\" data-e-type=\"widget\" data-widget_type=\"template.default\">\n\t\t\t\t<div class=\"elementor-widget-container\">\n\t\t\t\t\t\r\n<div class=\"banner-hero p-0\">\r\n    <div class=\"block-banner p-0\">\r\n        <div class=\"form-find mt-40 wow animate__animated animate__fadeIn\" data-wow-delay=\".2s\">\r\n            \r\n            <form method=\"get\" action=\"https:\/\/www.jobsqd.com\/jobs\/\">\r\n                <div class=\"job_filters_wrap d-md-flex\">\r\n\r\n                                        <div class=\"box-industry\">\r\n                        <select class=\"form-input mr-10 select-active input-industry workinghere\" name=\"search_category\">\r\n                            <option value=\"\">Language<\/option>\r\n                                                            <option value=\"engelska\">Engelska<\/option>\r\n                                                    <\/select>\r\n                    <\/div>\r\n                    \r\n                                        <select class=\"form-input mr-10 select-active\" name=\"search_location\" id=\"search_location\">\r\n                        <option value=\"\">Location<\/option>\r\n                                                    <option value=\"Bulgarien\">Bulgarien<\/option>\r\n                                                    <option value=\"Cypern\">Cypern<\/option>\r\n                                                    <option value=\"Grekland\">Grekland<\/option>\r\n                                                    <option value=\"Helt P\u00e5 Distans\">Helt P\u00e5 Distans<\/option>\r\n                                                    <option value=\"Helt p\u00e5 Distans\">Helt p\u00e5 Distans<\/option>\r\n                                                    <option value=\"Helt p\u00e5 distans\">Helt p\u00e5 distans<\/option>\r\n                                                    <option value=\"Lettland\">Lettland<\/option>\r\n                                                    <option value=\"Malta\">Malta<\/option>\r\n                                                    <option value=\"Malta, Remote\">Malta, Remote<\/option>\r\n                                                    <option value=\"Marocko\">Marocko<\/option>\r\n                                                    <option value=\"Polen\">Polen<\/option>\r\n                                                    <option value=\"Portugal\">Portugal<\/option>\r\n                                                    <option value=\"Rum\u00e4nien\">Rum\u00e4nien<\/option>\r\n                                                    <option value=\"Spanien\">Spanien<\/option>\r\n                                                    <option value=\"Spanien, Remote\">Spanien, Remote<\/option>\r\n                                                    <option value=\"Sverige\">Sverige<\/option>\r\n                                                    <option value=\"Tjeckien\">Tjeckien<\/option>\r\n                                                    <option value=\"Tyskland\">Tyskland<\/option>\r\n                                                    <option value=\"Ungern\">Ungern<\/option>\r\n                                            <\/select>\r\n                    \r\n                                        <input class=\"form-input input-keysearch mr-10\" type=\"text\" name=\"search_keywords\" id=\"search_keywords\" placeholder=\"Keyword\" \/>\r\n                    \r\n                    <input class=\"btn btn-default btn-find font-sm\" type=\"submit\" value=\"Search\">\r\n                <\/div>\r\n            <\/form>\r\n\r\n        <\/div>\r\n\r\n                \r\n    <\/div>\r\n<\/div>\t\t\t\t<\/div>\n\t\t\t\t<\/div>\n\t\t\t\t\t<\/div>\n\t\t<\/div>\n\t\t\t\t<div class=\"elementor-column elementor-col-33 elementor-inner-column elementor-element elementor-element-912ee38\" data-id=\"912ee38\" data-element_type=\"column\" data-e-type=\"column\">\n\t\t\t<div class=\"elementor-widget-wrap\">\n\t\t\t\t\t\t\t<\/div>\n\t\t<\/div>\n\t\t\t\t\t<\/div>\n\t\t<\/section>\n\t\t\t\t\t<\/div>\n\t\t<\/div>\n\t\t\t\t\t<\/div>\n\t\t<\/section>\n\t\t\t\t<section class=\"elementor-section elementor-top-section elementor-element elementor-element-4d15d9a elementor-section-boxed elementor-section-height-default elementor-section-height-default\" data-id=\"4d15d9a\" data-element_type=\"section\" data-e-type=\"section\">\n\t\t\t\t\t\t<div class=\"elementor-container elementor-column-gap-default\">\n\t\t\t\t\t<div class=\"elementor-column elementor-col-100 elementor-top-column elementor-element elementor-element-863ba93\" data-id=\"863ba93\" data-element_type=\"column\" data-e-type=\"column\">\n\t\t\t<div class=\"elementor-widget-wrap elementor-element-populated\">\n\t\t\t\t\t\t<div class=\"elementor-element elementor-element-4c3bd50 elementor-widget elementor-widget-text-editor\" data-id=\"4c3bd50\" data-element_type=\"widget\" data-e-type=\"widget\" data-widget_type=\"text-editor.default\">\n\t\t\t\t\t\t\t\t\t<div id=\"countryguide-body\" class=\"jobsqd-template-body\"><div id=\"countryguide-body\" class=\"jobsqd-template-body\"><div id=\"content\" class=\"site-content\"><div class=\"ast-container\"><div class=\"jobsqd-template-container\"><div id=\"countryguide-body\" class=\"jobsqd-template-body\"><h2>Grundfakta om England<\/h2><p>England \u00e4r en del av Storbritannien (UK) tillsammans med Wales, Skottland och Nordirland, dess territorium upptar tv\u00e5 tredjedelar av \u00f6n Storbritannien och offshore-\u00f6ar som Isle of Wight och Isles of Scilly. Som gr\u00e4nser har de Skottland i norr och Wales i v\u00e4ster. <\/p><p>Som kungarike har de sin egen monarki vilket \u00e4r en av anledningarna till att England \u00e4r s\u00e5 popul\u00e4rt. <\/p><p>England har verkligen m\u00e4rkbara \u00e5rstider, du kan uppleva gl\u00e4djen \u00f6ver alla \u00e5rstider som boende i England under ett \u00e5r. Dessutom \u00e4r allt typ n\u00e4ra i England, om du vill resa till en annan by \u00e4r det cirka 30 minuter bort med bil eller 2 timmar toppar, s\u00e5 du kan planera weekendresor f\u00f6r att bekanta dig med landet. <\/p><h2>Englands kultur genom \u00e5ren<\/h2><p>Kulturellt sett har England varit ett homogent land n\u00e4r det g\u00e4ller dess traditioner, men med expansionen av det brittiska imperiet b\u00f6rjade det ta emot seder fr\u00e5n m\u00e5nga olika l\u00e4nder sedan afro-karibier, asiatiska, muslimer och andra invandraretniska grupper, vilket g\u00f6r England till ett mycket tolererat land f\u00f6r invandrare. Just nu \u00e4r det avgjort som det mest tr\u00e5nga landet i Europa, detta f\u00f6rklarar varf\u00f6r deras VISA-krav f\u00f6r att komma in i landet har varit aktiva sedan en relativt kort tid tillbaka. <\/p><p><img decoding=\"async\" class=\"alignnone size-full wp-image-9391\" src=\"https:\/\/www.jobsqd.com\/wp-content\/uploads\/2023\/07\/British-food-min.png\" alt=\"\" width=\"850\" height=\"550\" srcset=\"https:\/\/www.jobsqd.com\/wp-content\/uploads\/2023\/07\/British-food-min.png 850w, https:\/\/www.jobsqd.com\/wp-content\/uploads\/2023\/07\/British-food-min-300x194.png 300w, https:\/\/www.jobsqd.com\/wp-content\/uploads\/2023\/07\/British-food-min-768x497.png 768w\" sizes=\"(max-width: 850px) 100vw, 850px\" \/><\/p><h2>Det Engelska k\u00f6ket <\/h2><p>Den kulinariska konsten i England \u00e4r kanske inte den h\u00e4lsosammaste av dem alla, men den \u00e4r helt klart uts\u00f6kt. Deras mat \u00e4r baserad p\u00e5 n\u00f6tk\u00f6tt, <a href=\"\">lamm<\/a>, fl\u00e4sk, kyckling och fisk. Allt tillagat med minsta m\u00f6jliga krydda och vanligtvis serveras med potatis och en och annan gr\u00f6nsak.  N\u00e4r det g\u00e4ller fisk, vanligtvis torsk eller kolja, friterad och serverad med potatis kallas detta fish and chips, och det \u00e4r en av de mest popul\u00e4ra r\u00e4tterna. Deras frukost \u00e4r en bra f\u00f6rr\u00e4tt f\u00f6r dagen, med \u00e4gg, pees, korv, br\u00f6d, bacon och sallad, allt p\u00e5 en g\u00e5ng, man skulle s\u00e4ga \u00e4r f\u00f6r mycket men det \u00e4r l\u00e4ttare att anpassa sig till v\u00e4lsmakande mat. Till lunch \u00e4lskar de cream tea, som \u00e4r jordgubbe med gr\u00e4dde och en kopp te (med lite mj\u00f6lk), s\u00e5 om du \u00e4r en te\u00e4lskare kommer England att vara perfekt f\u00f6r dig.  <\/p><p>Engelsk mat \u00e4r inte s\u00e5 kryddig, de f\u00f6redrar att tills\u00e4tta olika smaker fr\u00e5n olika ingredienser ist\u00e4llet f\u00f6r att krydda f\u00f6r mycket. Att bo i England skulle definitivt f\u00e5 dig att uppskatta blandningen mellan m\u00e5nga smaker, det kommer att sprida din kunskap om vad du anser vara normalt i mat. <\/p><p><img decoding=\"async\" class=\"alignnone size-full wp-image-9392\" src=\"https:\/\/www.jobsqd.com\/wp-content\/uploads\/2023\/07\/VISA-england-min.png\" alt=\"\" width=\"850\" height=\"550\" srcset=\"https:\/\/www.jobsqd.com\/wp-content\/uploads\/2023\/07\/VISA-england-min.png 850w, https:\/\/www.jobsqd.com\/wp-content\/uploads\/2023\/07\/VISA-england-min-300x194.png 300w, https:\/\/www.jobsqd.com\/wp-content\/uploads\/2023\/07\/VISA-england-min-768x497.png 768w\" sizes=\"(max-width: 850px) 100vw, 850px\" \/><\/p><h2>Arbete i England &amp; VISA f\u00f6r europeiska medborgare<\/h2><p>Den brittiska kulturen p\u00e5 jobbet skiljer sig mycket fr\u00e5n alla andra platser, flera expats pratar alltid om hur sn\u00e4ll och chill arbetsmilj\u00f6n \u00e4r i England, men det som ofta lyfts fram med att arbeta i England \u00e4r deras humor, \u00e4ven under arbetet, s\u00e5 var beredd p\u00e5 det. Det \u00e4r ocks\u00e5 vanligt att se f\u00f6delsedagsfirande under arbetstid, eller en eftermiddag f\u00f6r att socialisera, detta beror p\u00e5 ditt typ av jobb, men det \u00e4r vanligt i England. <\/p><p>Men l\u00e5t oss inte blanda ihop saker och ting, britterna arbetar faktiskt riktigt h\u00e5rt under sina plikter, Att g\u00e5 ut med kollegor \u00e4r vanligt i England, s\u00e5 varje fredag \u200b\u200bkan de h\u00e4nga p\u00e5 n\u00e5gon pub p\u00e5 kv\u00e4llen f\u00f6r att umg\u00e5s. <\/p><blockquote><p><b><i>Snabbt kulturtips: Var \u00f6ppen f\u00f6r f\u00f6rslag. Britter gillar att ge konstruktiv kritik, s\u00e5 om de s\u00e4ger n\u00e5got till dig, som ska f\u00f6rb\u00e4ttra dina f\u00e4rdigheter eller dina arbetsmetoder, ta inte illa upp. <\/i><\/b><\/p><\/blockquote><p>Med sin balans mellan chill och h\u00e5rt arbete \u00e4r England ett bra st\u00e4lle att skaffa erfarenhet p\u00e5 vilket jobb som helst till att b\u00f6rja med, vi kan hj\u00e4lpa dig om du vill ge det en chans, du kan l\u00e4sa mer om <a href=\"https:\/\/www.jobsqd.com\/jobs\/location\/159501\/Nottingham\/page\/1\">Nottingham<\/a> h\u00e4r och <a href=\"https:\/\/www.jobsqd.com\/contact-us\/\">kontakta oss<\/a> g\u00e4rna om du \u00e4r os\u00e4ker.<\/p><h3>VISA och arbetstillst\u00e5nd i England<\/h3><p>Efter BREXIT undrar alla om de beh\u00f6ver eller inte ett VISA f\u00f6r att <b>resa till England<\/b>, \u00e4ven om de \u00e4r fr\u00e5n EU, och faktiskt fram till den 30 december 2020 kunde du ha en VISA-fri vistelse i England om du var fr\u00e5n ett EU-land, men det har f\u00f6r\u00e4ndrats, och mestadels beh\u00f6ver alla beg\u00e4ra ett VISA om de planerar tillbringa mer \u00e4n 3 eller 6 m\u00e5nader. Detta kan dock \u00e4ndras beroende p\u00e5 typ av arbete, s\u00e5 <a href=\"https:\/\/www.gov.uk\/check-uk-visa\" target=\"_blank\" rel=\"noopener\">H\u00c4R<\/a> har du en officiell hemsida fr\u00e5n den brittiska regeringen f\u00f6r att kontrollera vilket visum du beh\u00f6ver. <\/p><h3>Skatter i England<\/h3><p>F\u00f6r att kunna arbeta m\u00e5ste du ha det folkf\u00f6rs\u00e4kringsnummer (NIN) som \u00e4r ditt personnummer till skattef\u00f6rvaltningen, det kan du f\u00e5 genom att ringa och beg\u00e4ra ditt nummer. De kommer att be dig att g\u00e5 till arbetsf\u00f6rmedlingen enligt platserna d\u00e4r du befinner dig. De tar ungef\u00e4r tv\u00e5 eller tre veckor f\u00f6r att boka dig ett m\u00f6te, eftersom du inte kommer att kunna arbeta utan detta, rekommenderar vi att du ringer tv\u00e5 eller tre veckor innan du kommer till landet, s\u00e5 att du kan f\u00e5 din tid dagen efter att du anl\u00e4nder.  <\/p><p><img loading=\"lazy\" decoding=\"async\" class=\"alignnone size-full wp-image-9393\" src=\"https:\/\/www.jobsqd.com\/wp-content\/uploads\/2023\/07\/Why-england-min.png\" alt=\"\" width=\"850\" height=\"550\" srcset=\"https:\/\/www.jobsqd.com\/wp-content\/uploads\/2023\/07\/Why-england-min.png 850w, https:\/\/www.jobsqd.com\/wp-content\/uploads\/2023\/07\/Why-england-min-300x194.png 300w, https:\/\/www.jobsqd.com\/wp-content\/uploads\/2023\/07\/Why-england-min-768x497.png 768w\" sizes=\"(max-width: 850px) 100vw, 850px\" \/><\/p><h3>Jobba i London<\/h3><p>Den brittiska storstaden med den h\u00f6gsta kommersiella aktiviteten i Storbritannien, London, har 1 563 f\u00f6retag per 10 000 inv\u00e5nare s\u00e5 du kan f\u00f6rest\u00e4lla dig att det finns gott om st\u00e4llen d\u00e4r du kan hitta en m\u00f6jlighet att starta din karri\u00e4r eller hitta en fantastisk upplevelse. Om du vill <b>flytta till London,<\/b> t\u00e4nk f\u00f6rst p\u00e5 att det inte \u00e4r f\u00f6r alla, men det \u00e4r hem f\u00f6r m\u00e5nga expats, s\u00e5 m\u00e5ngfalden \u00e4r enorm, det \u00e4r en regnig stad med h\u00f6g aktivitet s\u00e5 att du kan hitta en bit av vilken del av v\u00e4rlden som helst i denna storstad. <\/p><p>Hitta vart du vill bo och vilka behov du har, om det ska ligga n\u00e4rmare ditt jobb eller budget. Detta kommer att hj\u00e4lpa dig mycket att v\u00e4nja dig vid storstaden, s\u00e5 skaffa dig en karta och ett oyster kort f\u00f6r att utforska gatorna, s\u00e5 f\u00f6rs\u00e4krar du dig sj\u00e4lv en b\u00e4ttre upplevelse. <\/p><h2>Hur man hittar en plats f\u00f6r att bo i England<\/h2><p>Att hyra en l\u00e4genhet eller ett rum i England beror p\u00e5 vilken zon du vill ha, hur n\u00e4ra den \u00e4r till n\u00e4sta kollektivtrafik, vilken stad du v\u00e4ljer att bo i och mer. Men l\u00e5t oss prata om de M\u00c5STE-veta saker om att hyra i England. <\/p><p><b>Ytterligare kostnad: <\/b>F\u00f6rutom priset p\u00e5 hyran, kom ih\u00e5g att det alltid finns extra r\u00e4kningar som du ocks\u00e5 m\u00e5ste betala, s\u00e5 i slutet \u00e4r mycket mer \u00e4n priset du ser, sj\u00e4lva l\u00e4genheten. T\u00e4nk p\u00e5 det n\u00e4r du g\u00f6r din budget.  <\/p><blockquote><p><b><i>Vi rekommenderar att du letar efter n\u00e5got runt 30% av din inkomst, och om det \u00e4r i London, kommer du f\u00f6rmodligen att sluta med cirka 40%<\/i><\/b><\/p><\/blockquote><p><b>Du m\u00e5ste l\u00e4mna ett &#8221;erbjudande&#8221;<\/b>: Hyrespriset i tillk\u00e4nnagivandet \u00e4r inte n\u00f6dv\u00e4ndigtvis det sista, eftersom hyra \u00e4r n\u00e5got komplicerat i England. Speciellt i London brukar hyresv\u00e4rdar v\u00e4nta med att se de olika erbjudandena innan de v\u00e4ljer det som gynnar dem mest.<\/p><p><b>Deposition: <\/b>Vanligtvis ber\u00e4knas depositioner f\u00f6r 5 veckors hyra, detta b\u00f6r \u00e5terintegreras om fastigheten inte lidit n\u00e5gon skada p\u00e5 grund av dig under din vistelse. Se till att din ins\u00e4ttning h\u00e5lls av <b>Tenancy Deposit Scheme (TDS<\/b>), f\u00f6r om hyresv\u00e4rden v\u00e4grar att ge dig tillbaka din deposit under falska antaganden, s\u00e5 kan du inleda en tvist och f\u00e5 tillbaka dina pengar. <\/p><p>N\u00e4r du v\u00e4l har listat ut var du vill bo, hur mycket du har r\u00e5d med och vilka gr\u00e4nser du har, \u00e4r du redo att leta efter n\u00e5got att hyra.<\/p><h2>Levnadskostnader i England<\/h2><p>England \u00e4r det 12e landet med de h\u00f6gsta levnadskostnaderna i v\u00e4rlden, men det \u00e4r fortfarande platsen f\u00f6r m\u00e5nga expats som v\u00e4ljer att g\u00f6ra Storbritannien till sitt hem. H\u00e4r \u00e4r n\u00e5gra vanliga utgifter per person och m\u00e5nad att t\u00e4nka p\u00e5 innan du flyttar till England <\/p><table><tbody><tr><td>Utgifter <\/td><td>Ungef\u00e4rligt pris (i pund sterling \u00a3)<\/td> <\/tr><tr><td>Boende (inklusive r\u00e4kningar)*<\/td><td>360-600<\/td><\/tr><tr><td>Mat**<\/td><td>160-200<\/td><\/tr><tr><td>TV-licens <\/td><td>12.56<\/td> <\/tr><tr><td>Mobiltelefon<\/td><td>15-50<\/td><\/tr><tr><td>Kl\u00e4der\/skor<\/td><td>25<\/td><\/tr><tr><td>Fritid<\/td><td>120<\/td><\/tr><tr><td>Transport Oyster (veckokort)<\/td><td>28,60<\/td><\/tr><tr><td>Totalt <\/td><td>804,56 \u2013 1119,56<\/td><\/tr><\/tbody><\/table><p>* Priserna kan variera beroende p\u00e5 omr\u00e5de, antal personer som bor i l\u00e4genheten och faciliteter.<\/p><p>**Beror mycket p\u00e5 din kost och vilka butiker du k\u00f6per mat och dryck.<\/p><p><img loading=\"lazy\" decoding=\"async\" class=\"alignnone size-full wp-image-9394\" src=\"https:\/\/www.jobsqd.com\/wp-content\/uploads\/2023\/07\/work-in-london-min.png\" alt=\"\" width=\"850\" height=\"550\" srcset=\"https:\/\/www.jobsqd.com\/wp-content\/uploads\/2023\/07\/work-in-london-min.png 850w, https:\/\/www.jobsqd.com\/wp-content\/uploads\/2023\/07\/work-in-london-min-300x194.png 300w, https:\/\/www.jobsqd.com\/wp-content\/uploads\/2023\/07\/work-in-london-min-768x497.png 768w\" sizes=\"(max-width: 850px) 100vw, 850px\" \/><\/p><h2>varf\u00f6r h\u00e4r?<\/h2><p>Att bo i England \u00e4r perfekt f\u00f6r dem som vill f\u00f6rb\u00e4ttra sina spr\u00e5kkunskaper, uppskattar ett avkopplande liv men med en magic touch. Du kommer inte att bli uttr\u00e5kad av att bo i England, \u00e4nnu mindre om du \u00e4r den \u00e4ventyrliga typen men samtidigt lite r\u00e4dd, eftersom avst\u00e5nden i England \u00e4r relativt korta s\u00e5 det tar inte l\u00e5ng tid att ta sig till en annan plats. Genom att arbeta h\u00e4r kan du f\u00e5 erfarenhet i en bra milj\u00f6 med roliga sk\u00e4mt men ocks\u00e5 professionalism. Vi har lediga tj\u00e4nster i Nottingham   <\/p><p>! Kolla v\u00e5ra erbjudanden och kontakta oss!<\/p><\/div><\/div><\/div><\/div><\/div><\/div>\t\t\t\t\t\t\t\t<\/div>\n\t\t\t\t\t<\/div>\n\t\t<\/div>\n\t\t\t\t\t<\/div>\n\t\t<\/section>\n\t\t\t\t<\/div>\n\t\t","protected":false},"excerpt":{"rendered":"<p>Flytta till England Om du hittade ett jobberbjudande i England och undrar hur du ska flytta till England eller hur&#8230;<\/p>\n","protected":false},"author":56,"featured_media":0,"parent":0,"menu_order":0,"comment_status":"closed","ping_status":"closed","template":"","meta":{"footnotes":""},"class_list":["post-52745","page","type-page","status-publish","hentry","no-post-thumbnail","pt-10"],"_links":{"self":[{"href":"https:\/\/www.jobsqd.com\/sv\/wp-json\/wp\/v2\/pages\/52745","targetHints":{"allow":["GET"]}}],"collection":[{"href":"https:\/\/www.jobsqd.com\/sv\/wp-json\/wp\/v2\/pages"}],"about":[{"href":"https:\/\/www.jobsqd.com\/sv\/wp-json\/wp\/v2\/types\/page"}],"author":[{"embeddable":true,"href":"https:\/\/www.jobsqd.com\/sv\/wp-json\/wp\/v2\/users\/56"}],"replies":[{"embeddable":true,"href":"https:\/\/www.jobsqd.com\/sv\/wp-json\/wp\/v2\/comments?post=52745"}],"version-history":[{"count":4,"href":"https:\/\/www.jobsqd.com\/sv\/wp-json\/wp\/v2\/pages\/52745\/revisions"}],"predecessor-version":[{"id":102513,"href":"https:\/\/www.jobsqd.com\/sv\/wp-json\/wp\/v2\/pages\/52745\/revisions\/102513"}],"wp:attachment":[{"href":"https:\/\/www.jobsqd.com\/sv\/wp-json\/wp\/v2\/media?parent=52745"}],"curies":[{"name":"wp","href":"https:\/\/api.w.org\/{rel}","templated":true}]}}