{"id":57364,"date":"2025-02-25T16:12:17","date_gmt":"2025-02-25T15:12:17","guid":{"rendered":"https:\/\/www.jobsqd.com\/job-squad-stipendet\/"},"modified":"2025-06-18T20:28:08","modified_gmt":"2025-06-18T18:28:08","slug":"job-squad-stipendet","status":"publish","type":"page","link":"https:\/\/www.jobsqd.com\/no\/job-squad-stipendet\/","title":{"rendered":"Job Squad-stipendet"},"content":{"rendered":"\t\t<div data-elementor-type=\"wp-page\" data-elementor-id=\"57364\" class=\"elementor elementor-57364 elementor-55457\" data-elementor-post-type=\"page\">\n\t\t\t\t<div class=\"elementor-element elementor-element-b8ad648 e-flex e-con-boxed e-con e-parent\" data-id=\"b8ad648\" data-element_type=\"container\" data-e-type=\"container\">\n\t\t\t\t\t<div class=\"e-con-inner\">\n\t\t\t\t<div class=\"elementor-element elementor-element-9845394 elementor-widget elementor-widget-image\" data-id=\"9845394\" data-element_type=\"widget\" data-e-type=\"widget\" data-widget_type=\"image.default\">\n\t\t\t\t\t\t\t\t\t\t\t\t\t\t\t<img fetchpriority=\"high\" decoding=\"async\" width=\"1024\" height=\"250\" src=\"https:\/\/www.jobsqd.com\/wp-content\/uploads\/2025\/02\/Job-Squad-Grant-img-1024x250.png\" class=\"attachment-large size-large wp-image-55616 img-fluid\" alt=\"Job Squad-stipendet\" srcset=\"https:\/\/www.jobsqd.com\/wp-content\/uploads\/2025\/02\/Job-Squad-Grant-img-1024x250.png 1024w, https:\/\/www.jobsqd.com\/wp-content\/uploads\/2025\/02\/Job-Squad-Grant-img-300x73.png 300w, https:\/\/www.jobsqd.com\/wp-content\/uploads\/2025\/02\/Job-Squad-Grant-img-768x188.png 768w, https:\/\/www.jobsqd.com\/wp-content\/uploads\/2025\/02\/Job-Squad-Grant-img-1536x375.png 1536w, https:\/\/www.jobsqd.com\/wp-content\/uploads\/2025\/02\/Job-Squad-Grant-img-2048x501.png 2048w, https:\/\/www.jobsqd.com\/wp-content\/uploads\/2025\/02\/Job-Squad-Grant-img-1568x383.png 1568w\" sizes=\"(max-width: 1024px) 100vw, 1024px\" \/>\t\t\t\t\t\t\t\t\t\t\t\t\t\t\t<\/div>\n\t\t\t\t<div class=\"elementor-element elementor-element-bb7ddcd elementor-widget elementor-widget-title\" data-id=\"bb7ddcd\" data-element_type=\"widget\" data-e-type=\"widget\" data-widget_type=\"title.default\">\n\t\t\t\t<div class=\"elementor-widget-container\">\n\t\t\t\t\t<h1 class=\"control-heading-title\">Job Squad-stipendet<\/h1>\t\t\t\t<\/div>\n\t\t\t\t<\/div>\n\t\t\t\t\t<\/div>\n\t\t\t\t<\/div>\n\t\t<div class=\"elementor-element elementor-element-1e03726 e-flex e-con-boxed e-con e-parent\" data-id=\"1e03726\" data-element_type=\"container\" data-e-type=\"container\">\n\t\t\t\t\t<div class=\"e-con-inner\">\n\t\t\t\t<div class=\"elementor-element elementor-element-e163f7f elementor-widget__width-initial elementor-widget elementor-widget-text-editor\" data-id=\"e163f7f\" data-element_type=\"widget\" data-e-type=\"widget\" data-widget_type=\"text-editor.default\">\n\t\t\t\t\t\t\t\t\t<p style=\"text-align: left;\">Hos Job Squad mener vi at internasjonal arbeidserfaring er en uvurderlig del av b\u00e5de personlig og profesjonell utvikling. For \u00e5 st\u00f8tte opp under dette har vi etablert Job Squad-stipendet, som \u00e5rlig blir tildelt en person som har tatt steget og startet en jobb i utlandet. <\/p><p style=\"color: #2c2c2c; text-align: left;\">Job Squad er et internasjonalt rekrutteringsselskap som hjelper folk med \u00e5 finne jobbmuligheter i utlandet. Vi har assistert tusenvis av individer med \u00e5 starte sine internasjonale eventyr, og vi vet hvor mye det kan bety b\u00e5de for karrieren og personlig. <\/p><p style=\"color: #2c2c2c; text-align: left;\">Med dette stipendet \u00f8nsker vi \u00e5 gi tilbake til de som har valgt \u00e5 ta steget mot et internasjonalt arbeidsliv og sin karriere.<\/p><h2 style=\"letter-spacing: normal; text-align: left;\">Stipendinformasjon:<\/h2><p style=\"text-align: left;\">Stipendbel\u00f8p: \u20ac1000<\/p><p style=\"text-align: left;\">Stipendet utbetales: 1. desember 2025 (01.12.2025)<\/p><p>S\u00f8knadsfrist: 15. november 2025 (15.11.2025)<\/p><h3 style=\"letter-spacing: normal; text-align: left;\">Kvalifikasjonskrav:<\/h3><p style=\"text-align: left;\">For \u00e5 bli vurdert for dette stipendet m\u00e5 du oppfylle f\u00f8lgende krav:<\/p><ul><li style=\"letter-spacing: normal; text-align: left;\">Du m\u00e5 v\u00e6re minst 18 \u00e5r gammel.<\/li><li style=\"text-align: left;\">Du m\u00e5 v\u00e6re EU-borger.<\/li><li style=\"text-align: left;\">Du m\u00e5 ha sikret deg en jobb i utlandet og ha jobbet der i minst 4 m\u00e5neder.<\/li><li style=\"text-align: left;\">Du m\u00e5 v\u00e6re villig til \u00e5 dele reisen din med oss og andre online (sosiale medier og hjemmeside).<\/li><\/ul><h2 style=\"letter-spacing: normal; text-align: left;\">S\u00f8knadsprosess<\/h2><p style=\"color: #2c2c2c; text-align: left;\">Du kan s\u00f8ke ved \u00e5 fylle ut s\u00f8knadsskjemaet v\u00e5rt, <a href=\"https:\/\/www.jobsqd.com\/wp-content\/uploads\/2025\/02\/Job-Squad-Grant-application-form-1.pdf\">som du kan laste ned her<\/a> eller ved \u00e5 klikke p\u00e5 den bl\u00e5 knappen nedenfor<b>.<\/b><\/p><p style=\"color: #2c2c2c; text-align: left;\">I tillegg m\u00e5 du sende inn et motivasjonsbrev og dokumentasjon p\u00e5 at du er ansatt i utlandet. Du er velkommen til \u00e5 inkludere andre relevante dokumenter som du mener kan styrke s\u00f8knaden din, men dette er ikke obligatorisk. <\/p><p style=\"color: #2c2c2c; text-align: left;\">Send s\u00f8knaden din og alle dokumenter til Linda p\u00e5: <span style=\"font-weight: bold;\">ljs@jobsqd.com<\/span><\/p><p style=\"color: #2c2c2c; text-align: left;\">Vi gratulerer deg med at du turte \u00e5 ta steget og at du har skaffet deg en jobb i utlandet. Vi ser fram til \u00e5 h\u00f8re om ditt utenlandseventyr og \u00f8nsker deg lykke til! <\/p>\t\t\t\t\t\t\t\t<\/div>\n\t\t\t\t\t<\/div>\n\t\t\t\t<\/div>\n\t\t<div class=\"elementor-element elementor-element-94832b0 e-flex e-con-boxed e-con e-parent\" data-id=\"94832b0\" data-element_type=\"container\" data-e-type=\"container\">\n\t\t\t\t\t<div class=\"e-con-inner\">\n\t\t\t\t<div class=\"elementor-element elementor-element-a058f9d elementor-align-center elementor-widget elementor-widget-button\" data-id=\"a058f9d\" data-element_type=\"widget\" data-e-type=\"widget\" data-widget_type=\"button.default\">\n\t\t\t\t\t\t\t\t\t\t<a class=\"elementor-button elementor-button-link elementor-size-sm\" href=\"https:\/\/www.jobsqd.com\/wp-content\/uploads\/2025\/02\/Job-Squad-Grant-application-form-1.pdf\">\n\t\t\t\t\t\t<span class=\"elementor-button-content-wrapper\">\n\t\t\t\t\t\t\t\t\t<span class=\"elementor-button-text\">Last ned PDF med s\u00f8knadsskjema<\/span>\n\t\t\t\t\t<\/span>\n\t\t\t\t\t<\/a>\n\t\t\t\t\t\t\t\t<\/div>\n\t\t\t\t\t<\/div>\n\t\t\t\t<\/div>\n\t\t\t\t<\/div>\n\t\t","protected":false},"excerpt":{"rendered":"<p>Job Squad-stipendet Hos Job Squad mener vi at internasjonal arbeidserfaring er en uvurderlig del av b\u00e5de personlig og profesjonell utvikling&#8230;.<\/p>\n","protected":false},"author":56,"featured_media":55616,"parent":0,"menu_order":0,"comment_status":"closed","ping_status":"closed","template":"","meta":{"footnotes":""},"class_list":["post-57364","page","type-page","status-publish","has-post-thumbnail","hentry"],"_links":{"self":[{"href":"https:\/\/www.jobsqd.com\/no\/wp-json\/wp\/v2\/pages\/57364","targetHints":{"allow":["GET"]}}],"collection":[{"href":"https:\/\/www.jobsqd.com\/no\/wp-json\/wp\/v2\/pages"}],"about":[{"href":"https:\/\/www.jobsqd.com\/no\/wp-json\/wp\/v2\/types\/page"}],"author":[{"embeddable":true,"href":"https:\/\/www.jobsqd.com\/no\/wp-json\/wp\/v2\/users\/56"}],"replies":[{"embeddable":true,"href":"https:\/\/www.jobsqd.com\/no\/wp-json\/wp\/v2\/comments?post=57364"}],"version-history":[{"count":2,"href":"https:\/\/www.jobsqd.com\/no\/wp-json\/wp\/v2\/pages\/57364\/revisions"}],"predecessor-version":[{"id":93429,"href":"https:\/\/www.jobsqd.com\/no\/wp-json\/wp\/v2\/pages\/57364\/revisions\/93429"}],"wp:featuredmedia":[{"embeddable":true,"href":"https:\/\/www.jobsqd.com\/no\/wp-json\/wp\/v2\/media\/55616"}],"wp:attachment":[{"href":"https:\/\/www.jobsqd.com\/no\/wp-json\/wp\/v2\/media?parent=57364"}],"curies":[{"name":"wp","href":"https:\/\/api.w.org\/{rel}","templated":true}]}}