{"id":30093,"date":"2023-07-11T10:27:15","date_gmt":"2023-07-11T08:27:15","guid":{"rendered":"https:\/\/www.jobsqd.com\/england-2"},"modified":"2025-10-01T11:39:14","modified_gmt":"2025-10-01T09:39:14","slug":"england-2","status":"publish","type":"page","link":"https:\/\/www.jobsqd.com\/no\/england-2\/","title":{"rendered":"England"},"content":{"rendered":"\t\t<div data-elementor-type=\"wp-page\" data-elementor-id=\"30093\" class=\"elementor elementor-30093 elementor-9383\" data-elementor-post-type=\"page\">\n\t\t\t\t\t\t<section class=\"elementor-section elementor-top-section elementor-element elementor-element-7d87e31 hero-1 hero-5 elementor-section-boxed elementor-section-height-default elementor-section-height-default\" data-id=\"7d87e31\" data-element_type=\"section\" data-e-type=\"section\">\n\t\t\t\t\t\t<div class=\"elementor-container elementor-column-gap-no\">\n\t\t\t\t\t<div class=\"elementor-column elementor-col-100 elementor-top-column elementor-element elementor-element-32b42ed\" data-id=\"32b42ed\" data-element_type=\"column\" data-e-type=\"column\">\n\t\t\t<div class=\"elementor-widget-wrap elementor-element-populated\">\n\t\t\t\t\t\t<section class=\"elementor-section elementor-inner-section elementor-element elementor-element-5798523 elementor-section-full_width elementor-section-height-default elementor-section-height-default\" data-id=\"5798523\" data-element_type=\"section\" data-e-type=\"section\">\n\t\t\t\t\t\t<div class=\"elementor-container elementor-column-gap-no\">\n\t\t\t\t\t<div class=\"elementor-column elementor-col-50 elementor-inner-column elementor-element elementor-element-dfdfc57\" data-id=\"dfdfc57\" data-element_type=\"column\" data-e-type=\"column\">\n\t\t\t<div class=\"elementor-widget-wrap elementor-element-populated\">\n\t\t\t\t\t\t<div class=\"elementor-element elementor-element-d8158ca heading-banner elementor-widget elementor-widget-title\" data-id=\"d8158ca\" data-element_type=\"widget\" data-e-type=\"widget\" data-widget_type=\"title.default\">\n\t\t\t\t<div class=\"elementor-widget-container\">\n\t\t\t\t\t<h1 class=\"control-heading-title display-5 fw-bolder\">Flytter til England<\/h1>\t\t\t\t<\/div>\n\t\t\t\t<\/div>\n\t\t\t\t<div class=\"elementor-element elementor-element-766f2ee elementor-widget__width-initial banner-description mb-0 elementor-widget elementor-widget-text-editor\" data-id=\"766f2ee\" data-element_type=\"widget\" data-e-type=\"widget\" data-widget_type=\"text-editor.default\">\n\t\t\t\t\t\t\t\t\t<p>Hvis du fant en <b>jobbtilbud i England<\/b> og lurer p\u00e5 hvordan <b>flytte til England<\/b> eller hvordan livet er der, her er det perfekte stedet. England er kjent for mange ting, blant dem har vi deres kongefamilie som alltid gir verden noe \u00e5 snakke om, for deres bygninger som Big Beng, deres r\u00f8de dobbeltdekker busser og deres vanligvis overskyede klima.<\/p>\n<p>Og akkurat n\u00e5 skaper alt om Brexit oppstyr over media p\u00e5 grunn av alle menneskene som er interessert i en <b>jobb i England,<\/b> og lurer p\u00e5 om de trenger VISA eller ikke, hvor lenge de kan bli osv. Vi vil svare p\u00e5 disse sp\u00f8rsm\u00e5lene her.<\/p>\n\t\t\t\t\t\t\t\t<\/div>\n\t\t\t\t<div class=\"elementor-element elementor-element-1ab9b36 elementor-widget elementor-widget-text-editor\" data-id=\"1ab9b36\" data-element_type=\"widget\" data-e-type=\"widget\" data-widget_type=\"text-editor.default\">\n\t\t\t\t\t\t\t\t\t<div class=\"mt-40\">\n<div class=\"wow animate__ animate__fadeInUp animated\" style=\"visibility: visible; animation-name: fadeInUp;\"><a class=\"btn btn-default\" href=\"https:\/\/www.jobsqd.com\/jobs\">Se alle stillingsannonser<\/a> <a class=\"btn btn-link text-decoration-underline\" href=\"https:\/\/www.jobsqd.com\/work-abroad\">Om \u00e5 jobbe i utlandet<\/a><\/div>\n<\/div>\t\t\t\t\t\t\t\t<\/div>\n\t\t\t\t\t<\/div>\n\t\t<\/div>\n\t\t\t\t<div class=\"elementor-column elementor-col-50 elementor-inner-column elementor-element elementor-element-38fe06a\" data-id=\"38fe06a\" data-element_type=\"column\" data-e-type=\"column\">\n\t\t\t<div class=\"elementor-widget-wrap elementor-element-populated\">\n\t\t\t\t\t\t<div class=\"elementor-element elementor-element-1b6c347 elementor-widget elementor-widget-image\" data-id=\"1b6c347\" data-element_type=\"widget\" data-e-type=\"widget\" data-widget_type=\"image.default\">\n\t\t\t\t\t\t\t\t\t\t\t\t\t\t\t<img fetchpriority=\"high\" decoding=\"async\" width=\"850\" height=\"550\" src=\"https:\/\/www.jobsqd.com\/wp-content\/uploads\/2023\/07\/Slovakia.png\" class=\"attachment-large size-large wp-image-22751 img-fluid\" alt=\"\" srcset=\"https:\/\/www.jobsqd.com\/wp-content\/uploads\/2023\/07\/Slovakia.png 850w, https:\/\/www.jobsqd.com\/wp-content\/uploads\/2023\/07\/Slovakia-300x194.png 300w, https:\/\/www.jobsqd.com\/wp-content\/uploads\/2023\/07\/Slovakia-768x497.png 768w\" sizes=\"(max-width: 850px) 100vw, 850px\">\t\t\t\t\t\t\t\t\t\t\t\t\t\t\t<\/div>\n\t\t\t\t\t<\/div>\n\t\t<\/div>\n\t\t\t\t\t<\/div>\n\t\t<\/section>\n\t\t\t\t<section class=\"elementor-section elementor-inner-section elementor-element elementor-element-bf4b5d3 elementor-section-full_width elementor-section-height-default elementor-section-height-default\" data-id=\"bf4b5d3\" data-element_type=\"section\" data-e-type=\"section\">\n\t\t\t\t\t\t<div class=\"elementor-container elementor-column-gap-no\">\n\t\t\t\t\t<div class=\"elementor-column elementor-col-33 elementor-inner-column elementor-element elementor-element-6036e38\" data-id=\"6036e38\" data-element_type=\"column\" data-e-type=\"column\">\n\t\t\t<div class=\"elementor-widget-wrap\">\n\t\t\t\t\t\t\t<\/div>\n\t\t<\/div>\n\t\t\t\t<div class=\"elementor-column elementor-col-33 elementor-inner-column elementor-element elementor-element-eb31ae6\" data-id=\"eb31ae6\" data-element_type=\"column\" data-e-type=\"column\">\n\t\t\t<div class=\"elementor-widget-wrap elementor-element-populated\">\n\t\t\t\t\t\t<div class=\"elementor-element elementor-element-bf24cc6 text-center elementor-widget elementor-widget-template\" data-id=\"bf24cc6\" data-element_type=\"widget\" data-e-type=\"widget\" data-widget_type=\"template.default\">\n\t\t\t\t<div class=\"elementor-widget-container\">\n\t\t\t\t\t\r\n<div class=\"banner-hero p-0\">\r\n    <div class=\"block-banner p-0\">\r\n        <div class=\"form-find mt-40 wow animate__animated animate__fadeIn\" data-wow-delay=\".2s\">\r\n            \r\n            <form method=\"get\" action=\"https:\/\/www.jobsqd.com\/jobs\/\">\r\n                <div class=\"job_filters_wrap d-md-flex\">\r\n\r\n                                        <div class=\"box-industry\">\r\n                        <select class=\"form-input mr-10 select-active input-industry workinghere\" name=\"search_category\">\r\n                            <option value=\"\">Spr\u00e5k<\/option>\r\n                                                            <option value=\"dansk-no\">Dansk<\/option>\r\n                                                            <option value=\"engelsk-no\">Engelsk<\/option>\r\n                                                            <option value=\"norsk\">Norsk<\/option>\r\n                                                    <\/select>\r\n                    <\/div>\r\n                    \r\n                                        <select class=\"form-input mr-10 select-active\" name=\"search_location\" id=\"search_location\">\r\n                        <option value=\"\">Lokasjon<\/option>\r\n                                                    <option value=\"Bulgaria\">Bulgaria<\/option>\r\n                                                    <option value=\"Danmark\">Danmark<\/option>\r\n                                                    <option value=\"Estland\">Estland<\/option>\r\n                                                    <option value=\"Europa\">Europa<\/option>\r\n                                                    <option value=\"Fjernarbeid\">Fjernarbeid<\/option>\r\n                                                    <option value=\"Fullt fjernarbeid\">Fullt fjernarbeid<\/option>\r\n                                                    <option value=\"Hellas\">Hellas<\/option>\r\n                                                    <option value=\"Kypros\">Kypros<\/option>\r\n                                                    <option value=\"Kypros, Hybrid\">Kypros, Hybrid<\/option>\r\n                                                    <option value=\"Latvia\">Latvia<\/option>\r\n                                                    <option value=\"Malta\">Malta<\/option>\r\n                                                    <option value=\"Malta, Hybrid\">Malta, Hybrid<\/option>\r\n                                                    <option value=\"Polen\">Polen<\/option>\r\n                                                    <option value=\"Portugal\">Portugal<\/option>\r\n                                                    <option value=\"Spania\">Spania<\/option>\r\n                                                    <option value=\"Spania, Barcelona\">Spania, Barcelona<\/option>\r\n                                                    <option value=\"Spania, fjernarbeid\">Spania, fjernarbeid<\/option>\r\n                                                    <option value=\"Sverige\">Sverige<\/option>\r\n                                                    <option value=\"Tsjekkia\">Tsjekkia<\/option>\r\n                                                    <option value=\"Ungarn\">Ungarn<\/option>\r\n                                                    <option value=\"Vietnam\">Vietnam<\/option>\r\n                                            <\/select>\r\n                    \r\n                                        <input class=\"form-input input-keysearch mr-10\" type=\"text\" name=\"search_keywords\" id=\"search_keywords\" placeholder=\"N\u00f8kkelord\" \/>\r\n                    \r\n                    <input class=\"btn btn-default btn-find font-sm\" type=\"submit\" value=\"S\u00f8k\">\r\n                <\/div>\r\n            <\/form>\r\n\r\n        <\/div>\r\n\r\n                \r\n    <\/div>\r\n<\/div>\t\t\t\t<\/div>\n\t\t\t\t<\/div>\n\t\t\t\t\t<\/div>\n\t\t<\/div>\n\t\t\t\t<div class=\"elementor-column elementor-col-33 elementor-inner-column elementor-element elementor-element-912ee38\" data-id=\"912ee38\" data-element_type=\"column\" data-e-type=\"column\">\n\t\t\t<div class=\"elementor-widget-wrap\">\n\t\t\t\t\t\t\t<\/div>\n\t\t<\/div>\n\t\t\t\t\t<\/div>\n\t\t<\/section>\n\t\t\t\t\t<\/div>\n\t\t<\/div>\n\t\t\t\t\t<\/div>\n\t\t<\/section>\n\t\t\t\t<section class=\"elementor-section elementor-top-section elementor-element elementor-element-4d15d9a elementor-section-boxed elementor-section-height-default elementor-section-height-default\" data-id=\"4d15d9a\" data-element_type=\"section\" data-e-type=\"section\">\n\t\t\t\t\t\t<div class=\"elementor-container elementor-column-gap-default\">\n\t\t\t\t\t<div class=\"elementor-column elementor-col-100 elementor-top-column elementor-element elementor-element-863ba93\" data-id=\"863ba93\" data-element_type=\"column\" data-e-type=\"column\">\n\t\t\t<div class=\"elementor-widget-wrap elementor-element-populated\">\n\t\t\t\t\t\t<div class=\"elementor-element elementor-element-4c3bd50 elementor-widget elementor-widget-text-editor\" data-id=\"4c3bd50\" data-element_type=\"widget\" data-e-type=\"widget\" data-widget_type=\"text-editor.default\">\n\t\t\t\t\t\t\t\t\t<div id=\"countryguide-body\" class=\"jobsqd-template-body\">\n<div id=\"countryguide-body\" class=\"jobsqd-template-body\">\n<div id=\"content\" class=\"site-content\">\n<div class=\"ast-container\">\n<div class=\"jobsqd-template-container\">\n<div id=\"countryguide-body\" class=\"jobsqd-template-body\">\n<h2>Grunnleggende fakta om England<\/h2>\n<p>England er en del av Storbritannia (Storbritannia) sammen med Wales, Skottland og Nord-Irland, dets territorium okkuperer to tredjedeler av \u00f8ya Storbritannia og offshore \u00f8yer som Isle of Wight og Isles of Scilly. Som grenser har de Skottland i nord og Wales i vest.<\/p>\n<p>Som et rike har de sitt eget monarki som er en av grunnene til at England er s\u00e5 popul\u00e6rt. Kongeriket er h\u00f8yt verdsatt blant egelske folk.<\/p>\n<p>England har virkelig merkbare sesonger, du kan oppleve gleden over alle \u00e5rstidene i sitt beste opphold i England i et \u00e5r. Dessuten er alt p\u00e5 en m\u00e5te n\u00e6r i England, hvis du \u00f8nsker \u00e5 reise til en annen landsby er det ca 30 min unna med bil eller 2 timer max, s\u00e5 du kan planlegge helgeturer for \u00e5 bli kjent med landet bedre.<\/p>\n<\/p>\n<h2>Englands kultur gjennom \u00e5rene<\/h2>\n<p>Kulturelt sett har England v\u00e6rt et homogent land med tanke p\u00e5 sine tradisjoner, men med utvidelsen av det britiske imperiet begynte det \u00e5 motta skikker fra mange forskjellige land som afro-karibiene, asiatiske, muslimer og andre innvandreretniske grupper, noe som gjorde England til et sv\u00e6rt tolerert land for innvandrere. Akkurat n\u00e5 er det avgjort som det mest overfylte landet i Europa, dette forklarer hvorfor deres VISA-krav for \u00e5 komme inn i landet har v\u00e6rt aktivt i relativt kort tid.<\/p>\n<p><img decoding=\"async\" class=\"alignnone size-full wp-image-9391\" src=\"https:\/\/www.jobsqd.com\/wp-content\/uploads\/2023\/07\/British-food-min.png\" alt=\"\" width=\"850\" height=\"550\" srcset=\"https:\/\/www.jobsqd.com\/wp-content\/uploads\/2023\/07\/British-food-min.png 850w, https:\/\/www.jobsqd.com\/wp-content\/uploads\/2023\/07\/British-food-min-300x194.png 300w, https:\/\/www.jobsqd.com\/wp-content\/uploads\/2023\/07\/British-food-min-768x497.png 768w\" sizes=\"(max-width: 850px) 100vw, 850px\" \/><\/p>\n<h2>Det Engelske Cuisine <\/h2>\n<\/p>\n<p>The culinary arts in England may not be the healthiest of them all but surely it is very delicious! Maten deres er basert p\u00e5 biff, <a href=\"https:\/\/www.britannica.com\/topic\/lamb-meat\" target=\"_blank\" rel=\"noopener\">lam,<\/a> svinekj\u00f8tt, kylling og fisk, alt tilberedt med et minimum av krydder og vanligvis servert med poteter og en annen gr\u00f8nnsak. N\u00e5r det gjelder fisk, vanligvis torsk eller hyse, frityrstekt og servert med poteter, kalles dette fish and chips, og det er en av de mest popul\u00e6re rettene. Frokosten deres er en god forrett for dagen, med egg, b\u00f8nner, p\u00f8lse, br\u00f8d, bacon og salat, alt p\u00e5 en gang, du vil si er for mye, men det er lett \u00e5 tilpasse seg velsmakende mat. Til lunsj elsker de krem -te, som er jordb\u00e6r med krem \u200b\u200bog en kopp te (med litt melk), s\u00e5 hvis du er en teelsker, vil England v\u00e6re perfekt for deg.<\/p>\n<p>Engelsk mat er ikke s\u00e5 krydret, de foretrekker \u00e5 tilsette forskjellige smaker fra ulike ingredienser i stedet for \u00e5 krydre for mye. \u00c5 bo i England vil definitivt f\u00e5 deg til \u00e5 sette pris p\u00e5 blandingen mellom mange smaker, det vil spre kunnskapen din om hva du anser som normalt av mat.<\/p>\n<p><img decoding=\"async\" class=\"alignnone size-full wp-image-9392\" src=\"https:\/\/www.jobsqd.com\/wp-content\/uploads\/2023\/07\/VISA-england-min.png\" alt=\"\" width=\"850\" height=\"550\" srcset=\"https:\/\/www.jobsqd.com\/wp-content\/uploads\/2023\/07\/VISA-england-min.png 850w, https:\/\/www.jobsqd.com\/wp-content\/uploads\/2023\/07\/VISA-england-min-300x194.png 300w, https:\/\/www.jobsqd.com\/wp-content\/uploads\/2023\/07\/VISA-england-min-768x497.png 768w\" sizes=\"(max-width: 850px) 100vw, 850px\" \/><\/p>\n<h2>Arbeid i England og VISA for europeiske borgere<\/h2>\n<p>Den britiske kulturen p\u00e5 jobben er veldig forskjellig fra alle andre steder, flere expats snakker alltid om hvor hyggelig og avslappende arbeidsmilj\u00f8et er i England, men det som fremheves med \u00e5 jobbe i England er deres sans for humor, selv under jobb, s\u00e5 v\u00e6r forberedt for det. Det er ogs\u00e5 vanlig \u00e5 se bursdagsfeiringer p\u00e5 jobb, eller en ettermiddag for \u00e5 sosialisere, dette vil avhenge av din type jobb, men det vanlig i England.<\/p>\n<p>Men la oss ikke blande ting ut, briter jobber faktisk veldig hardt med pliktene sine, bare at de har en velfortjent avslappende tid fra tid til annen. \u00c5 g\u00e5 ut med kolleger er vanlig i England, s\u00e5 hver fredag \u200b\u200bkan de henge p\u00e5 en pub om kvelden for \u00e5 v\u00e6re sosial.<\/p>\n<\/p>\n<blockquote>\n<p><b><i>Rask kulturtips: V\u00e6r \u00e5pen for forslag. Briter liker \u00e5 gi konstruktiv kritikk, s\u00e5 hvis de forteller deg noe for \u00e5 forbedre ferdighetene dine eller metoden din, ikke ta det s\u00e5 ille.<\/i><\/b><\/p>\n<\/blockquote>\n<p>With their balance between chill and hard work, England is a great place to gain experience at any job for starters, we can help you if you want to give it a chance, you can see our available <a href=\"https:\/\/www.jobsqd.com\/jobs\/location\/159501\/Nottingham\/page\/1\">tilbud i Nottingham<\/a> her og gjerne <a href=\"https:\/\/www.jobsqd.com\/contact-us\/\">kontakt oss<\/a> om du har noen tvil.<\/p>\n<div class=\"jobsqd-job-btn\"><a href=\"https:\/\/www.jobsqd.com\/jobs\/location\/159501\/Nottingham\/page\/1\" target=\"_blank\" rel=\"noopener\"><button>Sjekk v\u00e5re jobbtilbud i Nottingham!<\/button><\/a><\/div>\n<h3>VISA og arbeidstillatelser i England<\/h3>\n<p>Etter BREXIT lurer alle p\u00e5 om de trenger VISA eller ikke <b>reise til England<\/b>, selv om du er fra EU, og faktisk frem til 30. desember 2020 kunne du hatt et VISA-fritt opphold i England hvis du var fra et EU-land, men det har endret seg og stort sett alle trenger \u00e5 be om et VISA hvis bli der mer enn 3 eller 6 m\u00e5neder. Dette kan imidlertid endre seg avhengig av type arbeid, s\u00e5 <a href=\"https:\/\/www.gov.uk\/check-uk-visa\" target=\"_blank\" rel=\"noopener\">HER<\/a> du har en offisiell nettside fra den britiske regjeringen for \u00e5 sjekke hvilket visum du trenger.<\/p>\n<\/p>\n<h3>Skatter i England<\/h3>\n<p>For \u00e5 kunne jobbe m\u00e5 du ha folketrygdnummeret (NIN) som er personnummeret ditt til skatteetaten, dette f\u00e5r du ved \u00e5 ringe og be om nummeret ditt. De vil fortelle deg \u00e5 g\u00e5 til jobbsenteret i henhold til hvor du befinner deg. De bruker omtrent to eller tre uker p\u00e5 \u00e5 tildele deg en avtaledato, siden du ikke kan jobbe uten dette, anbefaler vi deg \u00e5 ringe to eller tre uker f\u00f8r du kommer til landet, slik at du kan f\u00e5 time dagen etter du ankommer.<\/p>\n<p><img loading=\"lazy\" decoding=\"async\" class=\"alignnone size-full wp-image-9393\" src=\"https:\/\/www.jobsqd.com\/wp-content\/uploads\/2023\/07\/Why-england-min.png\" alt=\"\" width=\"850\" height=\"550\" srcset=\"https:\/\/www.jobsqd.com\/wp-content\/uploads\/2023\/07\/Why-england-min.png 850w, https:\/\/www.jobsqd.com\/wp-content\/uploads\/2023\/07\/Why-england-min-300x194.png 300w, https:\/\/www.jobsqd.com\/wp-content\/uploads\/2023\/07\/Why-england-min-768x497.png 768w\" sizes=\"(max-width: 850px) 100vw, 850px\" \/><\/p>\n<h3>Arbeid i London<\/h3>\n<p>Den britiske storbyen med den h\u00f8yeste kommersielle aktiviteten i Storbritannia, London, har 1.563 bedrifter per 10.000 innbyggere, s\u00e5 du kan forestille deg at det er mange steder \u00e5 finne en mulighet til \u00e5 starte karrieren eller skape en skikkelig opplevelse. Hvis du vil <b>flytte til London<\/b>, f\u00f8rst vet at det ikke er for alle, men det er hjem til mange expats s\u00e5 mangfoldet er enormt, det er en regnfull by med h\u00f8y aktivitet, s\u00e5 du kan finne en del av hvilken som helst del av verden i denne storbyen.<\/p>\n<p>Finn hvor du vil bo og hvilke behov du har, om det skal v\u00e6re n\u00e6rmere jobben din eller ikke i tillegg til budsjettet ditt. Det vil hjelpe deg \u00e5 bli vant til storbyen, s\u00e5 skaff deg et kart og noe de kaller oyster kort du kan bruke for \u00e5 utforske gatene, p\u00e5 denne m\u00e5ten sikrer du deg selv en bedre opplevelse.<\/p>\n<\/p>\n<h2>Hvordan finne et sted \u00e5 bo i England<\/h2>\n<p>\u00c5 leie en leilighet eller et rom i England vil avhenge av sonen du \u00f8nsker, hvor n\u00e6r den er til neste offentlige transport, hvilken by du velger \u00e5 bo i, og mer. Men la oss snakke om M\u00c5-vite ting om leie leilighet i England.<\/p>\n<p><b>Ekstra kostnader:<\/b> Foruten prisen p\u00e5 husleien, husk at det alltid er ekstraregninger som du ogs\u00e5 m\u00e5 betale, s\u00e5 p\u00e5 slutten er det mye mer enn prisen du ser for leiligheten. Husk det n\u00e5r du gj\u00f8r budsjettet ditt. <\/p>\n<blockquote>\n<p><b><i>Vi anbefaler \u00e5 se etter noe rundt 30% av inntekten din, og hvis det er i London, vil du sannsynligvis ende opp med ca. 40%<\/i><\/b><\/p>\n<\/blockquote>\n<p><b>Du m\u00e5 gi et &laquo;tilbud&raquo;:<\/b> Leieprisen i kunngj\u00f8ringen er ikke n\u00f8dvendigvis den endelige, siden leie er litt komplisert i England, spesielt i London, utleiere bruker \u00e5 vente med \u00e5 se de forskjellige tilbudene f\u00f8r de velger det som kommer dem mest til gode.<\/p>\n<p><b>Depositum:<\/b> Vanligvis beregnes depositum med 5 ukers leie, dette b\u00f8r reintegreres dersom eiendommen ikke ble skadet under oppholdet p\u00e5 grunn av deg. S\u00f8rg for at depositumet ditt holdes av <b>Tenancy Deposit Scheme (TDS),<\/b> fordi hvis utleier nekter \u00e5 gi deg tilbake innskuddet ditt under falske forutsetninger, s\u00e5 vil du kunne \u00e5pne en sakstvist og f\u00e5 pengene tilbake.<\/p>\n<p>N\u00e5r du har funnet ut hvor du vil bo og hvor mye du har r\u00e5d til, da er du klar til \u00e5 g\u00e5 p\u00e5 leting etter leilighet.<\/p>\n<\/p>\n<h2>Levekostnader i England<\/h2>\n<p>England er det 12 landet med de h\u00f8yeste levekostnadene i verden, men det er fortsatt bostedet for mange expats som velger \u00e5 gj\u00f8re Storbritannia til sitt hjem. Her er noen faste utgifter per person for m\u00e5nedlige kostnader \u00e5 huske p\u00e5 f\u00f8r du flytter til England<\/p>\n<\/p>\n<table>\n<tbody>\n<tr>\n<td>Utgifter<\/td>\n<td>Omtrentlig pris (i pund sterling \u00a3)<\/td>\n<\/tr>\n<tr>\n<td>Overnatting (inkludert regninger)*<\/td>\n<td>360-600 <\/td>\n<\/tr>\n<tr>\n<td>Mat**<\/td>\n<td>160-200<\/td>\n<\/tr>\n<tr>\n<td>TV Lisens<\/td>\n<td>12,56 <\/td>\n<\/tr>\n<tr>\n<td>Mobiltelefon<\/td>\n<td>15-50<\/td>\n<\/tr>\n<tr>\n<td>Kl\u00e6r \/ sko<\/td>\n<td>25<\/td>\n<\/tr>\n<tr>\n<td>Fritid<\/td>\n<td>120<\/td>\n<\/tr>\n<tr>\n<td>Transport Oyster (ukentlig pass)<\/td>\n<td>28,60<\/td>\n<\/tr>\n<tr>\n<td>Total<\/td>\n<td>804,56 \u2013 1119,56<\/td>\n<\/tr>\n<\/tbody>\n<\/table>\n<p>* Prisene kan variere avhengig av nabolaget, antall personer som bor i leiligheten og fasilitetene.<\/p>\n<p>**Kommer veldig an p\u00e5 kostholdet ditt og hvilke butikker du kj\u00f8per mat og drikke.<\/p>\n<p><img loading=\"lazy\" decoding=\"async\" class=\"alignnone size-full wp-image-9394\" src=\"https:\/\/www.jobsqd.com\/wp-content\/uploads\/2023\/07\/work-in-london-min.png\" alt=\"\" width=\"850\" height=\"550\" srcset=\"https:\/\/www.jobsqd.com\/wp-content\/uploads\/2023\/07\/work-in-london-min.png 850w, https:\/\/www.jobsqd.com\/wp-content\/uploads\/2023\/07\/work-in-london-min-300x194.png 300w, https:\/\/www.jobsqd.com\/wp-content\/uploads\/2023\/07\/work-in-london-min-768x497.png 768w\" sizes=\"(max-width: 850px) 100vw, 850px\" \/><\/p>\n<h2>Hvorfor her?<\/h2>\n<p>\u00c5 bo i England er perfekt for de som \u00f8nsker \u00e5 forbedre sine spr\u00e5kkunnskaper, med et avslappende liv, men med en magisk touch. Du vil ikke kjede deg med \u00e5 bo i England, enda mindre hvis du er den eventyrlystne typen. Fordi avstandene i England er relativt korte, s\u00e5 det tar ikke lang tid \u00e5 se et nytt spennende destinasjon. \u00c5 jobbe her vil tillate deg \u00e5 f\u00e5 erfaring i et godt milj\u00f8 med humor, men ogs\u00e5 profesjonalitet. Vi har <a href=\"https:\/\/www.jobsqd.com\/jobs\/location\/159501\/Nottingham\/page\/1\">ledige stillinger i Nottingham!<\/a> Sjekk v\u00e5re tilbud og kontakt oss!<\/p>\n<\/div>\n<\/div>\n<\/div>\n<\/div>\n<\/div>\n<\/div>\n\t\t\t\t\t\t\t\t<\/div>\n\t\t\t\t\t<\/div>\n\t\t<\/div>\n\t\t\t\t\t<\/div>\n\t\t<\/section>\n\t\t\t\t<\/div>\n\t\t","protected":false},"excerpt":{"rendered":"<p>Flytter til England Hvis du fant en jobbtilbud i England og lurer p\u00e5 hvordan flytte til England eller hvordan livet&#8230;<\/p>\n","protected":false},"author":56,"featured_media":0,"parent":0,"menu_order":0,"comment_status":"closed","ping_status":"closed","template":"","meta":{"footnotes":""},"class_list":["post-30093","page","type-page","status-publish","hentry","no-post-thumbnail","pt-10"],"_links":{"self":[{"href":"https:\/\/www.jobsqd.com\/no\/wp-json\/wp\/v2\/pages\/30093","targetHints":{"allow":["GET"]}}],"collection":[{"href":"https:\/\/www.jobsqd.com\/no\/wp-json\/wp\/v2\/pages"}],"about":[{"href":"https:\/\/www.jobsqd.com\/no\/wp-json\/wp\/v2\/types\/page"}],"author":[{"embeddable":true,"href":"https:\/\/www.jobsqd.com\/no\/wp-json\/wp\/v2\/users\/56"}],"replies":[{"embeddable":true,"href":"https:\/\/www.jobsqd.com\/no\/wp-json\/wp\/v2\/comments?post=30093"}],"version-history":[{"count":1,"href":"https:\/\/www.jobsqd.com\/no\/wp-json\/wp\/v2\/pages\/30093\/revisions"}],"predecessor-version":[{"id":102506,"href":"https:\/\/www.jobsqd.com\/no\/wp-json\/wp\/v2\/pages\/30093\/revisions\/102506"}],"wp:attachment":[{"href":"https:\/\/www.jobsqd.com\/no\/wp-json\/wp\/v2\/media?parent=30093"}],"curies":[{"name":"wp","href":"https:\/\/api.w.org\/{rel}","templated":true}]}}