{"id":29240,"date":"2023-03-04T13:45:40","date_gmt":"2023-03-04T12:45:40","guid":{"rendered":"https:\/\/www.jobsqd.com\/kandidat-kontakt"},"modified":"2025-04-15T21:36:12","modified_gmt":"2025-04-15T19:36:12","slug":"kandidat-kontakt","status":"publish","type":"page","link":"https:\/\/www.jobsqd.com\/no\/kandidat-kontakt\/","title":{"rendered":"Kontaktinformasjon for kandidater"},"content":{"rendered":"\t\t<div data-elementor-type=\"wp-page\" data-elementor-id=\"29240\" class=\"elementor elementor-29240 elementor-127\" data-elementor-post-type=\"page\">\n\t\t\t\t\t\t<section class=\"elementor-section elementor-top-section elementor-element elementor-element-3d5a72e elementor-section-boxed elementor-section-height-default elementor-section-height-default\" data-id=\"3d5a72e\" data-element_type=\"section\" data-e-type=\"section\" data-settings=\"{&quot;background_background&quot;:&quot;classic&quot;}\">\n\t\t\t\t\t\t<div class=\"elementor-container elementor-column-gap-default\">\n\t\t\t\t\t<div class=\"elementor-column elementor-col-50 elementor-top-column elementor-element elementor-element-dd3edc8\" data-id=\"dd3edc8\" data-element_type=\"column\" data-e-type=\"column\">\n\t\t\t<div class=\"elementor-widget-wrap elementor-element-populated\">\n\t\t\t\t\t\t<div class=\"elementor-element elementor-element-ec2c6b7 m-0 elementor-widget elementor-widget-title\" data-id=\"ec2c6b7\" data-element_type=\"widget\" data-e-type=\"widget\" data-widget_type=\"title.default\">\n\t\t\t\t<div class=\"elementor-widget-container\">\n\t\t\t\t\t<h2 class=\"control-heading-title\">Ta kontakt i dag<\/h2>\t\t\t\t<\/div>\n\t\t\t\t<\/div>\n\t\t\t\t<div class=\"elementor-element elementor-element-90c6d86 m-0 elementor-widget elementor-widget-title\" data-id=\"90c6d86\" data-element_type=\"widget\" data-e-type=\"widget\" data-widget_type=\"title.default\">\n\t\t\t\t<div class=\"elementor-widget-container\">\n\t\t\t\t\t<p class=\"control-heading-title color-text-paragraph-2 mb-30\">Hvis du har sp\u00f8rsm\u00e5l, ikke n\u00f8l med \u00e5 kontakte oss.<\/p>\t\t\t\t<\/div>\n\t\t\t\t<\/div>\n\t\t\t\t\t<\/div>\n\t\t<\/div>\n\t\t\t\t<div class=\"elementor-column elementor-col-50 elementor-top-column elementor-element elementor-element-21ad81b\" data-id=\"21ad81b\" data-element_type=\"column\" data-e-type=\"column\">\n\t\t\t<div class=\"elementor-widget-wrap elementor-element-populated\">\n\t\t\t\t\t\t<div class=\"elementor-element elementor-element-756ab08 m-0 elementor-widget elementor-widget-title\" data-id=\"756ab08\" data-element_type=\"widget\" data-e-type=\"widget\" data-widget_type=\"title.default\">\n\t\t\t\t<div class=\"elementor-widget-container\">\n\t\t\t\t\t<p class=\"control-heading-title color-text-paragraph-2 mb-30\"><b>Telefon:<\/b> +45 28 97 83 85\n\n<br><b>E-post:<\/b> info@jobsqd.com<br><br><br><b>Man-fre:<\/b> 8:00 - 20:00 (CET)<\/p>\t\t\t\t<\/div>\n\t\t\t\t<\/div>\n\t\t\t\t\t<\/div>\n\t\t<\/div>\n\t\t\t\t\t<\/div>\n\t\t<\/section>\n\t\t\t\t<section class=\"elementor-section elementor-top-section elementor-element elementor-element-e80693a elementor-section-full_width elementor-section-height-default elementor-section-height-default\" data-id=\"e80693a\" data-element_type=\"section\" data-e-type=\"section\">\n\t\t\t\t\t\t<div class=\"elementor-container elementor-column-gap-no\">\n\t\t\t\t\t<div class=\"elementor-column elementor-col-100 elementor-top-column elementor-element elementor-element-caadc11\" data-id=\"caadc11\" data-element_type=\"column\" data-e-type=\"column\">\n\t\t\t<div class=\"elementor-widget-wrap elementor-element-populated\">\n\t\t\t\t\t\t<section class=\"elementor-section elementor-inner-section elementor-element elementor-element-23fe4e8 elementor-section-full_width jobbox-contact-form p-0 elementor-section-height-default elementor-section-height-default\" data-id=\"23fe4e8\" data-element_type=\"section\" data-e-type=\"section\">\n\t\t\t\t\t\t<div class=\"elementor-container elementor-column-gap-no\">\n\t\t\t\t\t<div class=\"elementor-column elementor-col-50 elementor-inner-column elementor-element elementor-element-63b9d71\" data-id=\"63b9d71\" data-element_type=\"column\" data-e-type=\"column\">\n\t\t\t<div class=\"elementor-widget-wrap elementor-element-populated\">\n\t\t\t\t\t\t<div class=\"elementor-element elementor-element-2a42400 m-0 elementor-widget elementor-widget-title\" data-id=\"2a42400\" data-element_type=\"widget\" data-e-type=\"widget\" data-widget_type=\"title.default\">\n\t\t\t\t<div class=\"elementor-widget-container\">\n\t\t\t\t\t<span class=\"control-heading-title font-md color-brand-2 m-0\">Vil du snakke med oss?<\/span>\t\t\t\t<\/div>\n\t\t\t\t<\/div>\n\t\t\t\t<div class=\"elementor-element elementor-element-fe7bcd8 m-0 elementor-widget elementor-widget-title\" data-id=\"fe7bcd8\" data-element_type=\"widget\" data-e-type=\"widget\" data-widget_type=\"title.default\">\n\t\t\t\t<div class=\"elementor-widget-container\">\n\t\t\t\t\t<h2 class=\"control-heading-title\">Ta kontakt<\/h2>\t\t\t\t<\/div>\n\t\t\t\t<\/div>\n\t\t\t\t<div class=\"elementor-element elementor-element-49930f7 m-0 elementor-widget elementor-widget-title\" data-id=\"49930f7\" data-element_type=\"widget\" data-e-type=\"widget\" data-widget_type=\"title.default\">\n\t\t\t\t<div class=\"elementor-widget-container\">\n\t\t\t\t\t<p class=\"control-heading-title color-text-paragraph-2 mb-30\">Er du interessert i en jobb? Har du sp\u00f8rsm\u00e5l om et bestemt reisem\u00e5l? Eller trenger du hjelp med CV-en din? Vi er her for \u00e5 hjelpe deg!   <\/p>\t\t\t\t<\/div>\n\t\t\t\t<\/div>\n\t\t\t\t<div class=\"elementor-element elementor-element-bffe762 elementor-widget elementor-widget-shortcode\" data-id=\"bffe762\" data-element_type=\"widget\" data-e-type=\"widget\" data-widget_type=\"shortcode.default\">\n\t\t\t\t\t\t\t<div class=\"elementor-shortcode\">\n<div class=\"wpcf7 no-js\" id=\"wpcf7-f29344-o1\" lang=\"nb-NO\" dir=\"ltr\" data-wpcf7-id=\"29344\">\n<div class=\"screen-reader-response\"><p role=\"status\" aria-live=\"polite\" aria-atomic=\"true\"><\/p> <ul><\/ul><\/div>\n<form action=\"\/no\/wp-json\/wp\/v2\/pages\/29240#wpcf7-f29344-o1\" method=\"post\" class=\"wpcf7-form init\" aria-label=\"Kontaktskjema\" novalidate=\"novalidate\" data-status=\"init\">\n<fieldset class=\"hidden-fields-container\"><input type=\"hidden\" name=\"_wpcf7\" value=\"29344\" \/><input type=\"hidden\" name=\"_wpcf7_version\" value=\"6.1.5\" \/><input type=\"hidden\" name=\"_wpcf7_locale\" value=\"nb_NO\" \/><input type=\"hidden\" name=\"_wpcf7_unit_tag\" value=\"wpcf7-f29344-o1\" \/><input type=\"hidden\" name=\"_wpcf7_container_post\" value=\"0\" \/><input type=\"hidden\" name=\"_wpcf7_posted_data_hash\" value=\"\" \/><input type=\"hidden\" name=\"_wpcf7_recaptcha_response\" value=\"\" \/>\n<\/fieldset>\n<div class=\"row\">\n\t<div class=\"col-md-6\">\n\t\t<div class=\"input-style mb-20\">\n\t\t\t<p><span class=\"wpcf7-form-control-wrap\" data-name=\"your-name\"><input size=\"40\" maxlength=\"400\" class=\"wpcf7-form-control wpcf7-text wpcf7-validates-as-required font-sm color-text-paragraph-2\" aria-required=\"true\" aria-invalid=\"false\" placeholder=\"Tast inn navnet ditt\" value=\"\" type=\"text\" name=\"your-name\" \/><\/span>\n\t\t\t<\/p>\n\t\t<\/div>\n\t<\/div>\n\t<div class=\"col-md-6\">\n\t\t<div class=\"input-style mb-20\">\n\t\t\t<p><span class=\"wpcf7-form-control-wrap\" data-name=\"company\"><input size=\"40\" maxlength=\"400\" class=\"wpcf7-form-control wpcf7-text font-sm color-text-paragraph-2\" aria-invalid=\"false\" placeholder=\"Bedrift (valgfritt)\" value=\"\" type=\"text\" name=\"company\" \/><\/span>\n\t\t\t<\/p>\n\t\t<\/div>\n\t<\/div>\n\t<div class=\"col-md-6\">\n\t\t<div class=\"input-style mb-20\">\n\t\t\t<p><span class=\"wpcf7-form-control-wrap\" data-name=\"email\"><input size=\"40\" maxlength=\"400\" class=\"wpcf7-form-control wpcf7-email wpcf7-validates-as-required wpcf7-text wpcf7-validates-as-email font-sm color-text-paragraph-2\" aria-required=\"true\" aria-invalid=\"false\" placeholder=\"Din e-post\" value=\"\" type=\"email\" name=\"email\" \/><\/span>\n\t\t\t<\/p>\n\t\t<\/div>\n\t<\/div>\n\t<div class=\"col-md-6\">\n\t\t<div class=\"input-style mb-20\">\n\t\t\t<p><span class=\"wpcf7-form-control-wrap\" data-name=\"phone\"><input size=\"40\" maxlength=\"400\" class=\"wpcf7-form-control wpcf7-tel wpcf7-text wpcf7-validates-as-tel font-sm color-text-paragraph-2\" aria-invalid=\"false\" placeholder=\"Telefonnummer\" value=\"\" type=\"tel\" name=\"phone\" \/><\/span>\n\t\t\t<\/p>\n\t\t<\/div>\n\t<\/div>\n\t<div class=\"col-md-12\">\n\t\t<div class=\"textarea-style mb-30\">\n\t\t\t<p><span class=\"wpcf7-form-control-wrap\" data-name=\"message\"><textarea cols=\"40\" rows=\"10\" maxlength=\"2000\" class=\"wpcf7-form-control wpcf7-textarea font-sm color-text-paragraph-2\" aria-invalid=\"false\" placeholder=\"Fortell oss om deg selv\" name=\"message\"><\/textarea><\/span>\n\t\t\t<\/p>\n\t\t<\/div>\n\t\t<div class=\"col-md-6\">\n\t\t\t<p><div class=\"main-cf7-captcha\"><span class=\"wpcf7-form-control-wrap input-captcha-cf7\"><input size=\"40\" class=\"wpcf7-form-control wpcf7-captchacf7 wpcf7-validates-as-required cf7_text_captcha\" id=\"input-captcha-cf7\" aria-required=\"true\" aria-invalid=\"false\" placeholder=\"Scriv inn captchaen nedenfor\" value=\"\" type=\"text\" name=\"input-captcha-cf7\" \/><\/span><\/div><img decoding=\"async\" src=\"https:\/\/www.jobsqd.com\/wp-content\/plugins\/text-captcha-contact-form-7\/include\/image.php\" alt=\"cf7captcha\" id=\"image-captcha-cf7\"><a href=\"javascript:void(0);\" id=\"reload_captcha\"><img decoding=\"async\" src=\"https:\/\/www.jobsqd.com\/wp-content\/plugins\/text-captcha-contact-form-7\/assets\/images\/refresh.png\" alt=\"Regenerate Captcha\"><\/a>\n\t\t\t<\/p>\n\t\t<\/div>\n\t\t<p><span class=\"wpcf7-form-control-wrap\" data-name=\"terms\"><span class=\"wpcf7-form-control wpcf7-checkbox wpcf7-validates-as-required mt-6\"><span class=\"wpcf7-list-item first last\"><input type=\"checkbox\" name=\"terms[]\" value=\"Ved \u00e5 klikke p\u00e5 &quot;Kontakt oss&quot;-knappen godtar du v\u00e5re vilk\u00e5r og retningslinjer.\" \/><span class=\"wpcf7-list-item-label\">Ved \u00e5 klikke p\u00e5 &quot;Kontakt oss&quot;-knappen godtar du v\u00e5re vilk\u00e5r og retningslinjer.<\/span><\/span><\/span><\/span><br \/>\n<input class=\"wpcf7-form-control wpcf7-submit has-spinner submit btn btn-send-message\" type=\"submit\" value=\"Send melding\" \/>\n\t\t<\/p>\n\t<\/div>\n<\/div><div class=\"wpcf7-response-output\" aria-hidden=\"true\"><\/div>\n<\/form>\n<\/div>\n<\/div>\n\t\t\t\t\t\t<\/div>\n\t\t\t\t\t<\/div>\n\t\t<\/div>\n\t\t\t\t<div class=\"elementor-column elementor-col-50 elementor-inner-column elementor-element elementor-element-7bb6913 contact-form-img\" data-id=\"7bb6913\" data-element_type=\"column\" data-e-type=\"column\">\n\t\t\t<div class=\"elementor-widget-wrap elementor-element-populated\">\n\t\t\t\t\t\t<div class=\"elementor-element elementor-element-f98c64c elementor-widget elementor-widget-image\" data-id=\"f98c64c\" data-element_type=\"widget\" data-e-type=\"widget\" data-widget_type=\"image.default\">\n\t\t\t\t\t\t\t\t\t\t\t\t\t\t\t<img fetchpriority=\"high\" decoding=\"async\" width=\"755\" height=\"1024\" src=\"https:\/\/www.jobsqd.com\/wp-content\/uploads\/2023\/05\/Skaermbillede-2023-05-24-kl.-16.07.45-755x1024.png\" class=\"attachment-large size-large wp-image-15074 img-fluid\" alt=\"\" srcset=\"https:\/\/www.jobsqd.com\/wp-content\/uploads\/2023\/05\/Skaermbillede-2023-05-24-kl.-16.07.45-755x1024.png 755w, https:\/\/www.jobsqd.com\/wp-content\/uploads\/2023\/05\/Skaermbillede-2023-05-24-kl.-16.07.45-221x300.png 221w, https:\/\/www.jobsqd.com\/wp-content\/uploads\/2023\/05\/Skaermbillede-2023-05-24-kl.-16.07.45-768x1041.png 768w, https:\/\/www.jobsqd.com\/wp-content\/uploads\/2023\/05\/Skaermbillede-2023-05-24-kl.-16.07.45-600x813.png 600w, https:\/\/www.jobsqd.com\/wp-content\/uploads\/2023\/05\/Skaermbillede-2023-05-24-kl.-16.07.45.png 928w\" sizes=\"(max-width: 755px) 100vw, 755px\">\t\t\t\t\t\t\t\t\t\t\t\t\t\t\t<\/div>\n\t\t\t\t\t<\/div>\n\t\t<\/div>\n\t\t\t\t\t<\/div>\n\t\t<\/section>\n\t\t\t\t\t<\/div>\n\t\t<\/div>\n\t\t\t\t\t<\/div>\n\t\t<\/section>\n\t\t\t\t<section class=\"elementor-section elementor-top-section elementor-element elementor-element-1735608 elementor-section-boxed elementor-section-height-default elementor-section-height-default\" data-id=\"1735608\" data-element_type=\"section\" data-e-type=\"section\">\n\t\t\t\t\t\t<div class=\"elementor-container elementor-column-gap-default\">\n\t\t\t\t\t<div class=\"elementor-column elementor-col-100 elementor-top-column elementor-element elementor-element-32f7df5\" data-id=\"32f7df5\" data-element_type=\"column\" data-e-type=\"column\">\n\t\t\t<div class=\"elementor-widget-wrap elementor-element-populated\">\n\t\t\t\t\t\t<div class=\"elementor-element elementor-element-2866033 elementor-widget elementor-widget-image\" data-id=\"2866033\" data-element_type=\"widget\" data-e-type=\"widget\" data-widget_type=\"image.default\">\n\t\t\t\t\t\t\t\t\t\t\t\t\t\t\t<img decoding=\"async\" width=\"1024\" height=\"422\" src=\"https:\/\/www.jobsqd.com\/wp-content\/uploads\/2023\/05\/Lisbon-JobSquad-43-scaled-e1685358511410-1024x422.jpg\" class=\"attachment-large size-large wp-image-13868 img-fluid\" alt=\"\" srcset=\"https:\/\/www.jobsqd.com\/wp-content\/uploads\/2023\/05\/Lisbon-JobSquad-43-scaled-e1685358511410-1024x422.jpg 1024w, https:\/\/www.jobsqd.com\/wp-content\/uploads\/2023\/05\/Lisbon-JobSquad-43-scaled-e1685358511410-300x124.jpg 300w, https:\/\/www.jobsqd.com\/wp-content\/uploads\/2023\/05\/Lisbon-JobSquad-43-scaled-e1685358511410-768x317.jpg 768w, https:\/\/www.jobsqd.com\/wp-content\/uploads\/2023\/05\/Lisbon-JobSquad-43-scaled-e1685358511410-1536x634.jpg 1536w, https:\/\/www.jobsqd.com\/wp-content\/uploads\/2023\/05\/Lisbon-JobSquad-43-scaled-e1685358511410-2048x845.jpg 2048w, https:\/\/www.jobsqd.com\/wp-content\/uploads\/2023\/05\/Lisbon-JobSquad-43-scaled-e1685358511410-1568x647.jpg 1568w, https:\/\/www.jobsqd.com\/wp-content\/uploads\/2023\/05\/Lisbon-JobSquad-43-scaled-e1685358511410-600x248.jpg 600w\" sizes=\"(max-width: 1024px) 100vw, 1024px\">\t\t\t\t\t\t\t\t\t\t\t\t\t\t\t<\/div>\n\t\t\t\t\t<\/div>\n\t\t<\/div>\n\t\t\t\t\t<\/div>\n\t\t<\/section>\n\t\t\t\t<\/div>\n\t\t","protected":false},"excerpt":{"rendered":"<p>Ta kontakt i dag Hvis du har sp\u00f8rsm\u00e5l, ikke n\u00f8l med \u00e5 kontakte oss. Telefon: +45 28 97 83 85&#8230;<\/p>\n","protected":false},"author":56,"featured_media":0,"parent":0,"menu_order":0,"comment_status":"closed","ping_status":"closed","template":"","meta":{"footnotes":""},"class_list":["post-29240","page","type-page","status-publish","hentry","no-post-thumbnail","pt-10"],"_links":{"self":[{"href":"https:\/\/www.jobsqd.com\/no\/wp-json\/wp\/v2\/pages\/29240","targetHints":{"allow":["GET"]}}],"collection":[{"href":"https:\/\/www.jobsqd.com\/no\/wp-json\/wp\/v2\/pages"}],"about":[{"href":"https:\/\/www.jobsqd.com\/no\/wp-json\/wp\/v2\/types\/page"}],"author":[{"embeddable":true,"href":"https:\/\/www.jobsqd.com\/no\/wp-json\/wp\/v2\/users\/56"}],"replies":[{"embeddable":true,"href":"https:\/\/www.jobsqd.com\/no\/wp-json\/wp\/v2\/comments?post=29240"}],"version-history":[{"count":0,"href":"https:\/\/www.jobsqd.com\/no\/wp-json\/wp\/v2\/pages\/29240\/revisions"}],"wp:attachment":[{"href":"https:\/\/www.jobsqd.com\/no\/wp-json\/wp\/v2\/media?parent=29240"}],"curies":[{"name":"wp","href":"https:\/\/api.w.org\/{rel}","templated":true}]}}