{"id":30208,"date":"2023-03-28T07:15:44","date_gmt":"2023-03-28T05:15:44","guid":{"rendered":"https:\/\/www.jobsqd.com\/tyon-hallintapaneeli"},"modified":"2023-03-28T07:15:44","modified_gmt":"2023-03-28T05:15:44","slug":"tyon-hallintapaneeli","status":"publish","type":"page","link":"https:\/\/www.jobsqd.com\/fi\/tyon-hallintapaneeli\/","title":{"rendered":"Ty\u00f6n hallintapaneeli"},"content":{"rendered":"<div id=\"job-manager-job-dashboard\">\n\n<p class=\"account-sign-in\">Sinun t\u00e4ytyy olla kirjautunut sis\u00e4\u00e4n, jotta pystyt hallinnoimaan ilmoituksiasi. <a class=\"button\" href=\"https:\/\/www.jobsqd.com\/wp-login.php?redirect_to=https%3A%2F%2Fwww.jobsqd.com%2Ffi%2Ftyon-hallintapaneeli%2F\" data-bs-toggle=\"modal\">Kirjaudu sis\u00e4\u00e4n<\/a><\/p>\n\n<\/div>\n\n","protected":false},"excerpt":{"rendered":"","protected":false},"author":56,"featured_media":0,"parent":0,"menu_order":0,"comment_status":"closed","ping_status":"closed","template":"","meta":{"footnotes":""},"class_list":["post-30208","page","type-page","status-publish","hentry","no-post-thumbnail","pt-10"],"_links":{"self":[{"href":"https:\/\/www.jobsqd.com\/fi\/wp-json\/wp\/v2\/pages\/30208","targetHints":{"allow":["GET"]}}],"collection":[{"href":"https:\/\/www.jobsqd.com\/fi\/wp-json\/wp\/v2\/pages"}],"about":[{"href":"https:\/\/www.jobsqd.com\/fi\/wp-json\/wp\/v2\/types\/page"}],"author":[{"embeddable":true,"href":"https:\/\/www.jobsqd.com\/fi\/wp-json\/wp\/v2\/users\/56"}],"replies":[{"embeddable":true,"href":"https:\/\/www.jobsqd.com\/fi\/wp-json\/wp\/v2\/comments?post=30208"}],"version-history":[{"count":0,"href":"https:\/\/www.jobsqd.com\/fi\/wp-json\/wp\/v2\/pages\/30208\/revisions"}],"wp:attachment":[{"href":"https:\/\/www.jobsqd.com\/fi\/wp-json\/wp\/v2\/media?parent=30208"}],"curies":[{"name":"wp","href":"https:\/\/api.w.org\/{rel}","templated":true}]}}