{"id":30080,"date":"2023-03-13T16:30:20","date_gmt":"2023-03-13T15:30:20","guid":{"rendered":"https:\/\/www.jobsqd.com\/evastekaytanto"},"modified":"2026-04-09T15:25:31","modified_gmt":"2026-04-09T13:25:31","slug":"evastekaytanto","status":"publish","type":"page","link":"https:\/\/www.jobsqd.com\/fi\/evastekaytanto\/","title":{"rendered":"Ev\u00e4stek\u00e4yt\u00e4nt\u00f6"},"content":{"rendered":"\n<script id=\"CookieDeclaration\" src=\"https:\/\/consent.cookiebot.com\/10d67926-0e5e-443a-b06c-194e7ff44388\/cd.js\" type=\"text\/javascript\" async=\"\"><\/script>\n","protected":false},"excerpt":{"rendered":"","protected":false},"author":56,"featured_media":0,"parent":0,"menu_order":0,"comment_status":"closed","ping_status":"closed","template":"","meta":{"footnotes":""},"class_list":["post-30080","page","type-page","status-publish","hentry","no-post-thumbnail","pt-10"],"_links":{"self":[{"href":"https:\/\/www.jobsqd.com\/fi\/wp-json\/wp\/v2\/pages\/30080","targetHints":{"allow":["GET"]}}],"collection":[{"href":"https:\/\/www.jobsqd.com\/fi\/wp-json\/wp\/v2\/pages"}],"about":[{"href":"https:\/\/www.jobsqd.com\/fi\/wp-json\/wp\/v2\/types\/page"}],"author":[{"embeddable":true,"href":"https:\/\/www.jobsqd.com\/fi\/wp-json\/wp\/v2\/users\/56"}],"replies":[{"embeddable":true,"href":"https:\/\/www.jobsqd.com\/fi\/wp-json\/wp\/v2\/comments?post=30080"}],"version-history":[{"count":1,"href":"https:\/\/www.jobsqd.com\/fi\/wp-json\/wp\/v2\/pages\/30080\/revisions"}],"predecessor-version":[{"id":115353,"href":"https:\/\/www.jobsqd.com\/fi\/wp-json\/wp\/v2\/pages\/30080\/revisions\/115353"}],"wp:attachment":[{"href":"https:\/\/www.jobsqd.com\/fi\/wp-json\/wp\/v2\/media?parent=30080"}],"curies":[{"name":"wp","href":"https:\/\/api.w.org\/{rel}","templated":true}]}}