{"id":111233,"date":"2025-02-25T16:12:17","date_gmt":"2025-02-25T15:12:17","guid":{"rendered":"https:\/\/www.jobsqd.com\/job-squad-stipendi\/"},"modified":"2026-04-10T17:03:44","modified_gmt":"2026-04-10T15:03:44","slug":"job-squad-stipendi","status":"publish","type":"page","link":"https:\/\/www.jobsqd.com\/fi\/job-squad-stipendi\/","title":{"rendered":"Job Squad -stipendi"},"content":{"rendered":"\t\t<div data-elementor-type=\"wp-page\" data-elementor-id=\"111233\" class=\"elementor elementor-111233 elementor-55457\" data-elementor-post-type=\"page\">\n\t\t\t\t<div class=\"elementor-element elementor-element-b8ad648 e-flex e-con-boxed e-con e-parent\" data-id=\"b8ad648\" data-element_type=\"container\" data-e-type=\"container\">\n\t\t\t\t\t<div class=\"e-con-inner\">\n\t\t\t\t<div class=\"elementor-element elementor-element-9845394 elementor-widget elementor-widget-image\" data-id=\"9845394\" data-element_type=\"widget\" data-e-type=\"widget\" data-widget_type=\"image.default\">\n\t\t\t\t\t\t\t\t\t\t\t\t\t\t\t<img fetchpriority=\"high\" decoding=\"async\" width=\"1024\" height=\"250\" src=\"https:\/\/www.jobsqd.com\/wp-content\/uploads\/2025\/02\/Job-Squad-Grant-img-1024x250.png\" class=\"attachment-large size-large wp-image-55611 img-fluid\" alt=\"Job Squad -stipendi ulkomailla ty\u00f6skenteleville\" srcset=\"https:\/\/www.jobsqd.com\/wp-content\/uploads\/2025\/02\/Job-Squad-Grant-img-1024x250.png 1024w, https:\/\/www.jobsqd.com\/wp-content\/uploads\/2025\/02\/Job-Squad-Grant-img-300x73.png 300w, https:\/\/www.jobsqd.com\/wp-content\/uploads\/2025\/02\/Job-Squad-Grant-img-768x188.png 768w, https:\/\/www.jobsqd.com\/wp-content\/uploads\/2025\/02\/Job-Squad-Grant-img-1536x375.png 1536w, https:\/\/www.jobsqd.com\/wp-content\/uploads\/2025\/02\/Job-Squad-Grant-img-2048x501.png 2048w, https:\/\/www.jobsqd.com\/wp-content\/uploads\/2025\/02\/Job-Squad-Grant-img-1568x383.png 1568w\" sizes=\"(max-width: 1024px) 100vw, 1024px\" \/>\t\t\t\t\t\t\t\t\t\t\t\t\t\t\t<\/div>\n\t\t\t\t<div class=\"elementor-element elementor-element-bb7ddcd elementor-widget elementor-widget-title\" data-id=\"bb7ddcd\" data-element_type=\"widget\" data-e-type=\"widget\" data-widget_type=\"title.default\">\n\t\t\t\t<div class=\"elementor-widget-container\">\n\t\t\t\t\t<h1 class=\"control-heading-title\">Job Squad -stipendi<\/h1>\t\t\t\t<\/div>\n\t\t\t\t<\/div>\n\t\t\t\t\t<\/div>\n\t\t\t\t<\/div>\n\t\t<div class=\"elementor-element elementor-element-1e03726 e-flex e-con-boxed e-con e-parent\" data-id=\"1e03726\" data-element_type=\"container\" data-e-type=\"container\">\n\t\t\t\t\t<div class=\"e-con-inner\">\n\t\t\t\t<div class=\"elementor-element elementor-element-e163f7f elementor-widget__width-initial elementor-widget elementor-widget-text-editor\" data-id=\"e163f7f\" data-element_type=\"widget\" data-e-type=\"widget\" data-widget_type=\"text-editor.default\">\n\t\t\t\t\t\t\t\t\t<p style=\"text-align: left;\">Job Squad uskoo, ett\u00e4 kokemus ulkomailla ty\u00f6skentelyst\u00e4 on korvaamaton osa sek\u00e4 henkil\u00f6kohtaista ett\u00e4 ammatillista kehityst\u00e4. T\u00e4m\u00e4n tueksi olemme perustaneet Job Squad -stipendin, joka jaetaan vuosittain henkil\u00f6lle, joka on rohkeasti tarttunut tilaisuuteen ja aloittanut ty\u00f6n ulkomailla. <\/p><p style=\"color: #2c2c2c; text-align: left;\">Job Squad on kansainv\u00e4linen rekrytointiyritys, joka auttaa ihmisi\u00e4 l\u00f6yt\u00e4m\u00e4\u00e4n ty\u00f6mahdollisuuksia ulkomailla. Olemme auttaneet tuhansia ihmisi\u00e4 aloittamaan kansainv\u00e4lisen ty\u00f6seikkailunsa, ja tied\u00e4mme, kuinka paljon t\u00e4m\u00e4 voi merkit\u00e4 sek\u00e4 uran ett\u00e4 henkil\u00f6kohtaisen kehityksen kannalta. <\/p><p style=\"color: #2c2c2c; text-align: left;\">T\u00e4m\u00e4n Job Squad -stipendin avulla haluamme antaa takaisin niille, jotka ovat rohkeasti ottaneet askeleen kohti kansainv\u00e4list\u00e4 ty\u00f6el\u00e4m\u00e4\u00e4 ja uraa ulkomailla.<\/p><h2 style=\"letter-spacing: normal; text-align: left;\">Stipenditiedot<\/h2><p style=\"text-align: left;\">Stipendin m\u00e4\u00e4r\u00e4: 1000 \u20ac<\/p><p style=\"text-align: left;\">Stipendi my\u00f6nnet\u00e4\u00e4n: 1. joulukuuta 2026 (01.12.2026)<\/p><p>Hakemuksen viimeinen p\u00e4iv\u00e4m\u00e4\u00e4r\u00e4: 15. marraskuuta 2026 (15.11.2026)<\/p><h3 style=\"letter-spacing: normal; text-align: left;\">Kelpoisuuskriteerit<\/h3><p style=\"text-align: left;\">Jotta voit tulla harkituksi Job Squad -stipendiin, sinun tulee t\u00e4ytt\u00e4\u00e4 seuraavat vaatimukset:<\/p><ul><li style=\"letter-spacing: normal; text-align: left;\">Sinun tulee olla v\u00e4hint\u00e4\u00e4n 18-vuotias.<\/li><li style=\"text-align: left;\">Sinun tulee olla EU-kansalainen<\/li><li style=\"text-align: left;\">Sinun tulee olla saanut ty\u00f6n ulkomailta ja ty\u00f6skennellyt siell\u00e4 v\u00e4hint\u00e4\u00e4n 4 kuukautta.<\/li><li style=\"text-align: left;\">Sinun tulee olla valmis jakamaan kokemuksesi ulkomailla ty\u00f6skentelyst\u00e4 kanssamme ja muiden kanssa verkossa (sosiaalinen media ja verkkosivusto).<\/li><\/ul><h2 style=\"letter-spacing: normal; text-align: left;\">Hakuprosessi<\/h2><p style=\"color: #2c2c2c; text-align: left;\">Voit hakea t\u00e4ytt\u00e4m\u00e4ll\u00e4 hakemuslomakkeemme,<a href=\"https:\/\/www.jobsqd.com\/wp-content\/uploads\/2025\/02\/Job-Squad-Grant-application-form-1.pdf\"><b> jonka voit ladata t\u00e4\u00e4lt\u00e4<\/b><\/a> tai napsauttamalla alla olevaa sinist\u00e4 painiketta.<\/p><p style=\"color: #2c2c2c; text-align: left;\">Lis\u00e4ksi sinun tulee toimittaa motivoitu hakemus sek\u00e4 todistus ulkomailla ty\u00f6skentelyst\u00e4si. Voit halutessasi liitt\u00e4\u00e4 mukaan muita asiakirjoja, joiden koet vahvistavan hakemustasi, mutta t\u00e4m\u00e4 ei ole pakollista. <\/p><p style=\"color: #2c2c2c; text-align: left;\">L\u00e4het\u00e4 hakemuksesi ja kaikki asiakirjat Lindalle s\u00e4hk\u00f6postitse: <span style=\"font-weight: bold;\">ljs@jobsqd.com<\/span><\/p><p style=\"color: #2c2c2c; text-align: left;\">Onnittelemme sinua rohkeudestasi ja siit\u00e4, ett\u00e4 olet saanut ty\u00f6n ulkomailta. Odotamme innolla kuulevamme kokemuksistasi ulkomailla ja toivotamme sinulle paljon onnea seikkailuusi! <\/p>\t\t\t\t\t\t\t\t<\/div>\n\t\t\t\t\t<\/div>\n\t\t\t\t<\/div>\n\t\t<div class=\"elementor-element elementor-element-94832b0 e-flex e-con-boxed e-con e-parent\" data-id=\"94832b0\" data-element_type=\"container\" data-e-type=\"container\">\n\t\t\t\t\t<div class=\"e-con-inner\">\n\t\t\t\t<div class=\"elementor-element elementor-element-a058f9d elementor-align-center elementor-widget elementor-widget-button\" data-id=\"a058f9d\" data-element_type=\"widget\" data-e-type=\"widget\" data-widget_type=\"button.default\">\n\t\t\t\t\t\t\t\t\t\t<a class=\"elementor-button elementor-button-link elementor-size-sm\" href=\"https:\/\/www.jobsqd.com\/wp-content\/uploads\/2025\/02\/Job-Squad-Grant-application-form-1.pdf\">\n\t\t\t\t\t\t<span class=\"elementor-button-content-wrapper\">\n\t\t\t\t\t\t\t\t\t<span class=\"elementor-button-text\">Lataa PDF-hakemuslomake<\/span>\n\t\t\t\t\t<\/span>\n\t\t\t\t\t<\/a>\n\t\t\t\t\t\t\t\t<\/div>\n\t\t\t\t\t<\/div>\n\t\t\t\t<\/div>\n\t\t\t\t<\/div>\n\t\t","protected":false},"excerpt":{"rendered":"<p>Job Squad -stipendi Job Squad uskoo, ett\u00e4 kokemus ulkomailla ty\u00f6skentelyst\u00e4 on korvaamaton osa sek\u00e4 henkil\u00f6kohtaista ett\u00e4 ammatillista kehityst\u00e4. T\u00e4m\u00e4n tueksi&#8230;<\/p>\n","protected":false},"author":56,"featured_media":55611,"parent":0,"menu_order":0,"comment_status":"closed","ping_status":"closed","template":"","meta":{"footnotes":""},"class_list":["post-111233","page","type-page","status-publish","has-post-thumbnail","hentry"],"_links":{"self":[{"href":"https:\/\/www.jobsqd.com\/fi\/wp-json\/wp\/v2\/pages\/111233","targetHints":{"allow":["GET"]}}],"collection":[{"href":"https:\/\/www.jobsqd.com\/fi\/wp-json\/wp\/v2\/pages"}],"about":[{"href":"https:\/\/www.jobsqd.com\/fi\/wp-json\/wp\/v2\/types\/page"}],"author":[{"embeddable":true,"href":"https:\/\/www.jobsqd.com\/fi\/wp-json\/wp\/v2\/users\/56"}],"replies":[{"embeddable":true,"href":"https:\/\/www.jobsqd.com\/fi\/wp-json\/wp\/v2\/comments?post=111233"}],"version-history":[{"count":1,"href":"https:\/\/www.jobsqd.com\/fi\/wp-json\/wp\/v2\/pages\/111233\/revisions"}],"predecessor-version":[{"id":111234,"href":"https:\/\/www.jobsqd.com\/fi\/wp-json\/wp\/v2\/pages\/111233\/revisions\/111234"}],"wp:featuredmedia":[{"embeddable":true,"href":"https:\/\/www.jobsqd.com\/fi\/wp-json\/wp\/v2\/media\/55611"}],"wp:attachment":[{"href":"https:\/\/www.jobsqd.com\/fi\/wp-json\/wp\/v2\/media?parent=111233"}],"curies":[{"name":"wp","href":"https:\/\/api.w.org\/{rel}","templated":true}]}}