{"id":55651,"date":"2025-02-25T16:12:17","date_gmt":"2025-02-25T15:12:17","guid":{"rendered":"https:\/\/www.jobsqd.com\/job-squad-stipendium\/"},"modified":"2025-07-31T10:48:58","modified_gmt":"2025-07-31T08:48:58","slug":"job-squad-stipendium","status":"publish","type":"page","link":"https:\/\/www.jobsqd.com\/de\/job-squad-stipendium\/","title":{"rendered":"Job Squad Stipendium"},"content":{"rendered":"\t\t<div data-elementor-type=\"wp-page\" data-elementor-id=\"55651\" class=\"elementor elementor-55651 elementor-55457\" data-elementor-post-type=\"page\">\n\t\t\t\t<div class=\"elementor-element elementor-element-b8ad648 e-flex e-con-boxed e-con e-parent\" data-id=\"b8ad648\" data-element_type=\"container\" data-e-type=\"container\">\n\t\t\t\t\t<div class=\"e-con-inner\">\n\t\t\t\t<div class=\"elementor-element elementor-element-9845394 elementor-widget elementor-widget-image\" data-id=\"9845394\" data-element_type=\"widget\" data-e-type=\"widget\" data-widget_type=\"image.default\">\n\t\t\t\t\t\t\t\t\t\t\t\t\t\t\t<img fetchpriority=\"high\" decoding=\"async\" width=\"1024\" height=\"250\" src=\"https:\/\/www.jobsqd.com\/wp-content\/uploads\/2025\/02\/Job-Squad-Grant-img-1024x250.png\" class=\"attachment-large size-large wp-image-55613 img-fluid\" alt=\"Job Squad Stipendium\" srcset=\"https:\/\/www.jobsqd.com\/wp-content\/uploads\/2025\/02\/Job-Squad-Grant-img-1024x250.png 1024w, https:\/\/www.jobsqd.com\/wp-content\/uploads\/2025\/02\/Job-Squad-Grant-img-300x73.png 300w, https:\/\/www.jobsqd.com\/wp-content\/uploads\/2025\/02\/Job-Squad-Grant-img-768x188.png 768w, https:\/\/www.jobsqd.com\/wp-content\/uploads\/2025\/02\/Job-Squad-Grant-img-1536x375.png 1536w, https:\/\/www.jobsqd.com\/wp-content\/uploads\/2025\/02\/Job-Squad-Grant-img-2048x501.png 2048w, https:\/\/www.jobsqd.com\/wp-content\/uploads\/2025\/02\/Job-Squad-Grant-img-1568x383.png 1568w\" sizes=\"(max-width: 1024px) 100vw, 1024px\" \/>\t\t\t\t\t\t\t\t\t\t\t\t\t\t\t<\/div>\n\t\t\t\t<div class=\"elementor-element elementor-element-bb7ddcd elementor-widget elementor-widget-title\" data-id=\"bb7ddcd\" data-element_type=\"widget\" data-e-type=\"widget\" data-widget_type=\"title.default\">\n\t\t\t\t<div class=\"elementor-widget-container\">\n\t\t\t\t\t<h1 class=\"control-heading-title\">Job Squad Stipendium<\/h1>\t\t\t\t<\/div>\n\t\t\t\t<\/div>\n\t\t\t\t\t<\/div>\n\t\t\t\t<\/div>\n\t\t<div class=\"elementor-element elementor-element-1e03726 e-flex e-con-boxed e-con e-parent\" data-id=\"1e03726\" data-element_type=\"container\" data-e-type=\"container\">\n\t\t\t\t\t<div class=\"e-con-inner\">\n\t\t\t\t<div class=\"elementor-element elementor-element-e163f7f elementor-widget__width-initial elementor-widget elementor-widget-text-editor\" data-id=\"e163f7f\" data-element_type=\"widget\" data-e-type=\"widget\" data-widget_type=\"text-editor.default\">\n\t\t\t\t\t\t\t\t\t<p style=\"text-align: left;\">Bei Job Squad sind wir der \u00dcberzeugung, dass internationale Arbeitserfahrung ein unsch\u00e4tzbarer Bestandteil sowohl der pers\u00f6nlichen als auch der beruflichen Entwicklung ist. Zur Unterst\u00fctzung dessen haben wir das Job Squad Stipendium ins Leben gerufen, welches j\u00e4hrlich an eine Person verliehen wird, die den Schritt gewagt und eine Besch\u00e4ftigung im Ausland aufgenommen hat. <\/p><p style=\"color: #2c2c2c; text-align: left;\">Job Squad ist ein internationales Personalvermittlungsunternehmen, das Menschen dabei unterst\u00fctzt, Arbeitsm\u00f6glichkeiten im Ausland zu finden. Wir haben Tausenden Menschen geholfen, ihre internationalen Abenteuer zu beginnen, und wir wissen, wie bedeutsam dies sowohl in beruflicher als auch in pers\u00f6nlicher Hinsicht sein kann. <\/p><p style=\"color: #2c2c2c; text-align: left;\">Mit diesem Stipendium m\u00f6chten wir denjenigen etwas zur\u00fcckgeben, die sich daf\u00fcr entschieden haben, den Schritt in Richtung eines internationalen Arbeitslebens und einer internationalen Karriere zu wagen.<\/p><h2 style=\"letter-spacing: normal; text-align: left;\">Informationen zum Stipendium<\/h2><p style=\"text-align: left;\">Stipendienh\u00f6he: 1000 \u20ac<\/p><p style=\"text-align: left;\">Stipendienvergabe: 1. Dezember 2025 (01.12.2025)<\/p><p>Deadline: 15. November 2025 (15.11.2025)<\/p><h3 style=\"letter-spacing: normal; text-align: left;\">Teilnahmevoraussetzungen<\/h3><p style=\"text-align: left;\">Um f\u00fcr dieses Stipendium in Betracht gezogen zu werden, musst du folgende Voraussetzungen erf\u00fcllen:<\/p><ul><li style=\"letter-spacing: normal; text-align: left;\">Du musst mindestens 18 Jahre alt sein.<\/li><li style=\"text-align: left;\">Du musst EU-B\u00fcrger*in sein.<\/li><li style=\"text-align: left;\">Du musst eine Arbeitsstelle im Ausland gesichert haben und dort mindestens 4 Monate t\u00e4tig gewesen sein.<\/li><li style=\"text-align: left;\">Du musst bereit sein, deine Geschichte mit uns und anderen online zu teilen (soziale Medien und Website).<\/li><\/ul><h2 style=\"letter-spacing: normal; text-align: left;\">Bewerbungsprozess<\/h2><p style=\"color: #2c2c2c; text-align: left;\">Du kannst dich bewerben, indem du unser Bewerbungsformular ausf\u00fcllst, <a href=\"https:\/\/www.jobsqd.com\/wp-content\/uploads\/2025\/02\/Job-Squad-Grant-application-form-1.pdf\">das du hier herunterladen kannst<\/a> oder indem du auf den blauen Button unten klickst<b>.<\/b><\/p><p style=\"color: #2c2c2c; text-align: left;\">Zus\u00e4tzlich musst du eine motivierte Bewerbung sowie Nachweise \u00fcber deine Besch\u00e4ftigung im Ausland einreichen. Falls du weitere relevante Dokumente hast, die deine Bewerbung st\u00e4rken, kannst du sie gerne hinzuf\u00fcgen \u2013 das ist aber kein Muss. <\/p><p style=\"color: #2c2c2c; text-align: left;\">Sende deine Bewerbung und alle Dokumente an Linda unter: <span style=\"font-weight: bold;\">ljs@jobsqd.com<\/span><\/p><p style=\"color: #2c2c2c; text-align: left;\">Gl\u00fcckwunsch zu deinem Mut und dazu, einen Job im Ausland zu ergattern! Wir sind gespannt auf deine Geschichten und w\u00fcnschen dir viel Erfolg bei deinem Abenteuer! <\/p>\t\t\t\t\t\t\t\t<\/div>\n\t\t\t\t\t<\/div>\n\t\t\t\t<\/div>\n\t\t<div class=\"elementor-element elementor-element-94832b0 e-flex e-con-boxed e-con e-parent\" data-id=\"94832b0\" data-element_type=\"container\" data-e-type=\"container\">\n\t\t\t\t\t<div class=\"e-con-inner\">\n\t\t\t\t<div class=\"elementor-element elementor-element-a058f9d elementor-align-center elementor-widget elementor-widget-button\" data-id=\"a058f9d\" data-element_type=\"widget\" data-e-type=\"widget\" data-widget_type=\"button.default\">\n\t\t\t\t\t\t\t\t\t\t<a class=\"elementor-button elementor-button-link elementor-size-sm\" href=\"https:\/\/www.jobsqd.com\/wp-content\/uploads\/2025\/02\/Job-Squad-Grant-application-form-1.pdf\">\n\t\t\t\t\t\t<span class=\"elementor-button-content-wrapper\">\n\t\t\t\t\t\t\t\t\t<span class=\"elementor-button-text\">PDF mit Bewerbungsformular herunterladen<\/span>\n\t\t\t\t\t<\/span>\n\t\t\t\t\t<\/a>\n\t\t\t\t\t\t\t\t<\/div>\n\t\t\t\t\t<\/div>\n\t\t\t\t<\/div>\n\t\t\t\t<\/div>\n\t\t","protected":false},"excerpt":{"rendered":"<p>Job Squad Stipendium Bei Job Squad sind wir der \u00dcberzeugung, dass internationale Arbeitserfahrung ein unsch\u00e4tzbarer Bestandteil sowohl der pers\u00f6nlichen als&#8230;<\/p>\n","protected":false},"author":56,"featured_media":55613,"parent":0,"menu_order":0,"comment_status":"closed","ping_status":"closed","template":"","meta":{"footnotes":""},"class_list":["post-55651","page","type-page","status-publish","has-post-thumbnail","hentry"],"_links":{"self":[{"href":"https:\/\/www.jobsqd.com\/de\/wp-json\/wp\/v2\/pages\/55651","targetHints":{"allow":["GET"]}}],"collection":[{"href":"https:\/\/www.jobsqd.com\/de\/wp-json\/wp\/v2\/pages"}],"about":[{"href":"https:\/\/www.jobsqd.com\/de\/wp-json\/wp\/v2\/types\/page"}],"author":[{"embeddable":true,"href":"https:\/\/www.jobsqd.com\/de\/wp-json\/wp\/v2\/users\/56"}],"replies":[{"embeddable":true,"href":"https:\/\/www.jobsqd.com\/de\/wp-json\/wp\/v2\/comments?post=55651"}],"version-history":[{"count":2,"href":"https:\/\/www.jobsqd.com\/de\/wp-json\/wp\/v2\/pages\/55651\/revisions"}],"predecessor-version":[{"id":96319,"href":"https:\/\/www.jobsqd.com\/de\/wp-json\/wp\/v2\/pages\/55651\/revisions\/96319"}],"wp:featuredmedia":[{"embeddable":true,"href":"https:\/\/www.jobsqd.com\/de\/wp-json\/wp\/v2\/media\/55613"}],"wp:attachment":[{"href":"https:\/\/www.jobsqd.com\/de\/wp-json\/wp\/v2\/media?parent=55651"}],"curies":[{"name":"wp","href":"https:\/\/api.w.org\/{rel}","templated":true}]}}