{"id":33419,"date":"2023-07-11T10:27:15","date_gmt":"2023-07-11T08:27:15","guid":{"rendered":"https:\/\/www.jobsqd.com\/england"},"modified":"2026-03-25T12:33:55","modified_gmt":"2026-03-25T11:33:55","slug":"england","status":"publish","type":"page","link":"https:\/\/www.jobsqd.com\/de\/england\/","title":{"rendered":"England"},"content":{"rendered":"\t\t<div data-elementor-type=\"wp-page\" data-elementor-id=\"33419\" class=\"elementor elementor-33419 elementor-9383\" data-elementor-post-type=\"page\">\n\t\t\t\t\t\t<section class=\"elementor-section elementor-top-section elementor-element elementor-element-7d87e31 hero-1 hero-5 elementor-section-boxed elementor-section-height-default elementor-section-height-default\" data-id=\"7d87e31\" data-element_type=\"section\" data-e-type=\"section\">\n\t\t\t\t\t\t<div class=\"elementor-container elementor-column-gap-no\">\n\t\t\t\t\t<div class=\"elementor-column elementor-col-100 elementor-top-column elementor-element elementor-element-32b42ed\" data-id=\"32b42ed\" data-element_type=\"column\" data-e-type=\"column\">\n\t\t\t<div class=\"elementor-widget-wrap elementor-element-populated\">\n\t\t\t\t\t\t<section class=\"elementor-section elementor-inner-section elementor-element elementor-element-5798523 elementor-section-full_width elementor-section-height-default elementor-section-height-default\" data-id=\"5798523\" data-element_type=\"section\" data-e-type=\"section\">\n\t\t\t\t\t\t<div class=\"elementor-container elementor-column-gap-no\">\n\t\t\t\t\t<div class=\"elementor-column elementor-col-50 elementor-inner-column elementor-element elementor-element-dfdfc57\" data-id=\"dfdfc57\" data-element_type=\"column\" data-e-type=\"column\">\n\t\t\t<div class=\"elementor-widget-wrap elementor-element-populated\">\n\t\t\t\t\t\t<div class=\"elementor-element elementor-element-d8158ca heading-banner elementor-widget elementor-widget-title\" data-id=\"d8158ca\" data-element_type=\"widget\" data-e-type=\"widget\" data-widget_type=\"title.default\">\n\t\t\t\t<div class=\"elementor-widget-container\">\n\t\t\t\t\t<h1 class=\"control-heading-title display-5 fw-bolder\">Working in England<\/h1>\t\t\t\t<\/div>\n\t\t\t\t<\/div>\n\t\t\t\t<div class=\"elementor-element elementor-element-766f2ee elementor-widget__width-initial banner-description mb-0 elementor-widget elementor-widget-text-editor\" data-id=\"766f2ee\" data-element_type=\"widget\" data-e-type=\"widget\" data-widget_type=\"text-editor.default\">\n\t\t\t\t\t\t\t\t\t<p>Wenn du ein <b>Jobangebot in England<\/b> gefunden hast und du dich fragst, wie du <b>nach England ziehen kannst<\/b> oder wie das Leben dort ist, bist du hier genau richtig. England ist f\u00fcr viele Dinge ber\u00fchmt, unter anderem f\u00fcr seine k\u00f6nigliche Familie, die der Welt immer wieder Gespr\u00e4chsstoff gibt, f\u00fcr ihre Geb\u00e4ude wie den Big Beng, ihre roten Doppeldeckerbusse und ihr meist bew\u00f6lktes Klima. <\/p><p>Im Moment sorgt alles rund um den Brexit f\u00fcr Aufregung in den Medien, weil sich alle Menschen, die an einem <b>Job in England<\/b> interessiert sind, fragen, ob sie ein Visum brauchen oder nicht, wie lange sie bleiben k\u00f6nnen usw. Diese Fragen werden wir hier kl\u00e4ren. <\/p>\t\t\t\t\t\t\t\t<\/div>\n\t\t\t\t<div class=\"elementor-element elementor-element-1ab9b36 elementor-widget elementor-widget-text-editor\" data-id=\"1ab9b36\" data-element_type=\"widget\" data-e-type=\"widget\" data-widget_type=\"text-editor.default\">\n\t\t\t\t\t\t\t\t\t<div class=\"mt-40\">\n<div class=\"wow animate__ animate__fadeInUp animated\" style=\"visibility: visible; animation-name: fadeInUp;\"><a class=\"btn btn-default\" href=\"https:\/\/www.jobsqd.com\/de\/finde-moglichkeiten-um-passende-stellenangebote-im-ausland-zu-finden\">Sehe unsere Stellenangebote<\/a><a class=\"btn btn-link text-decoration-underline\" href=\"https:\/\/www.jobsqd.com\/de\/arbeite-im-ausland-mit-job-squad\/\">\u00dcber das Arbeiten im Ausland<\/a><\/div>\n<\/div>\t\t\t\t\t\t\t\t<\/div>\n\t\t\t\t\t<\/div>\n\t\t<\/div>\n\t\t\t\t<div class=\"elementor-column elementor-col-50 elementor-inner-column elementor-element elementor-element-38fe06a\" data-id=\"38fe06a\" data-element_type=\"column\" data-e-type=\"column\">\n\t\t\t<div class=\"elementor-widget-wrap elementor-element-populated\">\n\t\t\t\t\t\t<div class=\"elementor-element elementor-element-1b6c347 elementor-widget elementor-widget-image\" data-id=\"1b6c347\" data-element_type=\"widget\" data-e-type=\"widget\" data-widget_type=\"image.default\">\n\t\t\t\t\t\t\t\t\t\t\t\t\t\t\t<img fetchpriority=\"high\" decoding=\"async\" width=\"850\" height=\"550\" src=\"https:\/\/www.jobsqd.com\/wp-content\/uploads\/2023\/07\/Slovakia.png\" class=\"attachment-large size-large wp-image-22749 img-fluid\" alt=\"\" srcset=\"https:\/\/www.jobsqd.com\/wp-content\/uploads\/2023\/07\/Slovakia.png 850w, https:\/\/www.jobsqd.com\/wp-content\/uploads\/2023\/07\/Slovakia-300x194.png 300w, https:\/\/www.jobsqd.com\/wp-content\/uploads\/2023\/07\/Slovakia-768x497.png 768w\" sizes=\"(max-width: 850px) 100vw, 850px\">\t\t\t\t\t\t\t\t\t\t\t\t\t\t\t<\/div>\n\t\t\t\t\t<\/div>\n\t\t<\/div>\n\t\t\t\t\t<\/div>\n\t\t<\/section>\n\t\t\t\t<section class=\"elementor-section elementor-inner-section elementor-element elementor-element-bf4b5d3 elementor-section-full_width elementor-section-height-default elementor-section-height-default\" data-id=\"bf4b5d3\" data-element_type=\"section\" data-e-type=\"section\">\n\t\t\t\t\t\t<div class=\"elementor-container elementor-column-gap-no\">\n\t\t\t\t\t<div class=\"elementor-column elementor-col-33 elementor-inner-column elementor-element elementor-element-6036e38\" data-id=\"6036e38\" data-element_type=\"column\" data-e-type=\"column\">\n\t\t\t<div class=\"elementor-widget-wrap\">\n\t\t\t\t\t\t\t<\/div>\n\t\t<\/div>\n\t\t\t\t<div class=\"elementor-column elementor-col-33 elementor-inner-column elementor-element elementor-element-eb31ae6\" data-id=\"eb31ae6\" data-element_type=\"column\" data-e-type=\"column\">\n\t\t\t<div class=\"elementor-widget-wrap elementor-element-populated\">\n\t\t\t\t\t\t<div class=\"elementor-element elementor-element-bf24cc6 text-center elementor-widget elementor-widget-template\" data-id=\"bf24cc6\" data-element_type=\"widget\" data-e-type=\"widget\" data-widget_type=\"template.default\">\n\t\t\t\t<div class=\"elementor-widget-container\">\n\t\t\t\t\t\r\n<div class=\"banner-hero p-0\">\r\n    <div class=\"block-banner p-0\">\r\n        <div class=\"form-find mt-40 wow animate__animated animate__fadeIn\" data-wow-delay=\".2s\">\r\n            \r\n            <form method=\"get\" action=\"https:\/\/www.jobsqd.com\/jobs\/\">\r\n                <div class=\"job_filters_wrap d-md-flex\">\r\n\r\n                                        <div class=\"box-industry\">\r\n                        <select class=\"form-input mr-10 select-active input-industry workinghere\" name=\"search_category\">\r\n                            <option value=\"\">Sprache<\/option>\r\n                                                            <option value=\"danisch\">D\u00e4nisch<\/option>\r\n                                                            <option value=\"deutsch\">Deutsch<\/option>\r\n                                                            <option value=\"englisch\">Englisch<\/option>\r\n                                                            <option value=\"finnisch\">Finnisch<\/option>\r\n                                                            <option value=\"niederlandisch\">Niederl\u00e4ndisch<\/option>\r\n                                                    <\/select>\r\n                    <\/div>\r\n                    \r\n                                        <select class=\"form-input mr-10 select-active\" name=\"search_location\" id=\"search_location\">\r\n                        <option value=\"\">Standort<\/option>\r\n                                                    <option value=\"Bulgarien\">Bulgarien<\/option>\r\n                                                    <option value=\"Deutschland\">Deutschland<\/option>\r\n                                                    <option value=\"D\u00e4nemark\">D\u00e4nemark<\/option>\r\n                                                    <option value=\"Europa\">Europa<\/option>\r\n                                                    <option value=\"Finnland\">Finnland<\/option>\r\n                                                    <option value=\"Griechenland\">Griechenland<\/option>\r\n                                                    <option value=\"Irland\">Irland<\/option>\r\n                                                    <option value=\"Lettland\">Lettland<\/option>\r\n                                                    <option value=\"Malta\">Malta<\/option>\r\n                                                    <option value=\"Malta, Hybrid\">Malta, Hybrid<\/option>\r\n                                                    <option value=\"Polen\">Polen<\/option>\r\n                                                    <option value=\"Portugal\">Portugal<\/option>\r\n                                                    <option value=\"Remote\">Remote<\/option>\r\n                                                    <option value=\"Rum\u00e4nien\">Rum\u00e4nien<\/option>\r\n                                                    <option value=\"Rum\u00e4nien, Remote\">Rum\u00e4nien, Remote<\/option>\r\n                                                    <option value=\"Slovakei\">Slovakei<\/option>\r\n                                                    <option value=\"Spanien\">Spanien<\/option>\r\n                                                    <option value=\"Thailand\">Thailand<\/option>\r\n                                                    <option value=\"Tschechien\">Tschechien<\/option>\r\n                                                    <option value=\"Ungarn\">Ungarn<\/option>\r\n                                                    <option value=\"Vollst\u00e4ndig Remote\">Vollst\u00e4ndig Remote<\/option>\r\n                                                    <option value=\"Zypern\">Zypern<\/option>\r\n                                                    <option value=\"Zypern, Hybrid\">Zypern, Hybrid<\/option>\r\n                                                    <option value=\"\u00d6sterreich\">\u00d6sterreich<\/option>\r\n                                            <\/select>\r\n                    \r\n                                        <input class=\"form-input input-keysearch mr-10\" type=\"text\" name=\"search_keywords\" id=\"search_keywords\" placeholder=\"Schl\u00fcsselwort\" \/>\r\n                    \r\n                    <input class=\"btn btn-default btn-find font-sm\" type=\"submit\" value=\"Suche\">\r\n                <\/div>\r\n            <\/form>\r\n\r\n        <\/div>\r\n\r\n                \r\n    <\/div>\r\n<\/div>\t\t\t\t<\/div>\n\t\t\t\t<\/div>\n\t\t\t\t\t<\/div>\n\t\t<\/div>\n\t\t\t\t<div class=\"elementor-column elementor-col-33 elementor-inner-column elementor-element elementor-element-912ee38\" data-id=\"912ee38\" data-element_type=\"column\" data-e-type=\"column\">\n\t\t\t<div class=\"elementor-widget-wrap\">\n\t\t\t\t\t\t\t<\/div>\n\t\t<\/div>\n\t\t\t\t\t<\/div>\n\t\t<\/section>\n\t\t\t\t\t<\/div>\n\t\t<\/div>\n\t\t\t\t\t<\/div>\n\t\t<\/section>\n\t\t\t\t<section class=\"elementor-section elementor-top-section elementor-element elementor-element-4d15d9a elementor-section-boxed elementor-section-height-default elementor-section-height-default\" data-id=\"4d15d9a\" data-element_type=\"section\" data-e-type=\"section\">\n\t\t\t\t\t\t<div class=\"elementor-container elementor-column-gap-default\">\n\t\t\t\t\t<div class=\"elementor-column elementor-col-100 elementor-top-column elementor-element elementor-element-863ba93\" data-id=\"863ba93\" data-element_type=\"column\" data-e-type=\"column\">\n\t\t\t<div class=\"elementor-widget-wrap elementor-element-populated\">\n\t\t\t\t\t\t<div class=\"elementor-element elementor-element-4c3bd50 elementor-widget elementor-widget-text-editor\" data-id=\"4c3bd50\" data-element_type=\"widget\" data-e-type=\"widget\" data-widget_type=\"text-editor.default\">\n\t\t\t\t\t\t\t\t\t<div id=\"countryguide-body\" class=\"jobsqd-template-body\"><div id=\"countryguide-body\" class=\"jobsqd-template-body\"><div id=\"content\" class=\"site-content\"><div class=\"ast-container\"><div class=\"jobsqd-template-container\"><div id=\"countryguide-body\" class=\"jobsqd-template-body\"><h2>Die grundlegenden Fakten \u00fcber England<\/h2><p>England geh\u00f6rt zusammen mit Wales, Schottland und Nordirland zum Vereinigten K\u00f6nigreich (UK), sein Territorium umfasst zwei Drittel der Insel Gro\u00dfbritannien und vorgelagerte Inseln wie die Isle of Wight und die Scilly-Inseln. Als Grenzen gelten Schottland im Norden und Wales im Westen. <\/p><p>Als K\u00f6nigreich haben sie eine eigene Monarchie, was einer der Gr\u00fcnde ist, warum England so beliebt ist. F\u00fcr die Royal-Fans der englischen Metropole ist ein Abstecher zum Buckingham Palast ein Muss. <\/p><p>England hat wirklich bemerkenswerte Jahreszeiten. Du kannst ein Jahr lang die Freude aller Jahreszeiten in Englands bester Lage erleben. Auch ist in England alles ziemlich nah. Wenn du in ein anderes Dorf reisen m\u00f6chtest, ist es etwa 30 Minuten mit dem Auto oder h\u00f6chstens 2 Stunden entfernt, sodass du problemlos Wochenendausfl\u00fcge planen kannst, um das Land kennenzulernen. <\/p><p> <\/p><h2>Englands Kultur im Laufe der Jahre<\/h2><p>Kulturell war England hinsichtlich seiner Traditionen ein homogenes Land, aber mit der Expansion des britischen Empire begann es, Br\u00e4uche aus vielen verschiedenen L\u00e4ndern zu empfangen. Derzeit gilt es als das am st\u00e4rksten bev\u00f6lkerte Land Europas, was erkl\u00e4rt, warum die Visumpflicht f\u00fcr die Einreise in das Land schon f\u00fcr relativ kurze Zeit notwendig ist. <\/p><p><img decoding=\"async\" class=\"alignnone size-full wp-image-9391\" src=\"https:\/\/www.jobsqd.com\/wp-content\/uploads\/2023\/07\/British-food-min.png\" alt=\"\" width=\"850\" height=\"550\" srcset=\"https:\/\/www.jobsqd.com\/wp-content\/uploads\/2023\/07\/British-food-min.png 850w, https:\/\/www.jobsqd.com\/wp-content\/uploads\/2023\/07\/British-food-min-300x194.png 300w, https:\/\/www.jobsqd.com\/wp-content\/uploads\/2023\/07\/British-food-min-768x497.png 768w\" sizes=\"(max-width: 850px) 100vw, 850px\" \/><\/p><h2>Die englische K\u00fcche <\/h2><p> <\/p><p>Die Kochkunst in England ist vielleicht nicht die ges\u00fcndeste von allen, aber auf jeden Fall k\u00f6stlich. Ihr Essen besteht aus Rind-, <a href=\"https:\/\/www.britannica.com\/topic\/lamb-meat\" target=\"_blank\" rel=\"noopener\">Lamm-,<\/a> Schweine-, H\u00fchner- und Fischgerichten, die alle mit einem Minimum an Gew\u00fcrzen zubereitet und im Allgemeinen mit Kartoffeln und einem weiteren Gem\u00fcse serviert werden.  Bei Fisch, meist Kabeljau oder Schellfisch, frittiert und mit Kartoffeln serviert, spricht man von \u201eFish and Chips\u201c und ist eines der beliebtesten Gerichte. Ihr Fr\u00fchst\u00fcck ist eine gute Vorspeise f\u00fcr den Tag, mit Eiern, Pisse, Wurst, Brot, Speck und Salat, alles auf einmal, man w\u00fcrde sagen, es ist zu viel, aber es ist einfacher, sich an leckeres Essen zu gew\u00f6hnen. Zum Mittagessen lieben sie Cream Tea, also Erdbeere mit Sahne und einer Tasse Tee (mit etwas Milch). Wenn Sie also ein Teeliebhaber sind, ist England genau das Richtige f\u00fcr Sie.  <\/p><p>Englisches Essen ist nicht so scharf, sie f\u00fcgen lieber verschiedene Aromen aus verschiedenen Zutaten hinzu, anstatt zu viel zu w\u00fcrzen. Wenn du in England lebst, wirst du auf jeden Fall die Mischung vieler Geschmacksrichtungen zu sch\u00e4tzen lernen und dein Wissen erweitern, \u00fcber was du beim Essen f\u00fcr normal gehalten hattest. <\/p><p><img decoding=\"async\" class=\"alignnone size-full wp-image-9392\" src=\"https:\/\/www.jobsqd.com\/wp-content\/uploads\/2023\/07\/VISA-england-min.png\" alt=\"\" width=\"850\" height=\"550\" srcset=\"https:\/\/www.jobsqd.com\/wp-content\/uploads\/2023\/07\/VISA-england-min.png 850w, https:\/\/www.jobsqd.com\/wp-content\/uploads\/2023\/07\/VISA-england-min-300x194.png 300w, https:\/\/www.jobsqd.com\/wp-content\/uploads\/2023\/07\/VISA-england-min-768x497.png 768w\" sizes=\"(max-width: 850px) 100vw, 850px\" \/><\/p><h2>Arbeit in England mit einem Visum f\u00fcr europ\u00e4ische Staatsb\u00fcrger<\/h2><p>Die britische Arbeitskultur ist ganz anders als an jedem anderen Ort. Viele Expats reden immer davon, wie freundlich und entspannt das Arbeitsumfeld in England ist, aber was an der Arbeit in England hervorsticht, ist ihr Sinn f\u00fcr Humor, auch w\u00e4hrend der Arbeit, sei also vorbereitet daf\u00fcr. Auch ist es \u00fcblich, Geburtstagsfeiern w\u00e4hrend der Arbeit zu veranstalten oder sich einen Nachmittag zum geselligen Beisammensein zu g\u00f6nnen. Das h\u00e4ngt von der Art deiner Arbeit ab, ist aber in England \u00e4u\u00dfert normal. <\/p><p>Aber lass uns die Dinge nicht verwirren: Die Briten arbeiten wirklich hart an ihren Pflichten, sodass sie von Zeit zu Zeit eine wohlverdiente Zeit zum Entspannen ben\u00f6tigen. In England ist es \u00fcblich, mit Kollegen auszugehen, sodass man jeden Freitag abends in einem Pub abh\u00e4ngen und Kontakte kn\u00fcpfen kann. <\/p><p> <\/p><blockquote><p><b><i>Kurzer Kulturtipp: Sei offen f\u00fcr Vorschl\u00e4ge. Briten \u00fcben gerne konstruktive Kritik aus, wenn sie dir also etwas sagen, mit dem du deine F\u00e4higkeiten oder deine Methode verbessern kannst, nimm es als Weiterentwicklungsm\u00f6glichkeit auf. <\/i><\/b><\/p><\/blockquote><p>Mit seiner Balance zwischen Entspannung und harter Arbeit ist England ein gro\u00dfartiger Ort, um in jedem Berufseinstieg Erfahrungen zu sammeln. Wir k\u00f6nnen dir helfen, wenn du dem eine Chance geben m\u00f6chtest. Du kannst dir unsere verf\u00fcgbaren Stellen ansehen <a href=\"https:\/\/www.jobsqd.com\/jobs\/location\/159501\/Nottingham\/page\/1\">Stellenangebote in Nottingham<\/a> Hier und f\u00fchle dich frei <a href=\"https:\/\/www.jobsqd.com\/contact-us\/\">uns zu kontaktieren<\/a> Mit jedem Zweifel.<\/p><div class=\"jobsqd-job-btn\"><a href=\"https:\/\/www.jobsqd.com\/jobs\/location\/159501\/Nottingham\/page\/1\" target=\"_blank\" rel=\"noopener\"><button>Schau dir unsere Stellenangebote in Nottingham an!<\/button><\/a><\/div><h3>Visum und Arbeitserlaubnis in England<\/h3><p>Nach dem BREXIT fragen sich alle, ob sie ein Visum brauchen, <b>um nach England zu reisen<\/b> , selbst wenn man aus der EU kommt, und tats\u00e4chlich konnte man bis zum 30. Dezember 2020 einen VISA-freien Aufenthalt in England haben, wenn man aus einem EU-Land kam, aber das hat sich ge\u00e4ndert und fast jeder muss ein VISA beantragen, wenn er angibt mehr als 3 oder 6 Monate zu bleiben. Dies kann sich jedoch je nach Art der Arbeit \u00e4ndern. <a href=\"https:\/\/www.gov.uk\/check-uk-visa\" target=\"_blank\" rel=\"noopener\">HIER<\/a> findest du daher eine offizielle Website der britischen Regierung, auf der du pr\u00fcfen kannst, welches Visum du ben\u00f6tigst. <\/p><p> <\/p><h3>Steuern in England<\/h3><p>Um arbeiten zu k\u00f6nnen, musst du \u00fcber die National Insurance Number (NIN) verf\u00fcgen, die deine Identifikationsnummer f\u00fcr die Steuerverwaltung ist. Du kannst diese bei der zust\u00e4ndigen Beh\u00f6rde erhalten. Dort wirst du aufgefordert, dich an das f\u00fcr deinen Standort zust\u00e4ndige Jobcenter zu wenden. Es dauert etwa zwei bis drei Wochen, bis du einen Termin erh\u00e4ltst. Da du ohne diesen Termin nicht arbeiten kanns, empfehlen wir dir, zwei bis drei Wochen vor deiner Ankunft im Land anzurufen, damit du einen Termin vereinbaren kannst.  <\/p><p><img loading=\"lazy\" decoding=\"async\" class=\"alignnone size-full wp-image-9393\" src=\"https:\/\/www.jobsqd.com\/wp-content\/uploads\/2023\/07\/Why-england-min.png\" alt=\"\" width=\"850\" height=\"550\" srcset=\"https:\/\/www.jobsqd.com\/wp-content\/uploads\/2023\/07\/Why-england-min.png 850w, https:\/\/www.jobsqd.com\/wp-content\/uploads\/2023\/07\/Why-england-min-300x194.png 300w, https:\/\/www.jobsqd.com\/wp-content\/uploads\/2023\/07\/Why-england-min-768x497.png 768w\" sizes=\"(max-width: 850px) 100vw, 850px\" \/><\/p><h3>Arbeite in London<\/h3><p>London ist die britische Gro\u00dfstadt mit der h\u00f6chsten kommerziellen Aktivit\u00e4t im Vereinigten K\u00f6nigreich und hat 1.563 Unternehmen pro 10.000 Einwohner. Du kannst dir also vorstellen, dass es viele Orte gibt, an denen du die M\u00f6glichkeit hast, deine Karriere zu starten oder eine gro\u00dfartige Erfahrung zu machen. M\u00f6chtest du <b>nach London ziehen<\/b>, solltest du dir zun\u00e4chst dar\u00fcber im Klaren sein, dass die Stadt nicht jedermanns Sache ist, aber es ist die Heimat vieler Auswanderer, daher ist die Vielfalt riesig. Es ist eine regnerische Stadt mit hoher Aktivit\u00e4t, sodass du hier ein St\u00fcck von jedem Teil der Welt finden kannst. <\/p><p>Finde heraus, wo du wohnen m\u00f6chtest und welche Bed\u00fcrfnisse du hast. Egal ob Mitten im Trubel, oder neben einem ruhigen Park, f\u00fcr jeden findet sich eine passende Ecke. Das wird dir dabei helfen, dich an die Gro\u00dfstadt zu gew\u00f6hnen. Besorge dir also einen Stadtplan, um die Stra\u00dfen zu erkunden, damit du ein besseres Erlebnis hast. <\/p><p> <\/p><h2>So findest du eine Wohnung in England<\/h2><p>Die Anmietung einer Wohnung oder eines Zimmers in England h\u00e4ngt davon ab, in welcher Zone du dich befindest, wie nahe die Haltestelle an den n\u00e4chsten \u00f6ffentlichen Verkehrsmitteln liegt, in welcher Stadt du leben m\u00f6chtest und vieles mehr. Lass uns \u00fcber die Dinge sprechen, die du \u00fcber das Mieten in England unbedingt wissen solltest. <\/p><p><b>Zus\u00e4tzliche Kosten<\/b>: Denke daran, dass es neben dem Mietpreis auch immer zus\u00e4tzliche Rechnungen gibt, die bezahlen werden m\u00fcssen, sodass am Ende viel mehr anfallen als der Preis, den du f\u00fcr die Wohnung siehst. Denke daran, wenn du dein Budget festlegst.  <\/p><blockquote><p><b><i>Wir empfehlen, nach etwas zu suchen, das nicht mehr als 30 % deines Einkommens ausmacht, und wenn es in London liegen soll, wirst du am Ende wahrscheinlich bei etwa 40 % landen.<\/i><\/b><\/p><\/blockquote><p><b>Du musst ein \u201eAngebot\u201c machen<\/b>: Der in der Anzeige angegebene Mietpreis ist nicht unbedingt der endg\u00fcltige Preis, da die Vermietung in England, insbesondere in London, recht kompliziert ist. Vermieter warten normalerweise auf die verschiedenen Angebote, bevor sie sich f\u00fcr eines entscheiden, das f\u00fcr sie von Vorteil ist.<\/p><p><b>Kaution:<\/b> In der Regel werden Kautionen in H\u00f6he von etwa 5 Wochen Miete berechnet. Diese sollten wieder zur\u00fcck gegeben werden, wenn die Immobilie w\u00e4hrend deines Aufenthalts durch dich keinen Schaden erlitten hat. Stelle sicher, dass die Kaution vom <b>Tenancy Deposit Scheme (TDS)<\/b> einbehalten wird, denn wenn der Vermieter sich unter falschen Annahmen weigert, dir deine Kaution zur\u00fcckzuzahlen, kannst du einen Streitfall er\u00f6ffnen und dein Geld zur\u00fcckerhalten. <\/p><p>Sobald du herausgefunden hast, wo du wohnen m\u00f6chtest und wie viel du dir leisten m\u00f6chtest, kannst du dich auf die Suche nach einer passenden Unterkunft machen.<\/p><p> <\/p><h2>Lebensunterhaltungskosten in England<\/h2><p>England ist das zw\u00f6lftgr\u00f6\u00dfte Land der Welt mit den h\u00f6chsten Lebenshaltungskosten, aber es ist immer noch der Wohnort vieler Expats, die sich daf\u00fcr entscheiden, Gro\u00dfbritannien zu ihrer Heimat zu machen. Hier sind einige regelm\u00e4\u00dfige Ausgaben pro Person und Monat, die du vor einem Umzug nach England im Auge behalten solltest. <\/p><p> <\/p><table><tbody><tr><td>Ausgaben<\/td> <td>Ungef\u00e4hrer Preis (in Pfund Sterling \u00a3)<\/td> <\/tr><tr><td>Unterkunft (beinhaltet Nevenkosten)*<\/td><td>360-600<\/td><\/tr><tr><td>Essen**<\/td><td>160-200<\/td><\/tr><tr><td>TV Geb\u00fchr<\/td><td>12,56 <\/td> <\/tr><tr><td>Telefonrechnung<\/td><td>15-50<\/td><\/tr><tr><td>Kleidung\/Schuhe<\/td><td>25<\/td><\/tr><tr><td>Freizeit<\/td> <td>120<\/td><\/tr><tr><td>\u00d6ffentliche Verkehrsmittel (w\u00f6chtentlich)<\/td><td>28,60<\/td><\/tr><tr><td>Total<\/td><td>804,56 \u2013 1119,56<\/td><\/tr><\/tbody><\/table><p>*Die Preise k\u00f6nnen je nach Stadtteil, Anzahl der in der Wohnung lebenden Personen und Ausstattung variieren.<\/p><p>** H\u00e4ngt stark von deiner Ern\u00e4hrung und den Gesch\u00e4ften ab, in denen du Lebensmittel und Getr\u00e4nke kaufst.<\/p><p><img loading=\"lazy\" decoding=\"async\" class=\"alignnone size-full wp-image-9394\" src=\"https:\/\/www.jobsqd.com\/wp-content\/uploads\/2023\/07\/work-in-london-min.png\" alt=\"\" width=\"850\" height=\"550\" srcset=\"https:\/\/www.jobsqd.com\/wp-content\/uploads\/2023\/07\/work-in-london-min.png 850w, https:\/\/www.jobsqd.com\/wp-content\/uploads\/2023\/07\/work-in-london-min-300x194.png 300w, https:\/\/www.jobsqd.com\/wp-content\/uploads\/2023\/07\/work-in-london-min-768x497.png 768w\" sizes=\"(max-width: 850px) 100vw, 850px\" \/><\/p><h2>Warum hier?<\/h2><p>Das Leben in England ist perfekt f\u00fcr diejenigen, die ihre Sprachkenntnisse verbessern m\u00f6chten, wie ein entspanntes Leben, aber mit einer magischen Note. Du wirst dich in England nicht langweilen, schon gar nicht, wenn du der abenteuerlustige Typ bist, denn die Entfernungen in England sind relativ kurz, sodass es nicht lange dauert, einen anderen Ort zu sehen. Wenn du hier arbeitest, kannst du Erfahrungen in einem guten Umfeld mit Witzen, aber auch Professionalit\u00e4t sammeln. Wir haben <a href=\"https:\/\/www.jobsqd.com\/jobs\/location\/159501\/Nottingham\/page\/1\">freie Stellen in Nottingham!<\/a> Schau dir unsere Angebote an und kontaktiere uns!   <\/p><\/div><\/div><\/div><\/div><\/div><\/div>\t\t\t\t\t\t\t\t<\/div>\n\t\t\t\t\t<\/div>\n\t\t<\/div>\n\t\t\t\t\t<\/div>\n\t\t<\/section>\n\t\t\t\t<\/div>\n\t\t","protected":false},"excerpt":{"rendered":"<p>Working in England Wenn du ein Jobangebot in England gefunden hast und du dich fragst, wie du nach England ziehen&#8230;<\/p>\n","protected":false},"author":56,"featured_media":0,"parent":0,"menu_order":0,"comment_status":"closed","ping_status":"closed","template":"","meta":{"footnotes":""},"class_list":["post-33419","page","type-page","status-publish","hentry","no-post-thumbnail","pt-10"],"_links":{"self":[{"href":"https:\/\/www.jobsqd.com\/de\/wp-json\/wp\/v2\/pages\/33419","targetHints":{"allow":["GET"]}}],"collection":[{"href":"https:\/\/www.jobsqd.com\/de\/wp-json\/wp\/v2\/pages"}],"about":[{"href":"https:\/\/www.jobsqd.com\/de\/wp-json\/wp\/v2\/types\/page"}],"author":[{"embeddable":true,"href":"https:\/\/www.jobsqd.com\/de\/wp-json\/wp\/v2\/users\/56"}],"replies":[{"embeddable":true,"href":"https:\/\/www.jobsqd.com\/de\/wp-json\/wp\/v2\/comments?post=33419"}],"version-history":[{"count":2,"href":"https:\/\/www.jobsqd.com\/de\/wp-json\/wp\/v2\/pages\/33419\/revisions"}],"predecessor-version":[{"id":114693,"href":"https:\/\/www.jobsqd.com\/de\/wp-json\/wp\/v2\/pages\/33419\/revisions\/114693"}],"wp:attachment":[{"href":"https:\/\/www.jobsqd.com\/de\/wp-json\/wp\/v2\/media?parent=33419"}],"curies":[{"name":"wp","href":"https:\/\/api.w.org\/{rel}","templated":true}]}}