{"id":28081,"date":"2023-07-11T10:27:15","date_gmt":"2023-07-11T08:27:15","guid":{"rendered":"https:\/\/www.jobsqd.com\/england"},"modified":"2025-10-01T11:38:57","modified_gmt":"2025-10-01T09:38:57","slug":"england","status":"publish","type":"page","link":"https:\/\/www.jobsqd.com\/da\/england\/","title":{"rendered":"England"},"content":{"rendered":"\t\t<div data-elementor-type=\"wp-page\" data-elementor-id=\"28081\" class=\"elementor elementor-28081 elementor-9383\" data-elementor-post-type=\"page\">\n\t\t\t\t\t\t<section class=\"elementor-section elementor-top-section elementor-element elementor-element-7d87e31 hero-1 hero-5 elementor-section-boxed elementor-section-height-default elementor-section-height-default\" data-id=\"7d87e31\" data-element_type=\"section\" data-e-type=\"section\">\n\t\t\t\t\t\t<div class=\"elementor-container elementor-column-gap-no\">\n\t\t\t\t\t<div class=\"elementor-column elementor-col-100 elementor-top-column elementor-element elementor-element-32b42ed\" data-id=\"32b42ed\" data-element_type=\"column\" data-e-type=\"column\">\n\t\t\t<div class=\"elementor-widget-wrap elementor-element-populated\">\n\t\t\t\t\t\t<section class=\"elementor-section elementor-inner-section elementor-element elementor-element-5798523 elementor-section-full_width elementor-section-height-default elementor-section-height-default\" data-id=\"5798523\" data-element_type=\"section\" data-e-type=\"section\">\n\t\t\t\t\t\t<div class=\"elementor-container elementor-column-gap-no\">\n\t\t\t\t\t<div class=\"elementor-column elementor-col-50 elementor-inner-column elementor-element elementor-element-dfdfc57\" data-id=\"dfdfc57\" data-element_type=\"column\" data-e-type=\"column\">\n\t\t\t<div class=\"elementor-widget-wrap elementor-element-populated\">\n\t\t\t\t\t\t<div class=\"elementor-element elementor-element-d8158ca heading-banner elementor-widget elementor-widget-title\" data-id=\"d8158ca\" data-element_type=\"widget\" data-e-type=\"widget\" data-widget_type=\"title.default\">\n\t\t\t\t<div class=\"elementor-widget-container\">\n\t\t\t\t\t<h1 class=\"control-heading-title display-5 fw-bolder\">Flyt til England<\/h1>\t\t\t\t<\/div>\n\t\t\t\t<\/div>\n\t\t\t\t<div class=\"elementor-element elementor-element-766f2ee elementor-widget__width-initial banner-description mb-0 elementor-widget elementor-widget-text-editor\" data-id=\"766f2ee\" data-element_type=\"widget\" data-e-type=\"widget\" data-widget_type=\"text-editor.default\">\n\t\t\t\t\t\t\t\t\t<p>Hvis du har f\u00e5et et <b>jobtilbud i England<\/b> og undrer dig over, hvordan man <b>flytter til England<\/b>, eller hvordan livet er der, er det her det perfekte sted. England er ber\u00f8mt for mange ting, blandt andet deres kongefamilie, som altid giver verden noget at tale om, for deres bygninger som Big Ben\/Queen Elizabeth Tower, deres r\u00f8de dobbeltd\u00e6kkerbusser og deres normalt overskyede klima. <\/p><p>Og lige nu skaber alt omkring Brexit r\u00f8re i medierne p\u00e5 grund af alle de mennesker, der er interesserede i et <b>job i England<\/b>, og som spekulerer p\u00e5, om de har brug for et VISA eller ej, hvor l\u00e6nge de kan blive osv. De sp\u00f8rgsm\u00e5l besvarer vi her. <\/p>\t\t\t\t\t\t\t\t<\/div>\n\t\t\t\t<div class=\"elementor-element elementor-element-1ab9b36 elementor-widget elementor-widget-text-editor\" data-id=\"1ab9b36\" data-element_type=\"widget\" data-e-type=\"widget\" data-widget_type=\"text-editor.default\">\n\t\t\t\t\t\t\t\t\t<div class=\"mt-40\">\n<div class=\"wow animate__ animate__fadeInUp animated\" style=\"visibility: visible; animation-name: fadeInUp;\"><a class=\"btn btn-default\" href=\"https:\/\/www.jobsqd.com\/da\/jobs\/\">Se alle sabbat\u00e5r job<\/a><a class=\"btn btn-link text-decoration-underline\" href=\"https:\/\/www.jobsqd.com\/da\/arbejd-i-udlandet-med-job-squad\/\">Om at arbejde i udlandet<\/a><\/div>\n<\/div>\t\t\t\t\t\t\t\t<\/div>\n\t\t\t\t\t<\/div>\n\t\t<\/div>\n\t\t\t\t<div class=\"elementor-column elementor-col-50 elementor-inner-column elementor-element elementor-element-38fe06a\" data-id=\"38fe06a\" data-element_type=\"column\" data-e-type=\"column\">\n\t\t\t<div class=\"elementor-widget-wrap elementor-element-populated\">\n\t\t\t\t\t\t<div class=\"elementor-element elementor-element-1b6c347 elementor-widget elementor-widget-image\" data-id=\"1b6c347\" data-element_type=\"widget\" data-e-type=\"widget\" data-widget_type=\"image.default\">\n\t\t\t\t\t\t\t\t\t\t\t\t\t\t\t<img fetchpriority=\"high\" decoding=\"async\" width=\"850\" height=\"550\" src=\"https:\/\/www.jobsqd.com\/wp-content\/uploads\/2023\/07\/Slovakia.png\" class=\"attachment-large size-large wp-image-22745 img-fluid\" alt=\"\" srcset=\"https:\/\/www.jobsqd.com\/wp-content\/uploads\/2023\/07\/Slovakia.png 850w, https:\/\/www.jobsqd.com\/wp-content\/uploads\/2023\/07\/Slovakia-300x194.png 300w, https:\/\/www.jobsqd.com\/wp-content\/uploads\/2023\/07\/Slovakia-768x497.png 768w\" sizes=\"(max-width: 850px) 100vw, 850px\">\t\t\t\t\t\t\t\t\t\t\t\t\t\t\t<\/div>\n\t\t\t\t\t<\/div>\n\t\t<\/div>\n\t\t\t\t\t<\/div>\n\t\t<\/section>\n\t\t\t\t<section class=\"elementor-section elementor-inner-section elementor-element elementor-element-bf4b5d3 elementor-section-full_width elementor-section-height-default elementor-section-height-default\" data-id=\"bf4b5d3\" data-element_type=\"section\" data-e-type=\"section\">\n\t\t\t\t\t\t<div class=\"elementor-container elementor-column-gap-no\">\n\t\t\t\t\t<div class=\"elementor-column elementor-col-33 elementor-inner-column elementor-element elementor-element-6036e38\" data-id=\"6036e38\" data-element_type=\"column\" data-e-type=\"column\">\n\t\t\t<div class=\"elementor-widget-wrap\">\n\t\t\t\t\t\t\t<\/div>\n\t\t<\/div>\n\t\t\t\t<div class=\"elementor-column elementor-col-33 elementor-inner-column elementor-element elementor-element-eb31ae6\" data-id=\"eb31ae6\" data-element_type=\"column\" data-e-type=\"column\">\n\t\t\t<div class=\"elementor-widget-wrap elementor-element-populated\">\n\t\t\t\t\t\t<div class=\"elementor-element elementor-element-bf24cc6 text-center elementor-widget elementor-widget-template\" data-id=\"bf24cc6\" data-element_type=\"widget\" data-e-type=\"widget\" data-widget_type=\"template.default\">\n\t\t\t\t<div class=\"elementor-widget-container\">\n\t\t\t\t\t\r\n<div class=\"banner-hero p-0\">\r\n    <div class=\"block-banner p-0\">\r\n        <div class=\"form-find mt-40 wow animate__animated animate__fadeIn\" data-wow-delay=\".2s\">\r\n            \r\n            <form method=\"get\" action=\"https:\/\/www.jobsqd.com\/jobs\/\">\r\n                <div class=\"job_filters_wrap d-md-flex\">\r\n\r\n                                        <div class=\"box-industry\">\r\n                        <select class=\"form-input mr-10 select-active input-industry workinghere\" name=\"search_category\">\r\n                            <option value=\"\">Sprog<\/option>\r\n                                                            <option value=\"dansk-da\">Dansk<\/option>\r\n                                                            <option value=\"engelsk\">Engelsk<\/option>\r\n                                                    <\/select>\r\n                    <\/div>\r\n                    \r\n                                        <select class=\"form-input mr-10 select-active\" name=\"search_location\" id=\"search_location\">\r\n                        <option value=\"\">Lokation<\/option>\r\n                                                    <option value=\"Bulgarien\">Bulgarien<\/option>\r\n                                                    <option value=\"Cypern\">Cypern<\/option>\r\n                                                    <option value=\"Cypern, Hybrid\">Cypern, Hybrid<\/option>\r\n                                                    <option value=\"Danmark\">Danmark<\/option>\r\n                                                    <option value=\"Danmark, Remote\">Danmark, Remote<\/option>\r\n                                                    <option value=\"Estland\">Estland<\/option>\r\n                                                    <option value=\"Europa\">Europa<\/option>\r\n                                                    <option value=\"Filippinerne\">Filippinerne<\/option>\r\n                                                    <option value=\"Filippinerne, Moalboal\">Filippinerne, Moalboal<\/option>\r\n                                                    <option value=\"Frankrig\">Frankrig<\/option>\r\n                                                    <option value=\"Fuldt Remote\">Fuldt Remote<\/option>\r\n                                                    <option value=\"Gr\u00e6kenland\">Gr\u00e6kenland<\/option>\r\n                                                    <option value=\"Holland\">Holland<\/option>\r\n                                                    <option value=\"Holland, Remote\">Holland, Remote<\/option>\r\n                                                    <option value=\"Irland\">Irland<\/option>\r\n                                                    <option value=\"Letland\">Letland<\/option>\r\n                                                    <option value=\"Malta\">Malta<\/option>\r\n                                                    <option value=\"Malta, hybrid\">Malta, hybrid<\/option>\r\n                                                    <option value=\"Marokko\">Marokko<\/option>\r\n                                                    <option value=\"Polen\">Polen<\/option>\r\n                                                    <option value=\"Portugal\">Portugal<\/option>\r\n                                                    <option value=\"Remote\">Remote<\/option>\r\n                                                    <option value=\"Spanien\">Spanien<\/option>\r\n                                                    <option value=\"Spanien, Remote\">Spanien, Remote<\/option>\r\n                                                    <option value=\"Sverige\">Sverige<\/option>\r\n                                                    <option value=\"Thailand\">Thailand<\/option>\r\n                                                    <option value=\"Tjekkiet\">Tjekkiet<\/option>\r\n                                                    <option value=\"Tyskland\">Tyskland<\/option>\r\n                                                    <option value=\"Ungarn\">Ungarn<\/option>\r\n                                                    <option value=\"Vietnam\">Vietnam<\/option>\r\n                                                    <option value=\"\u00d8strig\">\u00d8strig<\/option>\r\n                                            <\/select>\r\n                    \r\n                                        <input class=\"form-input input-keysearch mr-10\" type=\"text\" name=\"search_keywords\" id=\"search_keywords\" placeholder=\"S\u00f8geord\" \/>\r\n                    \r\n                    <input class=\"btn btn-default btn-find font-sm\" type=\"submit\" value=\"S\u00f8g\">\r\n                <\/div>\r\n            <\/form>\r\n\r\n        <\/div>\r\n\r\n                \r\n    <\/div>\r\n<\/div>\t\t\t\t<\/div>\n\t\t\t\t<\/div>\n\t\t\t\t\t<\/div>\n\t\t<\/div>\n\t\t\t\t<div class=\"elementor-column elementor-col-33 elementor-inner-column elementor-element elementor-element-912ee38\" data-id=\"912ee38\" data-element_type=\"column\" data-e-type=\"column\">\n\t\t\t<div class=\"elementor-widget-wrap\">\n\t\t\t\t\t\t\t<\/div>\n\t\t<\/div>\n\t\t\t\t\t<\/div>\n\t\t<\/section>\n\t\t\t\t\t<\/div>\n\t\t<\/div>\n\t\t\t\t\t<\/div>\n\t\t<\/section>\n\t\t\t\t<section class=\"elementor-section elementor-top-section elementor-element elementor-element-4d15d9a elementor-section-boxed elementor-section-height-default elementor-section-height-default\" data-id=\"4d15d9a\" data-element_type=\"section\" data-e-type=\"section\">\n\t\t\t\t\t\t<div class=\"elementor-container elementor-column-gap-default\">\n\t\t\t\t\t<div class=\"elementor-column elementor-col-100 elementor-top-column elementor-element elementor-element-863ba93\" data-id=\"863ba93\" data-element_type=\"column\" data-e-type=\"column\">\n\t\t\t<div class=\"elementor-widget-wrap elementor-element-populated\">\n\t\t\t\t\t\t<div class=\"elementor-element elementor-element-4c3bd50 elementor-widget elementor-widget-text-editor\" data-id=\"4c3bd50\" data-element_type=\"widget\" data-e-type=\"widget\" data-widget_type=\"text-editor.default\">\n\t\t\t\t\t\t\t\t\t<div id=\"countryguide-body\" class=\"jobsqd-template-body\"><div id=\"countryguide-body\" class=\"jobsqd-template-body\"><div id=\"content\" class=\"site-content\"><div class=\"ast-container\"><div class=\"jobsqd-template-container\"><div id=\"countryguide-body\" class=\"jobsqd-template-body\"><h2>De grundl\u00e6ggende fakta om England<\/h2><p>England er en del af Det Forenede Kongerige (UK) sammen med Wales, Skotland og Nordirland, og dets territorium optager to tredjedele af \u00f8en Storbritannien og offshore-\u00f8er som Isle of Wight og Isles of Scilly. Som gr\u00e6nser har de Skotland mod nord og Wales mod vest. <\/p><p>Som kongerige har de deres eget monarki, hvilket er en af grundene til, at England er s\u00e5 popul\u00e6rt. Dronning Elizabeth havde siddet p\u00e5 tronen siden 1952 og frem til hendes d\u00f8d i 2022, og hun var h\u00f8jt v\u00e6rdsat i kongeriget. <\/p><p>England har virkelig m\u00e6rkbare \u00e5rstider, og du kan opleve gl\u00e6den ved alle \u00e5rstiderne, n\u00e5r de er bedst, ved at bo i England i et \u00e5r. Alt er ogs\u00e5 t\u00e6t p\u00e5 i England, hvis du vil rejse til en anden landsby, er det omkring 30 minutter v\u00e6k i bil eller h\u00f8jst 2 timer, s\u00e5 du kan planl\u00e6gge weekendture for at l\u00e6re landet at kende. <\/p><h2>Englands kultur gennem \u00e5rene<\/h2><p>Kulturelt set har England v\u00e6ret et homogent land, hvad ang\u00e5r traditioner, men med udvidelsen af det britiske imperium begyndte det at modtage skikke fra mange forskellige lande, siden afrocaribiere, asiater, muslimer og andre etniske immigranter, hvilket gjorde England til et meget tolerant land for immigranter. Lige nu er det det mest overfyldte land i Europa, hvilket forklarer, hvorfor deres VISA-krav for at komme ind i landet har v\u00e6ret aktive siden for relativt kort tid siden. <\/p><p><img decoding=\"async\" class=\"alignnone size-full wp-image-9391\" src=\"https:\/\/www.jobsqd.com\/wp-content\/uploads\/2023\/07\/British-food-min.png\" alt=\"\" width=\"850\" height=\"550\" srcset=\"https:\/\/www.jobsqd.com\/wp-content\/uploads\/2023\/07\/British-food-min.png 850w, https:\/\/www.jobsqd.com\/wp-content\/uploads\/2023\/07\/British-food-min-300x194.png 300w, https:\/\/www.jobsqd.com\/wp-content\/uploads\/2023\/07\/British-food-min-768x497.png 768w\" sizes=\"(max-width: 850px) 100vw, 850px\" \/><\/p><h2>Det engelske k\u00f8kken <\/h2><p>Den kulinariske kunst i England er m\u00e5ske ikke den sundeste af dem alle, men den er helt sikkert l\u00e6kker. Deres mad er baseret p\u00e5 oksek\u00f8d, <a href=\"https:\/\/www.britannica.com\/topic\/lamb-meat\" target=\"_blank\" rel=\"noopener\">lam<\/a>, svinek\u00f8d, kylling og fisk, alt sammen tilberedt med et minimum af krydderier og som regel serveret med kartofler og en anden gr\u00f8ntsag.  Hvis der er tale om fisk, som regel torsk eller kuller, der frituresteges og serveres med kartofler, kaldes det fish and chips, og det er en af de mest popul\u00e6re retter. Deres morgenmad er en god start p\u00e5 dagen, med \u00e6g, \u00e6rter, p\u00f8lse, br\u00f8d, bacon og salat, alt sammen p\u00e5 \u00e9n gang, man ville sige er for meget, men det er lettere at v\u00e6nne sig til velsmagende mad. Til frokost elsker de cream tea, som er jordb\u00e6r med fl\u00f8de og en kop te (med lidt m\u00e6lk), s\u00e5 hvis du elsker te, vil England v\u00e6re perfekt for dig.  <\/p><p>Engelsk mad er ikke s\u00e5 krydret, de foretr\u00e6kker at tilf\u00f8je forskellige smage fra forskellige ingredienser i stedet for at krydre for meget. At bo i England vil helt sikkert f\u00e5 dig til at s\u00e6tte pris p\u00e5 blandingen af mange smage, og det vil udvide din viden om, hvad du betragter som normal mad. <\/p><p><img decoding=\"async\" class=\"alignnone size-full wp-image-9392\" src=\"https:\/\/www.jobsqd.com\/wp-content\/uploads\/2023\/07\/VISA-england-min.png\" alt=\"\" width=\"850\" height=\"550\" srcset=\"https:\/\/www.jobsqd.com\/wp-content\/uploads\/2023\/07\/VISA-england-min.png 850w, https:\/\/www.jobsqd.com\/wp-content\/uploads\/2023\/07\/VISA-england-min-300x194.png 300w, https:\/\/www.jobsqd.com\/wp-content\/uploads\/2023\/07\/VISA-england-min-768x497.png 768w\" sizes=\"(max-width: 850px) 100vw, 850px\" \/><\/p><h2>Arbejde i England &amp; VISA til europ\u00e6iske borgere<\/h2><p>Den britiske arbejdskultur er meget anderledes end alle andre steder, og flere expats taler altid om, hvor venligt og afslappet arbejdsmilj\u00f8et er i England, men det, der fremh\u00e6ves ved at arbejde i England, er deres sans for humor, selv under arbejdet, s\u00e5 v\u00e6r forberedt p\u00e5 det. Det er ogs\u00e5 almindeligt at fejre f\u00f8dselsdage i arbejdstiden eller bruge en eftermiddag p\u00e5 socialt samv\u00e6r. Det afh\u00e6nger af, hvilken type job du har, men det er mest almindeligt i England. <\/p><p>Men lad os ikke forveksle tingene, briterne arbejder faktisk rigtig h\u00e5rdt p\u00e5 deres pligter, det er bare det, at de siger, at de har en velfortjent afslappende tid fra tid til anden. Det er normalt at g\u00e5 ud med kolleger i England, s\u00e5 hver fredag kan de h\u00e6nge ud p\u00e5 en pub om aftenen for at socialisere. <\/p><blockquote><p><b><i>Hurtigt kulturelt tip: V\u00e6r \u00e5ben over for forslag. Briter kan godt lide at give konstruktiv kritik, s\u00e5 hvis de fort\u00e6ller dig noget om at forbedre dine f\u00e6rdigheder eller din metode, skal du ikke tage det som noget d\u00e5rligt. <\/i><\/b><\/p><\/blockquote><p>Med deres balance mellem afslapning og h\u00e5rdt arbejde er England et godt sted at f\u00e5 erfaring p\u00e5 ethvert job. Vi kan hj\u00e6lpe dig afsted, og du kan l\u00e6se mere om f.eks. <a href=\"https:\/\/www.jobsqd.com\/jobs\/location\/159501\/Nottingham\/page\/1\">Nottingham <\/a> her og du er velkommen til at <a href=\"https:\/\/www.jobsqd.com\/contact-us\/\">kontakte os<\/a> hvis du har sp\u00f8rgsm\u00e5l.<\/p><h3>VISA og arbejdstilladelser i England<\/h3><p>Efter BREXIT spekulerer alle p\u00e5, om de har brug for et VISA eller ej for<b> at rejse til England<\/b>, selv om de er fra EU, og faktisk indtil den 30. december 2020 kunne du have et VISA-frit ophold i England, hvis du var fra et EU-land, men det har \u00e6ndret sig, og for det meste skal alle anmode om et VISA, hvis de foregiver at bruge mere end 3 eller 6 m\u00e5neder. Dette kan dog \u00e6ndre sig afh\u00e6ngigt af typen af arbejde, s\u00e5 <a href=\"https:\/\/www.gov.uk\/check-uk-visa\" target=\"_blank\" rel=\"noopener\">HER<\/a> har du en officiel hjemmeside fra den britiske regering til at tjekke, hvilket visum du har brug for.<\/p><h3>Skatter i England<\/h3><p>For at kunne arbejde skal du have et National Insurance Number (NIN), som er dit identifikationsnummer til skattev\u00e6senet, og det kan du f\u00e5 ved at ringe og bede om dit nummer. De vil fort\u00e6lle dig, at du skal g\u00e5 til det jobcenter, der passer til din placering. Det tager omkring to-tre uger at f\u00e5 en aftale, og da du ikke kan arbejde uden, anbefaler vi, at du ringer to-tre uger, f\u00f8r du ankommer til landet, s\u00e5 du kan f\u00e5 en aftale dagen efter, du er ankommet.  <\/p><p><img loading=\"lazy\" decoding=\"async\" class=\"alignnone size-full wp-image-9393\" src=\"https:\/\/www.jobsqd.com\/wp-content\/uploads\/2023\/07\/Why-england-min.png\" alt=\"\" width=\"850\" height=\"550\" srcset=\"https:\/\/www.jobsqd.com\/wp-content\/uploads\/2023\/07\/Why-england-min.png 850w, https:\/\/www.jobsqd.com\/wp-content\/uploads\/2023\/07\/Why-england-min-300x194.png 300w, https:\/\/www.jobsqd.com\/wp-content\/uploads\/2023\/07\/Why-england-min-768x497.png 768w\" sizes=\"(max-width: 850px) 100vw, 850px\" \/><\/p><h3>Arbejde i London<\/h3><p>Den britiske storby med den h\u00f8jeste kommercielle aktivitet i Storbritannien, London, har 1.563 virksomheder pr. 10.000 indbyggere, s\u00e5 du kan forestille dig, at der er masser af steder at finde en mulighed for at starte din karriere eller for at finde en ordentlig oplevelse. Hvis du vil <b>flytte til London<\/b>, skal du f\u00f8rst vide, at det ikke er for alle, men det er hjemsted for mange expats, s\u00e5 mangfoldigheden er enorm, det er en regnfuld by med h\u00f8j aktivitet, s\u00e5 du kan finde et stykke af enhver del af verden i denne storby. <\/p><p>Find ud af, hvor du vil bo, og hvad dine behov er, om det skal v\u00e6re t\u00e6ttere p\u00e5 dit job eller ej, og hvad dit budget er. Det vil hj\u00e6lpe dig meget med at v\u00e6nne dig til storbyen, s\u00e5 f\u00e5 dig et kort og et oystercard til at udforske gaderne, p\u00e5 den m\u00e5de sikrer du dig en bedre oplevelse. <\/p><h2>S\u00e5dan finder du et sted at bo i England<\/h2><p>At leje en lejlighed eller et v\u00e6relse i England afh\u00e6nger af den zone, du \u00f8nsker, hvor t\u00e6t den er p\u00e5 den n\u00e6ste offentlige transport, hvilken by du v\u00e6lger at bo i og meget mere. Men lad os tale om de ting, man bare M\u00c5 vide om at bo til leje i England. <\/p><p><b>Ekstra omkostninger:<\/b> Udover prisen p\u00e5 huslejen skal du huske, at der altid er ekstra regninger, som du ogs\u00e5 skal betale, s\u00e5 i sidste ende er det meget mere end den pris, du ser lejligheden til. Husk p\u00e5 det, n\u00e5r du laver dit budget.  <\/p><blockquote><p><b><i>Vi anbefaler, at du kigger efter noget omkring 30% af din indkomst, og hvis det er i London, vil du sandsynligvis ende p\u00e5 omkring 40%.<\/i><\/b><\/p><\/blockquote><p><b>Du er n\u00f8dt til at komme med et &#8220;tilbud&#8221;:<\/b> Lejeprisen i annoncen er ikke n\u00f8dvendigvis den endelige, da leje er ret kompliceret i England, is\u00e6r i London, og udlejere plejer at vente med at se de forskellige tilbud, f\u00f8r de v\u00e6lger det, der er mest fordelagtigt for dem.<\/p><p><b>Depositum:<\/b> Normalt beregnes depositum til ca. 5 ugers leje, og det skal tilbagebetales, hvis ejendommen ikke har lidt skade under dit ophold p\u00e5 grund af dig. S\u00f8rg for, at dit depositum opbevares af <b>Tenancy Deposit Scheme (TDS<\/b> ), for hvis udlejeren n\u00e6gter at give dig dit depositum tilbage under falske foruds\u00e6tninger, vil du v\u00e6re i stand til at \u00e5bne en tvist og f\u00e5 dine penge tilbage. <\/p><p>N\u00e5r du har fundet ud af, hvor du vil bo, hvor meget du har r\u00e5d til, og hvor dine gr\u00e6nser g\u00e5r, er du klar til at g\u00e5 p\u00e5 jagt efter en lejebolig.<\/p><h2>Leveomkostninger i England<\/h2><p>England er det 12. land i verden med de h\u00f8jeste leveomkostninger, men det er stadig stedet, hvor mange udstationerede v\u00e6lger at g\u00f8re Storbritannien til deres hjem. Her er nogle faste udgifter pr. person pr. m\u00e5ned, du skal huske p\u00e5, f\u00f8r du flytter til England <\/p><table><tbody><tr><td>Udgifter<\/td><td>Omtrentlig pris (i pund sterling \u00a3) <\/td> <\/tr><tr><td>Indkvartering (inklusive regninger)*<\/td><td>360-600<\/td><\/tr><tr><td>Mad<\/td><td>160-200<\/td><\/tr><tr><td>TV-licens<\/td><td>12,56 <\/td> <\/tr><tr><td>Mobiltelefon<\/td><td>15-50<\/td><\/tr><tr><td>T\u00f8j\/sko<\/td><td>25<\/td><\/tr><tr><td>Fritid<\/td><td>120<\/td><\/tr><tr><td>Transport Oyster (ugekort)<\/td><td>28,60<\/td><\/tr><tr><td>I alt<\/td><td>804,56 &#8211; 1119,56<\/td><\/tr><\/tbody><\/table><p>* Priserne kan variere afh\u00e6ngigt af kvarteret, antallet af personer, der bor i lejligheden, og faciliteterne.<\/p><p>**Afh\u00e6nger i h\u00f8j grad af din kost, og hvilke butikker du k\u00f8ber mad og drikke i.<\/p><p><img loading=\"lazy\" decoding=\"async\" class=\"alignnone size-full wp-image-9394\" src=\"https:\/\/www.jobsqd.com\/wp-content\/uploads\/2023\/07\/work-in-london-min.png\" alt=\"\" width=\"850\" height=\"550\" srcset=\"https:\/\/www.jobsqd.com\/wp-content\/uploads\/2023\/07\/work-in-london-min.png 850w, https:\/\/www.jobsqd.com\/wp-content\/uploads\/2023\/07\/work-in-london-min-300x194.png 300w, https:\/\/www.jobsqd.com\/wp-content\/uploads\/2023\/07\/work-in-london-min-768x497.png 768w\" sizes=\"(max-width: 850px) 100vw, 850px\" \/><\/p><h2>Hvorfor her?<\/h2><p>At bo i England er perfekt for dem, der \u00f8nsker at forbedre deres sprogf\u00e6rdigheder, ligesom et afslappende liv, men med et magisk touch. Du kommer ikke til at kede dig i England, og slet ikke hvis du er den eventyrlystne type, men ogs\u00e5 lidt bange, for afstandene i England er relativt korte, s\u00e5 det tager ikke lang tid at se et nyt sted. At arbejde her vil give dig mulighed for at f\u00e5 erfaring i et godt milj\u00f8 med vittigheder, men ogs\u00e5 professionalisme. Vi har ledige stillinger i Nottingham   <\/p><p>Tjek vores jobs og kontakt os!<\/p><\/div><\/div><\/div><\/div><\/div><\/div>\t\t\t\t\t\t\t\t<\/div>\n\t\t\t\t\t<\/div>\n\t\t<\/div>\n\t\t\t\t\t<\/div>\n\t\t<\/section>\n\t\t\t\t<\/div>\n\t\t","protected":false},"excerpt":{"rendered":"<p>Flyt til England Hvis du har f\u00e5et et jobtilbud i England og undrer dig over, hvordan man flytter til England,&#8230;<\/p>\n","protected":false},"author":56,"featured_media":0,"parent":0,"menu_order":0,"comment_status":"closed","ping_status":"closed","template":"","meta":{"footnotes":""},"class_list":["post-28081","page","type-page","status-publish","hentry","no-post-thumbnail","pt-10"],"_links":{"self":[{"href":"https:\/\/www.jobsqd.com\/da\/wp-json\/wp\/v2\/pages\/28081","targetHints":{"allow":["GET"]}}],"collection":[{"href":"https:\/\/www.jobsqd.com\/da\/wp-json\/wp\/v2\/pages"}],"about":[{"href":"https:\/\/www.jobsqd.com\/da\/wp-json\/wp\/v2\/types\/page"}],"author":[{"embeddable":true,"href":"https:\/\/www.jobsqd.com\/da\/wp-json\/wp\/v2\/users\/56"}],"replies":[{"embeddable":true,"href":"https:\/\/www.jobsqd.com\/da\/wp-json\/wp\/v2\/comments?post=28081"}],"version-history":[{"count":3,"href":"https:\/\/www.jobsqd.com\/da\/wp-json\/wp\/v2\/pages\/28081\/revisions"}],"predecessor-version":[{"id":102505,"href":"https:\/\/www.jobsqd.com\/da\/wp-json\/wp\/v2\/pages\/28081\/revisions\/102505"}],"wp:attachment":[{"href":"https:\/\/www.jobsqd.com\/da\/wp-json\/wp\/v2\/media?parent=28081"}],"curies":[{"name":"wp","href":"https:\/\/api.w.org\/{rel}","templated":true}]}}