{"id":27305,"date":"2023-03-12T15:25:45","date_gmt":"2023-03-12T14:25:45","guid":{"rendered":"https:\/\/www.jobsqd.com\/forretningskontakt"},"modified":"2025-02-25T15:09:04","modified_gmt":"2025-02-25T14:09:04","slug":"forretningskontakt","status":"publish","type":"page","link":"https:\/\/www.jobsqd.com\/da\/forretningskontakt\/","title":{"rendered":"Forretningskontakt"},"content":{"rendered":"\t\t<div data-elementor-type=\"wp-page\" data-elementor-id=\"27305\" class=\"elementor elementor-27305 elementor-3966\" data-elementor-post-type=\"page\">\n\t\t\t\t\t\t<section class=\"elementor-section elementor-top-section elementor-element elementor-element-12926fd elementor-section-boxed elementor-section-height-default elementor-section-height-default\" data-id=\"12926fd\" data-element_type=\"section\" data-e-type=\"section\" data-settings=\"{&quot;background_background&quot;:&quot;classic&quot;}\">\n\t\t\t\t\t\t<div class=\"elementor-container elementor-column-gap-default\">\n\t\t\t\t\t<div class=\"elementor-column elementor-col-50 elementor-top-column elementor-element elementor-element-47962b6\" data-id=\"47962b6\" data-element_type=\"column\" data-e-type=\"column\">\n\t\t\t<div class=\"elementor-widget-wrap elementor-element-populated\">\n\t\t\t\t\t\t<div class=\"elementor-element elementor-element-2abfcaf m-0 elementor-widget elementor-widget-title\" data-id=\"2abfcaf\" data-element_type=\"widget\" data-e-type=\"widget\" data-widget_type=\"title.default\">\n\t\t\t\t<div class=\"elementor-widget-container\">\n\t\t\t\t\t<h2 class=\"control-heading-title\">Kontakt os i dag<\/h2>\t\t\t\t<\/div>\n\t\t\t\t<\/div>\n\t\t\t\t<div class=\"elementor-element elementor-element-4173125 m-0 elementor-widget elementor-widget-title\" data-id=\"4173125\" data-element_type=\"widget\" data-e-type=\"widget\" data-widget_type=\"title.default\">\n\t\t\t\t<div class=\"elementor-widget-container\">\n\t\t\t\t\t<p class=\"control-heading-title color-text-paragraph-2 mb-30\">Hvis du har sp\u00f8rgsm\u00e5l, s\u00e5 t\u00f8v ikke med at kontakte os.<\/p>\t\t\t\t<\/div>\n\t\t\t\t<\/div>\n\t\t\t\t\t<\/div>\n\t\t<\/div>\n\t\t\t\t<div class=\"elementor-column elementor-col-50 elementor-top-column elementor-element elementor-element-1f79bae\" data-id=\"1f79bae\" data-element_type=\"column\" data-e-type=\"column\">\n\t\t\t<div class=\"elementor-widget-wrap elementor-element-populated\">\n\t\t\t\t\t\t<div class=\"elementor-element elementor-element-31c20ed m-0 elementor-widget elementor-widget-title\" data-id=\"31c20ed\" data-element_type=\"widget\" data-e-type=\"widget\" data-widget_type=\"title.default\">\n\t\t\t\t<div class=\"elementor-widget-container\">\n\t\t\t\t\t<p class=\"control-heading-title color-text-paragraph-2 mb-30\"><b>Mobil:<\/b> +45 28 97 83 85\n<br><b>Email:<\/b> info@jobsqd.com<br><br style=\"white-space-collapse: collapse;\"><span style=\"font-weight: 700; white-space-collapse: collapse;\">Mon-fre:<\/span><span style=\"white-space-collapse: collapse;\">&nbsp;8:00 - 20:00 (CET)<\/span><\/p>\t\t\t\t<\/div>\n\t\t\t\t<\/div>\n\t\t\t\t\t<\/div>\n\t\t<\/div>\n\t\t\t\t\t<\/div>\n\t\t<\/section>\n\t\t\t\t<section class=\"elementor-section elementor-top-section elementor-element elementor-element-d2591c2 elementor-section-full_width elementor-section-height-default elementor-section-height-default\" data-id=\"d2591c2\" data-element_type=\"section\" data-e-type=\"section\">\n\t\t\t\t\t\t<div class=\"elementor-container elementor-column-gap-no\">\n\t\t\t\t\t<div class=\"elementor-column elementor-col-100 elementor-top-column elementor-element elementor-element-5fa434d\" data-id=\"5fa434d\" data-element_type=\"column\" data-e-type=\"column\">\n\t\t\t<div class=\"elementor-widget-wrap elementor-element-populated\">\n\t\t\t\t\t\t<section class=\"elementor-section elementor-inner-section elementor-element elementor-element-ddf6daa elementor-section-full_width jobbox-contact-form p-0 elementor-section-height-default elementor-section-height-default\" data-id=\"ddf6daa\" data-element_type=\"section\" data-e-type=\"section\">\n\t\t\t\t\t\t<div class=\"elementor-container elementor-column-gap-no\">\n\t\t\t\t\t<div class=\"elementor-column elementor-col-50 elementor-inner-column elementor-element elementor-element-21a17f4\" data-id=\"21a17f4\" data-element_type=\"column\" data-e-type=\"column\">\n\t\t\t<div class=\"elementor-widget-wrap elementor-element-populated\">\n\t\t\t\t\t\t<div class=\"elementor-element elementor-element-2aba21a m-0 elementor-widget elementor-widget-title\" data-id=\"2aba21a\" data-element_type=\"widget\" data-e-type=\"widget\" data-widget_type=\"title.default\">\n\t\t\t\t<div class=\"elementor-widget-container\">\n\t\t\t\t\t<span class=\"control-heading-title font-md color-brand-2 m-0\">Har du brug for at snakke med os?<\/span>\t\t\t\t<\/div>\n\t\t\t\t<\/div>\n\t\t\t\t<div class=\"elementor-element elementor-element-226dae5 m-0 elementor-widget elementor-widget-title\" data-id=\"226dae5\" data-element_type=\"widget\" data-e-type=\"widget\" data-widget_type=\"title.default\">\n\t\t\t\t<div class=\"elementor-widget-container\">\n\t\t\t\t\t<h2 class=\"control-heading-title\">Kom i kontakt med os<\/h2>\t\t\t\t<\/div>\n\t\t\t\t<\/div>\n\t\t\t\t<div class=\"elementor-element elementor-element-05e4561 m-0 elementor-widget elementor-widget-title\" data-id=\"05e4561\" data-element_type=\"widget\" data-e-type=\"widget\" data-widget_type=\"title.default\">\n\t\t\t\t<div class=\"elementor-widget-container\">\n\t\t\t\t\t<p class=\"control-heading-title color-text-paragraph-2 mb-30\">Er du interesseret i at samarbejde med os? Vi er her for at hj\u00e6lpe dig! <\/p>\t\t\t\t<\/div>\n\t\t\t\t<\/div>\n\t\t\t\t<div class=\"elementor-element elementor-element-7c926ab elementor-widget elementor-widget-shortcode\" data-id=\"7c926ab\" data-element_type=\"widget\" data-e-type=\"widget\" data-widget_type=\"shortcode.default\">\n\t\t\t\t\t\t\t<div class=\"elementor-shortcode\">\n<div class=\"wpcf7 no-js\" id=\"wpcf7-f30418-o1\" lang=\"da-DK\" dir=\"ltr\" data-wpcf7-id=\"30418\">\n<div class=\"screen-reader-response\"><p role=\"status\" aria-live=\"polite\" aria-atomic=\"true\"><\/p> <ul><\/ul><\/div>\n<form action=\"\/da\/wp-json\/wp\/v2\/pages\/27305#wpcf7-f30418-o1\" method=\"post\" class=\"wpcf7-form init\" aria-label=\"Kontaktformular\" novalidate=\"novalidate\" data-status=\"init\">\n<fieldset class=\"hidden-fields-container\"><input type=\"hidden\" name=\"_wpcf7\" value=\"30418\" \/><input type=\"hidden\" name=\"_wpcf7_version\" value=\"6.1.5\" \/><input type=\"hidden\" name=\"_wpcf7_locale\" value=\"da_DK\" \/><input type=\"hidden\" name=\"_wpcf7_unit_tag\" value=\"wpcf7-f30418-o1\" \/><input type=\"hidden\" name=\"_wpcf7_container_post\" value=\"0\" \/><input type=\"hidden\" name=\"_wpcf7_posted_data_hash\" value=\"\" \/><input type=\"hidden\" name=\"_wpcf7_recaptcha_response\" value=\"\" \/>\n<\/fieldset>\n<div class=\"row\">\n\t<div class=\"col-md-6\">\n\t\t<div class=\"input-style mb-20\">\n\t\t\t<p><span class=\"wpcf7-form-control-wrap\" data-name=\"your-name\"><input size=\"40\" maxlength=\"400\" class=\"wpcf7-form-control wpcf7-text wpcf7-validates-as-required font-sm color-text-paragraph-2\" aria-required=\"true\" aria-invalid=\"false\" placeholder=\"Indtast dit navn\" value=\"\" type=\"text\" name=\"your-name\" \/><\/span>\n\t\t\t<\/p>\n\t\t<\/div>\n\t<\/div>\n\t<div class=\"col-md-6\">\n\t\t<div class=\"input-style mb-20\">\n\t\t\t<p><span class=\"wpcf7-form-control-wrap\" data-name=\"company\"><input size=\"40\" maxlength=\"400\" class=\"wpcf7-form-control wpcf7-text wpcf7-validates-as-required font-sm color-text-paragraph-2\" aria-required=\"true\" aria-invalid=\"false\" placeholder=\"Virksomhed\" value=\"\" type=\"text\" name=\"company\" \/><\/span>\n\t\t\t<\/p>\n\t\t<\/div>\n\t<\/div>\n\t<div class=\"col-md-6\">\n\t\t<div class=\"input-style mb-20\">\n\t\t\t<p><span class=\"wpcf7-form-control-wrap\" data-name=\"email\"><input size=\"40\" maxlength=\"400\" class=\"wpcf7-form-control wpcf7-email wpcf7-validates-as-required wpcf7-text wpcf7-validates-as-email font-sm color-text-paragraph-2\" aria-required=\"true\" aria-invalid=\"false\" placeholder=\"Din e-mail\" value=\"\" type=\"email\" name=\"email\" \/><\/span>\n\t\t\t<\/p>\n\t\t<\/div>\n\t<\/div>\n\t<div class=\"col-md-6\">\n\t\t<div class=\"input-style mb-20\">\n\t\t\t<p><span class=\"wpcf7-form-control-wrap\" data-name=\"phone\"><input size=\"40\" maxlength=\"400\" class=\"wpcf7-form-control wpcf7-tel wpcf7-text wpcf7-validates-as-tel font-sm color-text-paragraph-2\" aria-invalid=\"false\" placeholder=\"Telefonnummer\" value=\"\" type=\"tel\" name=\"phone\" \/><\/span>\n\t\t\t<\/p>\n\t\t<\/div>\n\t<\/div>\n\t<div class=\"col-md-12\">\n\t\t<div class=\"textarea-style mb-30\">\n\t\t\t<p><span class=\"wpcf7-form-control-wrap\" data-name=\"message\"><textarea cols=\"40\" rows=\"10\" maxlength=\"2000\" class=\"wpcf7-form-control wpcf7-textarea font-sm color-text-paragraph-2\" aria-invalid=\"false\" placeholder=\"Fort\u00e6l os om dig selv\" name=\"message\"><\/textarea><\/span>\n\t\t\t<\/p>\n\t\t<\/div>\n\t\t<div class=\"col-md-6\">\n\t\t\t<p><div class=\"main-cf7-captcha\"><span class=\"wpcf7-form-control-wrap input-captcha-cf7\"><input size=\"40\" class=\"wpcf7-form-control wpcf7-captchacf7 wpcf7-validates-as-required cf7_text_captcha\" id=\"input-captcha-cf7\" aria-required=\"true\" aria-invalid=\"false\" placeholder=\"Skriv captchaen nedenfor\" value=\"\" type=\"text\" name=\"input-captcha-cf7\" \/><\/span><\/div><img decoding=\"async\" src=\"https:\/\/www.jobsqd.com\/wp-content\/plugins\/text-captcha-contact-form-7\/include\/image.php\" alt=\"cf7captcha\" id=\"image-captcha-cf7\"><a href=\"javascript:void(0);\" id=\"reload_captcha\"><img decoding=\"async\" src=\"https:\/\/www.jobsqd.com\/wp-content\/plugins\/text-captcha-contact-form-7\/assets\/images\/refresh.png\" alt=\"Regenerate Captcha\"><\/a>\n\t\t\t<\/p>\n\t\t<\/div>\n\t\t<p><span class=\"wpcf7-form-control-wrap\" data-name=\"terms\"><span class=\"wpcf7-form-control wpcf7-checkbox wpcf7-validates-as-required mt-6\"><span class=\"wpcf7-list-item first last\"><input type=\"checkbox\" name=\"terms[]\" value=\"By clicking contact us button, you agree our terms and policy\" \/><span class=\"wpcf7-list-item-label\">By clicking contact us button, you agree our terms and policy<\/span><\/span><\/span><\/span><br \/>\n<input class=\"wpcf7-form-control wpcf7-submit has-spinner submit btn btn-send-message\" type=\"submit\" value=\"Send Message\" \/>\n\t\t<\/p>\n\t<\/div>\n<\/div><div class=\"wpcf7-response-output\" aria-hidden=\"true\"><\/div>\n<\/form>\n<\/div>\n<\/div>\n\t\t\t\t\t\t<\/div>\n\t\t\t\t\t<\/div>\n\t\t<\/div>\n\t\t\t\t<div class=\"elementor-column elementor-col-50 elementor-inner-column elementor-element elementor-element-8634d3f contact-form-img\" data-id=\"8634d3f\" data-element_type=\"column\" data-e-type=\"column\">\n\t\t\t<div class=\"elementor-widget-wrap elementor-element-populated\">\n\t\t\t\t\t\t<div class=\"elementor-element elementor-element-f531c21 elementor-widget elementor-widget-image\" data-id=\"f531c21\" data-element_type=\"widget\" data-e-type=\"widget\" data-widget_type=\"image.default\">\n\t\t\t\t\t\t\t\t\t\t\t\t\t\t\t<img fetchpriority=\"high\" decoding=\"async\" width=\"807\" height=\"1024\" src=\"https:\/\/www.jobsqd.com\/wp-content\/uploads\/2023\/06\/business-page-807x1024.jpg\" class=\"attachment-large size-large wp-image-20954 img-fluid\" alt=\"\" srcset=\"https:\/\/www.jobsqd.com\/wp-content\/uploads\/2023\/06\/business-page-807x1024.jpg 807w, https:\/\/www.jobsqd.com\/wp-content\/uploads\/2023\/06\/business-page-236x300.jpg 236w, https:\/\/www.jobsqd.com\/wp-content\/uploads\/2023\/06\/business-page-768x974.jpg 768w, https:\/\/www.jobsqd.com\/wp-content\/uploads\/2023\/06\/business-page-1211x1536.jpg 1211w, https:\/\/www.jobsqd.com\/wp-content\/uploads\/2023\/06\/business-page-1614x2048.jpg 1614w, https:\/\/www.jobsqd.com\/wp-content\/uploads\/2023\/06\/business-page-1568x1989.jpg 1568w, https:\/\/www.jobsqd.com\/wp-content\/uploads\/2023\/06\/business-page-600x761.jpg 600w, https:\/\/www.jobsqd.com\/wp-content\/uploads\/2023\/06\/business-page.jpg 1944w\" sizes=\"(max-width: 807px) 100vw, 807px\">\t\t\t\t\t\t\t\t\t\t\t\t\t\t\t<\/div>\n\t\t\t\t\t<\/div>\n\t\t<\/div>\n\t\t\t\t\t<\/div>\n\t\t<\/section>\n\t\t\t\t\t<\/div>\n\t\t<\/div>\n\t\t\t\t\t<\/div>\n\t\t<\/section>\n\t\t\t\t<section class=\"elementor-section elementor-top-section elementor-element elementor-element-07f98a3 elementor-section-boxed elementor-section-height-default elementor-section-height-default\" data-id=\"07f98a3\" data-element_type=\"section\" data-e-type=\"section\">\n\t\t\t\t\t\t<div class=\"elementor-container elementor-column-gap-default\">\n\t\t\t\t\t<div class=\"elementor-column elementor-col-100 elementor-top-column elementor-element elementor-element-9c5bfbf\" data-id=\"9c5bfbf\" data-element_type=\"column\" data-e-type=\"column\">\n\t\t\t<div class=\"elementor-widget-wrap elementor-element-populated\">\n\t\t\t\t\t\t<div class=\"elementor-element elementor-element-042fd73 m-0 elementor-widget elementor-widget-title\" data-id=\"042fd73\" data-element_type=\"widget\" data-e-type=\"widget\" data-widget_type=\"title.default\">\n\t\t\t\t<div class=\"elementor-widget-container\">\n\t\t\t\t\t<h2 class=\"control-heading-title m-0\">Virksomheder, der stoler p\u00e5 os<\/h2>\t\t\t\t<\/div>\n\t\t\t\t<\/div>\n\t\t\t\t<section class=\"elementor-section elementor-inner-section elementor-element elementor-element-c93b72a elementor-section-boxed elementor-section-height-default elementor-section-height-default\" data-id=\"c93b72a\" data-element_type=\"section\" data-e-type=\"section\">\n\t\t\t\t\t\t<div class=\"elementor-container elementor-column-gap-default\">\n\t\t\t\t\t<div class=\"elementor-column elementor-col-25 elementor-inner-column elementor-element elementor-element-6a479d4\" data-id=\"6a479d4\" data-element_type=\"column\" data-e-type=\"column\">\n\t\t\t<div class=\"elementor-widget-wrap elementor-element-populated\">\n\t\t\t\t\t\t<div class=\"elementor-element elementor-element-509c53e elementor-widget elementor-widget-image\" data-id=\"509c53e\" data-element_type=\"widget\" data-e-type=\"widget\" data-widget_type=\"image.default\">\n\t\t\t\t\t\t\t\t\t\t\t\t\t\t\t<img decoding=\"async\" width=\"1200\" height=\"684\" src=\"https:\/\/www.jobsqd.com\/wp-content\/uploads\/2023\/05\/1200px-Logo_de_WebHelp.svg.png\" class=\"attachment-full size-full wp-image-13448 img-fluid\" alt=\"\" srcset=\"https:\/\/www.jobsqd.com\/wp-content\/uploads\/2023\/05\/1200px-Logo_de_WebHelp.svg.png 1200w, https:\/\/www.jobsqd.com\/wp-content\/uploads\/2023\/05\/1200px-Logo_de_WebHelp.svg-300x171.png 300w, https:\/\/www.jobsqd.com\/wp-content\/uploads\/2023\/05\/1200px-Logo_de_WebHelp.svg-1024x584.png 1024w, https:\/\/www.jobsqd.com\/wp-content\/uploads\/2023\/05\/1200px-Logo_de_WebHelp.svg-768x438.png 768w, https:\/\/www.jobsqd.com\/wp-content\/uploads\/2023\/05\/1200px-Logo_de_WebHelp.svg-600x342.png 600w\" sizes=\"(max-width: 1200px) 100vw, 1200px\">\t\t\t\t\t\t\t\t\t\t\t\t\t\t\t<\/div>\n\t\t\t\t\t<\/div>\n\t\t<\/div>\n\t\t\t\t<div class=\"elementor-column elementor-col-25 elementor-inner-column elementor-element elementor-element-1bdd9e4\" data-id=\"1bdd9e4\" data-element_type=\"column\" data-e-type=\"column\">\n\t\t\t<div class=\"elementor-widget-wrap elementor-element-populated\">\n\t\t\t\t\t\t<div class=\"elementor-element elementor-element-c98bbb0 elementor-widget elementor-widget-image\" data-id=\"c98bbb0\" data-element_type=\"widget\" data-e-type=\"widget\" data-widget_type=\"image.default\">\n\t\t\t\t\t\t\t\t\t\t\t\t\t\t\t<img decoding=\"async\" width=\"4000\" height=\"2262\" src=\"https:\/\/www.jobsqd.com\/wp-content\/uploads\/2023\/05\/HM-Logo-1968-99.png\" class=\"attachment-full size-full wp-image-13466 img-fluid\" alt=\"\" srcset=\"https:\/\/www.jobsqd.com\/wp-content\/uploads\/2023\/05\/HM-Logo-1968-99.png 4000w, https:\/\/www.jobsqd.com\/wp-content\/uploads\/2023\/05\/HM-Logo-1968-99-300x170.png 300w, https:\/\/www.jobsqd.com\/wp-content\/uploads\/2023\/05\/HM-Logo-1968-99-1024x579.png 1024w, https:\/\/www.jobsqd.com\/wp-content\/uploads\/2023\/05\/HM-Logo-1968-99-768x434.png 768w, https:\/\/www.jobsqd.com\/wp-content\/uploads\/2023\/05\/HM-Logo-1968-99-1536x869.png 1536w, https:\/\/www.jobsqd.com\/wp-content\/uploads\/2023\/05\/HM-Logo-1968-99-2048x1158.png 2048w, https:\/\/www.jobsqd.com\/wp-content\/uploads\/2023\/05\/HM-Logo-1968-99-1568x887.png 1568w, https:\/\/www.jobsqd.com\/wp-content\/uploads\/2023\/05\/HM-Logo-1968-99-600x339.png 600w\" sizes=\"(max-width: 4000px) 100vw, 4000px\">\t\t\t\t\t\t\t\t\t\t\t\t\t\t\t<\/div>\n\t\t\t\t\t<\/div>\n\t\t<\/div>\n\t\t\t\t<div class=\"elementor-column elementor-col-25 elementor-inner-column elementor-element elementor-element-dc81321\" data-id=\"dc81321\" data-element_type=\"column\" data-e-type=\"column\">\n\t\t\t<div class=\"elementor-widget-wrap elementor-element-populated\">\n\t\t\t\t\t\t<div class=\"elementor-element elementor-element-0811a23 elementor-widget elementor-widget-image\" data-id=\"0811a23\" data-element_type=\"widget\" data-e-type=\"widget\" data-widget_type=\"image.default\">\n\t\t\t\t\t\t\t\t\t\t\t\t\t\t\t<img loading=\"lazy\" decoding=\"async\" width=\"2560\" height=\"1203\" src=\"https:\/\/www.jobsqd.com\/wp-content\/uploads\/2023\/05\/Fujitsu-Logo.svg.png\" class=\"attachment-full size-full wp-image-13457 img-fluid\" alt=\"\" srcset=\"https:\/\/www.jobsqd.com\/wp-content\/uploads\/2023\/05\/Fujitsu-Logo.svg.png 2560w, https:\/\/www.jobsqd.com\/wp-content\/uploads\/2023\/05\/Fujitsu-Logo.svg-300x141.png 300w, https:\/\/www.jobsqd.com\/wp-content\/uploads\/2023\/05\/Fujitsu-Logo.svg-1024x481.png 1024w, https:\/\/www.jobsqd.com\/wp-content\/uploads\/2023\/05\/Fujitsu-Logo.svg-768x361.png 768w, https:\/\/www.jobsqd.com\/wp-content\/uploads\/2023\/05\/Fujitsu-Logo.svg-1536x722.png 1536w, https:\/\/www.jobsqd.com\/wp-content\/uploads\/2023\/05\/Fujitsu-Logo.svg-2048x962.png 2048w, https:\/\/www.jobsqd.com\/wp-content\/uploads\/2023\/05\/Fujitsu-Logo.svg-1568x737.png 1568w, https:\/\/www.jobsqd.com\/wp-content\/uploads\/2023\/05\/Fujitsu-Logo.svg-600x282.png 600w\" sizes=\"(max-width: 2560px) 100vw, 2560px\">\t\t\t\t\t\t\t\t\t\t\t\t\t\t\t<\/div>\n\t\t\t\t\t<\/div>\n\t\t<\/div>\n\t\t\t\t<div class=\"elementor-column elementor-col-25 elementor-inner-column elementor-element elementor-element-94708a8\" data-id=\"94708a8\" data-element_type=\"column\" data-e-type=\"column\">\n\t\t\t<div class=\"elementor-widget-wrap elementor-element-populated\">\n\t\t\t\t\t\t<div class=\"elementor-element elementor-element-164d0d1 elementor-widget elementor-widget-image\" data-id=\"164d0d1\" data-element_type=\"widget\" data-e-type=\"widget\" data-widget_type=\"image.default\">\n\t\t\t\t\t\t\t\t\t\t\t\t\t\t\t<img loading=\"lazy\" decoding=\"async\" width=\"600\" height=\"420\" src=\"https:\/\/www.jobsqd.com\/wp-content\/uploads\/2023\/05\/Transcom-logo.png\" class=\"attachment-full size-full wp-image-13493 img-fluid\" alt=\"\" srcset=\"https:\/\/www.jobsqd.com\/wp-content\/uploads\/2023\/05\/Transcom-logo.png 600w, https:\/\/www.jobsqd.com\/wp-content\/uploads\/2023\/05\/Transcom-logo-300x210.png 300w\" sizes=\"(max-width: 600px) 100vw, 600px\">\t\t\t\t\t\t\t\t\t\t\t\t\t\t\t<\/div>\n\t\t\t\t\t<\/div>\n\t\t<\/div>\n\t\t\t\t\t<\/div>\n\t\t<\/section>\n\t\t\t\t\t<\/div>\n\t\t<\/div>\n\t\t\t\t\t<\/div>\n\t\t<\/section>\n\t\t\t\t<section class=\"elementor-section elementor-top-section elementor-element elementor-element-2e94a79 elementor-section-full_width elementor-section-height-default elementor-section-height-default\" data-id=\"2e94a79\" data-element_type=\"section\" data-e-type=\"section\">\n\t\t\t\t\t\t<div class=\"elementor-container elementor-column-gap-default\">\n\t\t\t\t\t<div class=\"elementor-column elementor-col-100 elementor-top-column elementor-element elementor-element-c428824\" data-id=\"c428824\" data-element_type=\"column\" data-e-type=\"column\">\n\t\t\t<div class=\"elementor-widget-wrap elementor-element-populated\">\n\t\t\t\t\t\t<section class=\"elementor-section elementor-inner-section elementor-element elementor-element-7684913 elementor-section-content-middle elementor-section-boxed elementor-section-height-default elementor-section-height-default\" data-id=\"7684913\" data-element_type=\"section\" data-e-type=\"section\">\n\t\t\t\t\t\t<div class=\"elementor-container elementor-column-gap-default\">\n\t\t\t\t\t<div class=\"elementor-column elementor-col-50 elementor-inner-column elementor-element elementor-element-2ec64f3\" data-id=\"2ec64f3\" data-element_type=\"column\" data-e-type=\"column\">\n\t\t\t<div class=\"elementor-widget-wrap elementor-element-populated\">\n\t\t\t\t\t\t<div class=\"elementor-element elementor-element-73185f3 elementor-widget elementor-widget-image\" data-id=\"73185f3\" data-element_type=\"widget\" data-e-type=\"widget\" data-widget_type=\"image.default\">\n\t\t\t\t\t\t\t\t\t\t\t\t\t\t\t<img loading=\"lazy\" decoding=\"async\" width=\"1024\" height=\"683\" src=\"https:\/\/www.jobsqd.com\/wp-content\/uploads\/2023\/06\/Lisbon-JobSquad-7-1024x683.jpg\" class=\"attachment-large size-large wp-image-20054 img-fluid\" alt=\"\" srcset=\"https:\/\/www.jobsqd.com\/wp-content\/uploads\/2023\/06\/Lisbon-JobSquad-7-1024x683.jpg 1024w, https:\/\/www.jobsqd.com\/wp-content\/uploads\/2023\/06\/Lisbon-JobSquad-7-300x200.jpg 300w, https:\/\/www.jobsqd.com\/wp-content\/uploads\/2023\/06\/Lisbon-JobSquad-7-768x512.jpg 768w, https:\/\/www.jobsqd.com\/wp-content\/uploads\/2023\/06\/Lisbon-JobSquad-7-1536x1024.jpg 1536w, https:\/\/www.jobsqd.com\/wp-content\/uploads\/2023\/06\/Lisbon-JobSquad-7-2048x1365.jpg 2048w, https:\/\/www.jobsqd.com\/wp-content\/uploads\/2023\/06\/Lisbon-JobSquad-7-1568x1045.jpg 1568w, https:\/\/www.jobsqd.com\/wp-content\/uploads\/2023\/06\/Lisbon-JobSquad-7-600x400.jpg 600w\" sizes=\"(max-width: 1024px) 100vw, 1024px\">\t\t\t\t\t\t\t\t\t\t\t\t\t\t\t<\/div>\n\t\t\t\t\t<\/div>\n\t\t<\/div>\n\t\t\t\t<div class=\"elementor-column elementor-col-50 elementor-inner-column elementor-element elementor-element-cbdf60a\" data-id=\"cbdf60a\" data-element_type=\"column\" data-e-type=\"column\">\n\t\t\t<div class=\"elementor-widget-wrap elementor-element-populated\">\n\t\t\t\t\t\t<div class=\"elementor-element elementor-element-fbcb3f0 m-0 elementor-widget elementor-widget-title\" data-id=\"fbcb3f0\" data-element_type=\"widget\" data-e-type=\"widget\" data-widget_type=\"title.default\">\n\t\t\t\t<div class=\"elementor-widget-container\">\n\t\t\t\t\t<h2 class=\"control-heading-title m-0\">Vi skaber v\u00e6rdi for b\u00e5de kandidater og virksomheder<\/h2>\t\t\t\t<\/div>\n\t\t\t\t<\/div>\n\t\t\t\t<div class=\"elementor-element elementor-element-8144c56 elementor-widget elementor-widget-title\" data-id=\"8144c56\" data-element_type=\"widget\" data-e-type=\"widget\" data-widget_type=\"title.default\">\n\t\t\t\t<div class=\"elementor-widget-container\">\n\t\t\t\t\t<p class=\"control-heading-title f-18 m-0\"><p>Vores m\u00e5l er at finde de bedste kandidater til langsigtede ans\u00e6ttelser. Det er vores m\u00e5l at sikre en problemfri onboarding-proces for b\u00e5de kandidater og virksomheder. \n<\/p>\n<p>Desuden arbejder vi prim\u00e6rt med sprogspecifikke jobs, og vi kan tilbyde jobs p\u00e5 over 7 forskellige sprog.<\/p><\/p>\t\t\t\t<\/div>\n\t\t\t\t<\/div>\n\t\t\t\t\t<\/div>\n\t\t<\/div>\n\t\t\t\t\t<\/div>\n\t\t<\/section>\n\t\t\t\t\t<\/div>\n\t\t<\/div>\n\t\t\t\t\t<\/div>\n\t\t<\/section>\n\t\t\t\t<\/div>\n\t\t","protected":false},"excerpt":{"rendered":"<p>Kontakt os i dag Hvis du har sp\u00f8rgsm\u00e5l, s\u00e5 t\u00f8v ikke med at kontakte os. Mobil: +45 28 97 83&#8230;<\/p>\n","protected":false},"author":56,"featured_media":0,"parent":0,"menu_order":0,"comment_status":"closed","ping_status":"closed","template":"","meta":{"footnotes":""},"class_list":["post-27305","page","type-page","status-publish","hentry","no-post-thumbnail","pt-10"],"_links":{"self":[{"href":"https:\/\/www.jobsqd.com\/da\/wp-json\/wp\/v2\/pages\/27305","targetHints":{"allow":["GET"]}}],"collection":[{"href":"https:\/\/www.jobsqd.com\/da\/wp-json\/wp\/v2\/pages"}],"about":[{"href":"https:\/\/www.jobsqd.com\/da\/wp-json\/wp\/v2\/types\/page"}],"author":[{"embeddable":true,"href":"https:\/\/www.jobsqd.com\/da\/wp-json\/wp\/v2\/users\/56"}],"replies":[{"embeddable":true,"href":"https:\/\/www.jobsqd.com\/da\/wp-json\/wp\/v2\/comments?post=27305"}],"version-history":[{"count":0,"href":"https:\/\/www.jobsqd.com\/da\/wp-json\/wp\/v2\/pages\/27305\/revisions"}],"wp:attachment":[{"href":"https:\/\/www.jobsqd.com\/da\/wp-json\/wp\/v2\/media?parent=27305"}],"curies":[{"name":"wp","href":"https:\/\/api.w.org\/{rel}","templated":true}]}}